{"id":277226,"date":"2024-07-18T12:14:59","date_gmt":"2024-07-18T10:14:59","guid":{"rendered":"https:\/\/shop24.lu\/fr\/product\/thalgo-huile-serum-nutri-confort\/"},"modified":"2024-07-18T12:15:00","modified_gmt":"2024-07-18T10:15:00","slug":"thalgo-huile-serum-nutri-confort","status":"publish","type":"product","link":"https:\/\/shop24.lu\/en\/product\/thalgo-huile-serum-nutri-confort\/","title":{"rendered":"Thalgo &#8211; huile-s\u00e9rum nutri-confort"},"content":{"rendered":"<p>lixir r\u00e9g\u00e9n\u00e9rant des peaux s\u00e8ches, cette huile-s\u00e9rum ultra concentr\u00e9e relipide intens\u00e9ment, r\u00e9g\u00e9n\u00e8re et restaure le confort des peaux les plus d\u00e9nutries.<\/p>\n<p>Le + produit : le packaging verre stilligoutte qui permet de choisir la juste dose.<\/p>","protected":false},"excerpt":{"rendered":"<p>lixir r\u00e9g\u00e9n\u00e9rant des peaux s\u00e8ches, cette huile-s\u00e9rum ultra concentr\u00e9e relipide intens\u00e9ment, r\u00e9g\u00e9n\u00e8re et restaure le confort des peaux les plus d\u00e9nutries. Le + produit : le packaging verre stilligoutte qui permet de choisir la juste dose.<\/p>","protected":false},"featured_media":277225,"comment_status":"closed","ping_status":"closed","template":"","meta":{"_seopress_robots_primary_cat":"","_seopress_titles_title":"","_seopress_titles_desc":"","_seopress_robots_index":""},"product_brand":[],"product_cat":[565],"product_tag":[31586,359,362],"class_list":{"0":"post-277226","1":"product","2":"type-product","3":"status-publish","4":"has-post-thumbnail","6":"product_cat-soins-du-visage-h","7":"product_tag-nourrissant","8":"product_tag-peaux-seches","9":"product_tag-serum","11":"first","12":"instock","13":"shipping-taxable","14":"purchasable","15":"product-type-simple"},"_links":{"self":[{"href":"https:\/\/shop24.lu\/en\/wp-json\/wp\/v2\/product\/277226","targetHints":{"allow":["GET"]}}],"collection":[{"href":"https:\/\/shop24.lu\/en\/wp-json\/wp\/v2\/product"}],"about":[{"href":"https:\/\/shop24.lu\/en\/wp-json\/wp\/v2\/types\/product"}],"replies":[{"embeddable":true,"href":"https:\/\/shop24.lu\/en\/wp-json\/wp\/v2\/comments?post=277226"}],"wp:featuredmedia":[{"embeddable":true,"href":"https:\/\/shop24.lu\/en\/wp-json\/wp\/v2\/media\/277225"}],"wp:attachment":[{"href":"https:\/\/shop24.lu\/en\/wp-json\/wp\/v2\/media?parent=277226"}],"wp:term":[{"taxonomy":"product_brand","embeddable":true,"href":"https:\/\/shop24.lu\/en\/wp-json\/wp\/v2\/product_brand?post=277226"},{"taxonomy":"product_cat","embeddable":true,"href":"https:\/\/shop24.lu\/en\/wp-json\/wp\/v2\/product_cat?post=277226"},{"taxonomy":"product_tag","embeddable":true,"href":"https:\/\/shop24.lu\/en\/wp-json\/wp\/v2\/product_tag?post=277226"}],"curies":[{"name":"wp","href":"https:\/\/api.w.org\/{rel}","templated":true}]}}