{"id":277231,"date":"2024-07-18T12:18:56","date_gmt":"2024-07-18T10:18:56","guid":{"rendered":"https:\/\/shop24.lu\/fr\/product\/thalgo-eco-recharge-creme-riche-nutri-confort\/"},"modified":"2024-07-18T12:18:56","modified_gmt":"2024-07-18T10:18:56","slug":"thalgo-eco-recharge-creme-riche-nutri-confort","status":"publish","type":"product","link":"https:\/\/shop24.lu\/en\/product\/thalgo-eco-recharge-creme-riche-nutri-confort\/","title":{"rendered":"Thalgo &#8211; Eco recharge cr\u00e8me riche nutri-confort"},"content":{"rendered":"<p>Baume cocoon, ce soin jour et nuit prot\u00e8ge et relipide pendant 24H*, pour redonner du confort et lisser les peaux tr\u00e8s s\u00e8ches.<\/p>\n<p>Le + produit : rechargeable \u00e0 l&rsquo;infini gr\u00e2ce \u00e0 son \u00e9co-echarge.<\/p>","protected":false},"excerpt":{"rendered":"<p>Baume cocoon, ce soin jour et nuit prot\u00e8ge et relipide pendant 24H*, pour redonner du confort et lisser les peaux tr\u00e8s s\u00e8ches. Le + produit : rechargeable \u00e0 l&rsquo;infini gr\u00e2ce \u00e0 son \u00e9co-echarge.<\/p>","protected":false},"featured_media":277229,"comment_status":"closed","ping_status":"closed","template":"","meta":{"_seopress_robots_primary_cat":"","_seopress_titles_title":"","_seopress_titles_desc":"","_seopress_robots_index":""},"product_brand":[],"product_cat":[29832],"product_tag":[31587,31586,359],"class_list":{"0":"post-277231","1":"product","2":"type-product","3":"status-publish","4":"has-post-thumbnail","6":"product_cat-cremes-de-jour-et-de-nuit","7":"product_tag-confort","8":"product_tag-nourrissant","9":"product_tag-peaux-seches","11":"first","12":"instock","13":"shipping-taxable","14":"purchasable","15":"product-type-simple"},"_links":{"self":[{"href":"https:\/\/shop24.lu\/en\/wp-json\/wp\/v2\/product\/277231","targetHints":{"allow":["GET"]}}],"collection":[{"href":"https:\/\/shop24.lu\/en\/wp-json\/wp\/v2\/product"}],"about":[{"href":"https:\/\/shop24.lu\/en\/wp-json\/wp\/v2\/types\/product"}],"replies":[{"embeddable":true,"href":"https:\/\/shop24.lu\/en\/wp-json\/wp\/v2\/comments?post=277231"}],"wp:featuredmedia":[{"embeddable":true,"href":"https:\/\/shop24.lu\/en\/wp-json\/wp\/v2\/media\/277229"}],"wp:attachment":[{"href":"https:\/\/shop24.lu\/en\/wp-json\/wp\/v2\/media?parent=277231"}],"wp:term":[{"taxonomy":"product_brand","embeddable":true,"href":"https:\/\/shop24.lu\/en\/wp-json\/wp\/v2\/product_brand?post=277231"},{"taxonomy":"product_cat","embeddable":true,"href":"https:\/\/shop24.lu\/en\/wp-json\/wp\/v2\/product_cat?post=277231"},{"taxonomy":"product_tag","embeddable":true,"href":"https:\/\/shop24.lu\/en\/wp-json\/wp\/v2\/product_tag?post=277231"}],"curies":[{"name":"wp","href":"https:\/\/api.w.org\/{rel}","templated":true}]}}