{"id":277233,"date":"2024-07-18T12:20:33","date_gmt":"2024-07-18T10:20:33","guid":{"rendered":"https:\/\/shop24.lu\/fr\/product\/thalgo-creme-nutri-confort\/"},"modified":"2024-07-18T12:20:33","modified_gmt":"2024-07-18T10:20:33","slug":"thalgo-creme-nutri-confort","status":"publish","type":"product","link":"https:\/\/shop24.lu\/en\/product\/thalgo-creme-nutri-confort\/","title":{"rendered":"Thalgo &#8211; cr\u00e8me nutri-confort"},"content":{"rendered":"<p>Cr\u00e8me onctueuse qui prot\u00e8ge et relipide pendant 24H*, pour redonner du confort et lisser les peaux s\u00e8ches.<\/p>\n<p>Le + produit : un pot rechargeable, en forme de galet.<\/p>","protected":false},"excerpt":{"rendered":"<p>Cr\u00e8me onctueuse qui prot\u00e8ge et relipide pendant 24H*, pour redonner du confort et lisser les peaux s\u00e8ches. Le + produit : un pot rechargeable, en forme de galet.<\/p>","protected":false},"featured_media":277232,"comment_status":"closed","ping_status":"closed","template":"","meta":{"_seopress_robots_primary_cat":"","_seopress_titles_title":"","_seopress_titles_desc":"","_seopress_robots_index":""},"product_brand":[],"product_cat":[29832],"product_tag":[31586,359],"class_list":{"0":"post-277233","1":"product","2":"type-product","3":"status-publish","4":"has-post-thumbnail","6":"product_cat-cremes-de-jour-et-de-nuit","7":"product_tag-nourrissant","8":"product_tag-peaux-seches","10":"first","11":"instock","12":"shipping-taxable","13":"purchasable","14":"product-type-simple"},"_links":{"self":[{"href":"https:\/\/shop24.lu\/en\/wp-json\/wp\/v2\/product\/277233","targetHints":{"allow":["GET"]}}],"collection":[{"href":"https:\/\/shop24.lu\/en\/wp-json\/wp\/v2\/product"}],"about":[{"href":"https:\/\/shop24.lu\/en\/wp-json\/wp\/v2\/types\/product"}],"replies":[{"embeddable":true,"href":"https:\/\/shop24.lu\/en\/wp-json\/wp\/v2\/comments?post=277233"}],"wp:featuredmedia":[{"embeddable":true,"href":"https:\/\/shop24.lu\/en\/wp-json\/wp\/v2\/media\/277232"}],"wp:attachment":[{"href":"https:\/\/shop24.lu\/en\/wp-json\/wp\/v2\/media?parent=277233"}],"wp:term":[{"taxonomy":"product_brand","embeddable":true,"href":"https:\/\/shop24.lu\/en\/wp-json\/wp\/v2\/product_brand?post=277233"},{"taxonomy":"product_cat","embeddable":true,"href":"https:\/\/shop24.lu\/en\/wp-json\/wp\/v2\/product_cat?post=277233"},{"taxonomy":"product_tag","embeddable":true,"href":"https:\/\/shop24.lu\/en\/wp-json\/wp\/v2\/product_tag?post=277233"}],"curies":[{"name":"wp","href":"https:\/\/api.w.org\/{rel}","templated":true}]}}