{"id":277649,"date":"2024-07-24T10:31:41","date_gmt":"2024-07-24T08:31:41","guid":{"rendered":"https:\/\/shop24.lu\/fr\/product\/thalgo-serum-intensif-lift-fermete\/"},"modified":"2024-07-24T10:31:42","modified_gmt":"2024-07-24T08:31:42","slug":"thalgo-serum-intensif-lift-fermete","status":"publish","type":"product","link":"https:\/\/shop24.lu\/en\/product\/thalgo-serum-intensif-lift-fermete\/","title":{"rendered":"Thalgo &#8211; S\u00e9rum intensif lift-fermet\u00e9"},"content":{"rendered":"<p>Cette \u00e9mulsion fine est ultra concentr\u00e9e* en silicium marin et en vitamine C pour un effet liftant visible rapidement. D\u00e8s 14 jours, la peau semble plus ferme, les rides r\u00e9duites et le teint plus frais.<\/p>\n<p>Le + produit : \u00c9mulsion lactescente et l\u00e9g\u00e8rement orang\u00e9e, qui fond sur la peau.<\/p>","protected":false},"excerpt":{"rendered":"<p>Cette \u00e9mulsion fine est ultra concentr\u00e9e* en silicium marin et en vitamine C pour un effet liftant visible rapidement. D\u00e8s 14 jours, la peau semble plus ferme, les rides r\u00e9duites et le teint plus frais. Le + produit : \u00c9mulsion lactescente et l\u00e9g\u00e8rement orang\u00e9e, qui fond sur la peau.<\/p>","protected":false},"featured_media":277648,"comment_status":"closed","ping_status":"closed","template":"","meta":{"_seopress_robots_primary_cat":"","_seopress_titles_title":"","_seopress_titles_desc":"","_seopress_robots_index":""},"product_brand":[],"product_cat":[565],"product_tag":[358,374,362],"class_list":{"0":"post-277649","1":"product","2":"type-product","3":"status-publish","4":"has-post-thumbnail","6":"product_cat-soins-du-visage-h","7":"product_tag-anti-aging","8":"product_tag-lifting","9":"product_tag-serum","11":"first","12":"instock","13":"shipping-taxable","14":"purchasable","15":"product-type-simple"},"_links":{"self":[{"href":"https:\/\/shop24.lu\/en\/wp-json\/wp\/v2\/product\/277649","targetHints":{"allow":["GET"]}}],"collection":[{"href":"https:\/\/shop24.lu\/en\/wp-json\/wp\/v2\/product"}],"about":[{"href":"https:\/\/shop24.lu\/en\/wp-json\/wp\/v2\/types\/product"}],"replies":[{"embeddable":true,"href":"https:\/\/shop24.lu\/en\/wp-json\/wp\/v2\/comments?post=277649"}],"wp:featuredmedia":[{"embeddable":true,"href":"https:\/\/shop24.lu\/en\/wp-json\/wp\/v2\/media\/277648"}],"wp:attachment":[{"href":"https:\/\/shop24.lu\/en\/wp-json\/wp\/v2\/media?parent=277649"}],"wp:term":[{"taxonomy":"product_brand","embeddable":true,"href":"https:\/\/shop24.lu\/en\/wp-json\/wp\/v2\/product_brand?post=277649"},{"taxonomy":"product_cat","embeddable":true,"href":"https:\/\/shop24.lu\/en\/wp-json\/wp\/v2\/product_cat?post=277649"},{"taxonomy":"product_tag","embeddable":true,"href":"https:\/\/shop24.lu\/en\/wp-json\/wp\/v2\/product_tag?post=277649"}],"curies":[{"name":"wp","href":"https:\/\/api.w.org\/{rel}","templated":true}]}}