{"id":277671,"date":"2024-07-24T10:56:27","date_gmt":"2024-07-24T08:56:27","guid":{"rendered":"https:\/\/shop24.lu\/fr\/product\/thalgo-creme-riche-redensifiante\/"},"modified":"2024-07-24T10:56:27","modified_gmt":"2024-07-24T08:56:27","slug":"thalgo-creme-riche-redensifiante","status":"publish","type":"product","link":"https:\/\/shop24.lu\/en\/product\/thalgo-creme-riche-redensifiante\/","title":{"rendered":"THALGO &#8211; Cr\u00e8me riche redensifiante"},"content":{"rendered":"<p>Cette cr\u00e8me \u00e0 la texture riche et onctueuse, suppl\u00e9ment\u00e9e d\u2019un \u00ab\u00a0c\u00e9ramide-like v\u00e9g\u00e9tal\u00a0\u00bb ultra nourrissant, concentre toute la puissance redensifiante-liftante du Complexe Substitutif Marin brevet\u00e9.<\/p>","protected":false},"excerpt":{"rendered":"<p>Cette cr\u00e8me \u00e0 la texture riche et onctueuse, suppl\u00e9ment\u00e9e d\u2019un \u00ab\u00a0c\u00e9ramide-like v\u00e9g\u00e9tal\u00a0\u00bb ultra nourrissant, concentre toute la puissance redensifiante-liftante du Complexe Substitutif Marin brevet\u00e9.<\/p>","protected":false},"featured_media":277670,"comment_status":"closed","ping_status":"closed","template":"","meta":{"_seopress_robots_primary_cat":"","_seopress_titles_title":"","_seopress_titles_desc":"","_seopress_robots_index":""},"product_brand":[],"product_cat":[565],"product_tag":[358,366,31592],"class_list":{"0":"post-277671","1":"product","2":"type-product","3":"status-publish","4":"has-post-thumbnail","6":"product_cat-soins-du-visage-h","7":"product_tag-anti-aging","8":"product_tag-creme-riche","9":"product_tag-redensifiant","11":"first","12":"instock","13":"shipping-taxable","14":"purchasable","15":"product-type-simple"},"_links":{"self":[{"href":"https:\/\/shop24.lu\/en\/wp-json\/wp\/v2\/product\/277671","targetHints":{"allow":["GET"]}}],"collection":[{"href":"https:\/\/shop24.lu\/en\/wp-json\/wp\/v2\/product"}],"about":[{"href":"https:\/\/shop24.lu\/en\/wp-json\/wp\/v2\/types\/product"}],"replies":[{"embeddable":true,"href":"https:\/\/shop24.lu\/en\/wp-json\/wp\/v2\/comments?post=277671"}],"wp:featuredmedia":[{"embeddable":true,"href":"https:\/\/shop24.lu\/en\/wp-json\/wp\/v2\/media\/277670"}],"wp:attachment":[{"href":"https:\/\/shop24.lu\/en\/wp-json\/wp\/v2\/media?parent=277671"}],"wp:term":[{"taxonomy":"product_brand","embeddable":true,"href":"https:\/\/shop24.lu\/en\/wp-json\/wp\/v2\/product_brand?post=277671"},{"taxonomy":"product_cat","embeddable":true,"href":"https:\/\/shop24.lu\/en\/wp-json\/wp\/v2\/product_cat?post=277671"},{"taxonomy":"product_tag","embeddable":true,"href":"https:\/\/shop24.lu\/en\/wp-json\/wp\/v2\/product_tag?post=277671"}],"curies":[{"name":"wp","href":"https:\/\/api.w.org\/{rel}","templated":true}]}}