{"id":2781,"date":"2020-09-18T11:49:22","date_gmt":"2020-09-18T09:49:22","guid":{"rendered":"https:\/\/shop24.lu\/?post_type=product&#038;p=2781"},"modified":"2021-01-19T11:40:00","modified_gmt":"2021-01-19T09:40:00","slug":"marisa-donato-unsterblich","status":"publish","type":"product","link":"https:\/\/shop24.lu\/en\/product\/marisa-donato-unsterblich\/","title":{"rendered":"Marisa Donato - Unsterblich"},"content":{"rendered":"<p><strong>Eine Stimme \u2013 ein Name \u2013 Marisa Donato<\/strong><br \/>\nDie sympathische Luxemburgerin steht bereits seit vielen Jahren auf der B\u00fchne und ver\u00f6ffentlicht jetzt endlich ihr erstes Studioalbum. Das Warten hat sich gelohnt \u2013 \u201eUnsterblich\u201c hei\u00dft ihr Erstlingswerk und ist ein Paradebeispiel f\u00fcr einen gelungenen Mix zwischen tanzbaren Songs und hochemotionalen Balladen.<br \/>\nOptimismus, Gef\u00fchle, Emotionen und moderne, tanzbare Sounds, die von Erfolgsproduzent Christian Geller perfekt auf jeden einzelnen Titel von \u201eUnsterblich\u201c ma\u00dfgeschneidert wurden. Gemeinsam ergeben sie ein gelungenes erstes Album von Marisa Donato, das die Herzen einiger Schlagerfans h\u00f6her schlagen lassen wird.<\/p>\n<p><iframe title=\"Marisa Donato - Unsterblich (Official Video)\" width=\"1020\" height=\"574\" src=\"https:\/\/www.youtube.com\/embed\/yto-DmbXe-U?feature=oembed\" frameborder=\"0\" allow=\"accelerometer; autoplay; clipboard-write; encrypted-media; gyroscope; picture-in-picture; web-share\" allowfullscreen><\/iframe><\/p>\n<p>Auf dem Longplayer pr\u00e4sentiert Marisa Donato wunderbare eigene Titel und scheut sich auch nicht davor, der gro\u00dfartigen Andrea J\u00fcrgens die musikalische Ehre zu erweisen. \u201eMama Loraine\u201c ist einer dieser Titel, dem Marisa Donato ihre ganz eigene, emotionale Note verleiht ohne dabei die Grundstruktur zu ver\u00e4ndern. Auch bei Andrea J\u00fcrgens Klassikern wie \u201ePlaya Blanca\u201c, \u201eJapanese Boy\u201c oder \u201eDabei liebe ich euch beide\u201c, nimmt man der Luxemburgerin jede einzelne Textzeile ab.<\/p>","protected":false},"excerpt":{"rendered":"<p>\u201eUnsterblich\u201c - Das Deb\u00fctalbum von Marisa Donato - CD Version<\/p>","protected":false},"featured_media":2782,"comment_status":"open","ping_status":"closed","template":"","meta":{"_seopress_robots_primary_cat":"","_seopress_titles_title":"","_seopress_titles_desc":"","_seopress_robots_index":""},"product_brand":[],"product_cat":[506,498],"product_tag":[495,493,494,496],"class_list":{"0":"post-2781","1":"product","2":"type-product","3":"status-publish","4":"has-post-thumbnail","6":"product_cat-art","7":"product_cat-music","8":"product_tag-cd","9":"product_tag-marisa-donato","10":"product_tag-musik","11":"product_tag-unsterblich","13":"first","14":"instock","15":"shipping-taxable","16":"purchasable","17":"product-type-simple"},"_links":{"self":[{"href":"https:\/\/shop24.lu\/en\/wp-json\/wp\/v2\/product\/2781","targetHints":{"allow":["GET"]}}],"collection":[{"href":"https:\/\/shop24.lu\/en\/wp-json\/wp\/v2\/product"}],"about":[{"href":"https:\/\/shop24.lu\/en\/wp-json\/wp\/v2\/types\/product"}],"replies":[{"embeddable":true,"href":"https:\/\/shop24.lu\/en\/wp-json\/wp\/v2\/comments?post=2781"}],"wp:featuredmedia":[{"embeddable":true,"href":"https:\/\/shop24.lu\/en\/wp-json\/wp\/v2\/media\/2782"}],"wp:attachment":[{"href":"https:\/\/shop24.lu\/en\/wp-json\/wp\/v2\/media?parent=2781"}],"wp:term":[{"taxonomy":"product_brand","embeddable":true,"href":"https:\/\/shop24.lu\/en\/wp-json\/wp\/v2\/product_brand?post=2781"},{"taxonomy":"product_cat","embeddable":true,"href":"https:\/\/shop24.lu\/en\/wp-json\/wp\/v2\/product_cat?post=2781"},{"taxonomy":"product_tag","embeddable":true,"href":"https:\/\/shop24.lu\/en\/wp-json\/wp\/v2\/product_tag?post=2781"}],"curies":[{"name":"wp","href":"https:\/\/api.w.org\/{rel}","templated":true}]}}