{"id":288268,"date":"2024-11-11T15:08:43","date_gmt":"2024-11-11T13:08:43","guid":{"rendered":"https:\/\/shop24.lu\/fr\/product\/musthave-cellumagic\/"},"modified":"2024-11-11T15:08:44","modified_gmt":"2024-11-11T13:08:44","slug":"musthave-cellumagic","status":"publish","type":"product","link":"https:\/\/shop24.lu\/en\/product\/musthave-cellumagic\/","title":{"rendered":"Musthave &#8211; Cellumagic"},"content":{"rendered":"<p>Envie d&rsquo;une remise en forme du corps ? Que ce soit la cellulite ou les amas graisseux, les vergetures ou les irr\u00e9gularit\u00e9s de la peau : CelluMagic est la perc\u00e9e dans le domaine du \u00ab\u00a0Shape n&rsquo; Define\u00a0\u00bb. La combinaison d&rsquo;ingr\u00e9dients de qualit\u00e9, exclusivement combin\u00e9s, fait dispara\u00eetre facilement les zones probl\u00e9matiques. Le r\u00e9sultat : des parties du corps lisses et d\u00e9finies, du double menton aux bras, en passant par le ventre, les jambes et les fesses.<\/p>\n<p>Ce cocktail puissant, issu du meilleur de la nature et de la science moderne, peut lisser la peau et r\u00e9duire les petits amas graisseux, rendant ainsi la silhouette visiblement plus mince. De plus, il peut affiner la texture de la peau et r\u00e9duire les taches pigmentaires.<\/p>\n<p>Une combinaison magique pour que vous vous sentiez bien dans votre peau et dans votre corps.<br \/>\nApr\u00e8s de longues recherches, nous avons finalement trouv\u00e9 la perc\u00e9e dans la combinaison d&rsquo;ingr\u00e9dients de qualit\u00e9 : elle peut simplement conduire \u00e0 la d\u00e9composition des cellules graisseuses, hydrater et affiner le relief de la surface cutan\u00e9e. Tout cela peut bien s\u00fbr entra\u00eener une r\u00e9duction visible de la cellulite, une d\u00e9finition des parties du corps ainsi que le lissage et l&rsquo;apaisement de la peau.<\/p>\n<p>Les ingr\u00e9dients sont essentiels.<br \/>\nLorsqu&rsquo;il s&rsquo;agit d&rsquo;ingr\u00e9dients actifs, nous veillons toujours \u00e0 utiliser des substances de haute qualit\u00e9 pour obtenir le meilleur effet avec un effet imm\u00e9diat et \u00e0 long terme. Les ingr\u00e9dients naturels et la science moderne font la diff\u00e9rence pour vous lorsqu&rsquo;ils sont combin\u00e9s.<\/p>\n<p>La carnitine transporte les acides gras \u00e0 travers la membrane mitochondriale et assure que les acides gras subissent leur d\u00e9composition oxydative. Ainsi, la carnitine est une mol\u00e9cule cl\u00e9 dans le processus complexe de la d\u00e9gradation des graisses.<\/p>\n<p>Le N-ac\u00e9tylglucosamine peut r\u00e9duire l&rsquo;adh\u00e9rence entre les cellules mortes de la peau et ainsi favoriser l&rsquo;exfoliation et affiner la texture de la peau.<\/p>\n<p>Le panth\u00e9nol participe aux processus m\u00e9taboliques r\u00e9g\u00e9n\u00e9ratifs de la peau et renforce de mani\u00e8re prouv\u00e9e la fonction barri\u00e8re de la peau, augmente la capacit\u00e9 de la couche corn\u00e9e \u00e0 retenir l&rsquo;eau et am\u00e9liore son \u00e9lasticit\u00e9.<\/p>\n<p>La caf\u00e9ine peut activer la triglyc\u00e9rid\u00e9lipase par le biais d&rsquo;une s\u00e9rie de r\u00e9actions et maintenir ainsi la d\u00e9gradation des graisses.<\/p>\n<p>Le marron d&rsquo;Inde contient de l&rsquo;escine. Cet extrait est traditionnellement utilis\u00e9 pour renforcer les veines et lutter contre les varices. Ce principe actif peut renforcer les vaisseaux sanguins, influencer positivement la circulation sanguine et avoir un effet anti-\u0153d\u00e9mateux et veinotonique.<br \/>\nDe plus, les stases veineuses peuvent \u00eatre att\u00e9nu\u00e9es et les accumulations excessives d&rsquo;eau dans les tissus peuvent \u00eatre r\u00e9sorb\u00e9es.<\/p>\n<p>Le lierre contient des saponines, des polyph\u00e9nols et de nombreux autres principes actifs hautement efficaces. Ainsi, cette plante m\u00e9dicinale peut avoir des effets antibact\u00e9riens, matifiants, d\u00e9congestionnants, vasoconstricteurs et hypotenseurs.<br \/>\nEn outre, les principes actifs du lierre peuvent avoir des effets tonifiants et revitalisants, affiner la surface du tissu, renforcer la surface du tissu et aider \u00e0 \u00e9claircir les taches pigmentaires.<\/p>\n<p>La cyanobact\u00e9rie Spirulina Maxima contient de nombreuses vitamines, oligo-\u00e9l\u00e9ments et min\u00e9raux, ainsi que des acides amin\u00e9s et de la phycocyanine. Cet puissant antioxydant peut combattre les radicaux libres et inhiber les mol\u00e9cules inflammatoires, ce qui lui conf\u00e8re des effets antioxydants et anti-inflammatoires remarquables.<\/p>\n<p>La Centella Asiatica ou herbe du tigre contient de l&rsquo;asiaticoside, du mad\u00e9cassoside et d&rsquo;autres triterp\u00e8nesaponines qui peuvent contribuer \u00e0 renforcer la peau. De plus, l&rsquo;extrait peut renforcer les fibres \u00e9lastiques de la peau et, par son action stimulante, obtenir un effet raffermissant et am\u00e9liorer les contours et la matrice faciale. Comme la Centella Asiatica poss\u00e8de \u00e9galement des principes actifs aux propri\u00e9t\u00e9s antioxydantes, anti-inflammatoires et r\u00e9g\u00e9n\u00e9ratrices, la cicatrisation des plaies est l&rsquo;un des effets les mieux document\u00e9s de cette plante.<\/p>\n<p>La vitamine E, qui agit comme antioxydant et prot\u00e8ge les cellules, peut emp\u00eacher l&rsquo;oxydation des lipides membranaires de la peau et des lipides \u00e9mulsionn\u00e9s utilis\u00e9s, retenir l&rsquo;humidit\u00e9 dans la couche corn\u00e9e, favoriser la r\u00e9g\u00e9n\u00e9ration cellulaire et anti-inflammatoire pour favoriser la gu\u00e9rison des plaies et r\u00e9duire les dommages cutan\u00e9s caus\u00e9s par les rayons UV. Cela peut am\u00e9liorer durablement le relief de la surface cutan\u00e9e et augmenter la capacit\u00e9 de r\u00e9tention d&rsquo;eau de la couche corn\u00e9e.<\/p>\n<p>Tout cela fait de CelluMagic un incontournable unique aux effets multiples.<\/p>\n<p>Dites adieu \u00e0 votre cellulite et aux amas graisseux g\u00eanants et profitez d&rsquo;une silhouette mince et d\u00e9finie avec une peau lisse et uniforme &#8211; faites confiance \u00e0 CelluMagic. Made to WOW!<\/p>","protected":false},"excerpt":{"rendered":"<p>CelluMagic<br \/>\nCosm\u00e9tiques<\/p>\n<p>Num\u00e9ro d&rsquo;article: CM<\/p>\n<p>139,90 \u20ac<br \/>\nTVA incluse, frais de port en sus<br \/>\n200 ml (699,48 \u20ac\/je)<\/p>\n<p>1<br \/>\nAchetez-moi !<br \/>\nCelluMagic<br \/>\nCelluMagic &#8211; l&rsquo;incontournable pour des parties du corps lisses et d\u00e9finies.<\/p>","protected":false},"featured_media":288267,"comment_status":"closed","ping_status":"closed","template":"","meta":{"_seopress_robots_primary_cat":"","_seopress_titles_title":"","_seopress_titles_desc":"","_seopress_robots_index":""},"product_brand":[],"product_cat":[575],"product_tag":[578],"class_list":{"0":"post-288268","1":"product","2":"type-product","3":"status-publish","4":"has-post-thumbnail","6":"product_cat-traitement-du-corps","7":"product_tag-cellulite","9":"first","10":"instock","11":"shipping-taxable","12":"purchasable","13":"product-type-simple"},"_links":{"self":[{"href":"https:\/\/shop24.lu\/en\/wp-json\/wp\/v2\/product\/288268","targetHints":{"allow":["GET"]}}],"collection":[{"href":"https:\/\/shop24.lu\/en\/wp-json\/wp\/v2\/product"}],"about":[{"href":"https:\/\/shop24.lu\/en\/wp-json\/wp\/v2\/types\/product"}],"replies":[{"embeddable":true,"href":"https:\/\/shop24.lu\/en\/wp-json\/wp\/v2\/comments?post=288268"}],"wp:featuredmedia":[{"embeddable":true,"href":"https:\/\/shop24.lu\/en\/wp-json\/wp\/v2\/media\/288267"}],"wp:attachment":[{"href":"https:\/\/shop24.lu\/en\/wp-json\/wp\/v2\/media?parent=288268"}],"wp:term":[{"taxonomy":"product_brand","embeddable":true,"href":"https:\/\/shop24.lu\/en\/wp-json\/wp\/v2\/product_brand?post=288268"},{"taxonomy":"product_cat","embeddable":true,"href":"https:\/\/shop24.lu\/en\/wp-json\/wp\/v2\/product_cat?post=288268"},{"taxonomy":"product_tag","embeddable":true,"href":"https:\/\/shop24.lu\/en\/wp-json\/wp\/v2\/product_tag?post=288268"}],"curies":[{"name":"wp","href":"https:\/\/api.w.org\/{rel}","templated":true}]}}