{"id":39862,"date":"2021-09-24T19:22:27","date_gmt":"2021-09-24T17:22:27","guid":{"rendered":"https:\/\/shop24.lu\/?post_type=product&#038;p=39862"},"modified":"2024-07-24T10:26:17","modified_gmt":"2024-07-24T08:26:17","slug":"thalgo-creme-hyalu-procollagen","status":"publish","type":"product","link":"https:\/\/shop24.lu\/en\/product\/thalgo-creme-hyalu-procollagen\/","title":{"rendered":"Thalgo &#8211; Gel-Cr\u00e8me hyalu-procollagen"},"content":{"rendered":"<p>Ce gel-cr\u00e8me hydratant, \u00e0 effet mat, est concentr\u00e9 en acides hyaluroniques et en pro-collag\u00e8ne marin. Instantan\u00e9ment, la peau est fra\u00eeche, para\u00eet plus lisse et reste mate jusqu\u2019au soir. Jour apr\u00e8s jour, les rides semblent progressivement combl\u00e9es.<\/p>","protected":false},"excerpt":{"rendered":"<p>Ce gel-cr\u00e8me hydratant, \u00e0 effet mat, est concentr\u00e9 en acides hyaluroniques et en pro-collag\u00e8ne marin. Instantan\u00e9ment, la peau est fra\u00eeche, para\u00eet plus lisse et reste mate jusqu\u2019au soir. Jour apr\u00e8s jour, les rides semblent progressivement combl\u00e9es.<\/p>","protected":false},"featured_media":39863,"comment_status":"closed","ping_status":"closed","template":"","meta":{"_seopress_robots_primary_cat":"","_seopress_titles_title":"","_seopress_titles_desc":"","_seopress_robots_index":""},"product_brand":[],"product_cat":[60,29832,339],"product_tag":[30273,363,30275,328],"class_list":{"0":"post-39862","1":"product","2":"type-product","3":"status-publish","4":"has-post-thumbnail","6":"product_cat-beaute","7":"product_cat-cremes-de-jour-et-de-nuit","8":"product_cat-soins-du-visage","9":"product_tag-anti","10":"product_tag-masque","11":"product_tag-rides","12":"product_tag-thalgo","14":"first","15":"instock","16":"shipping-taxable","17":"purchasable","18":"product-type-simple"},"_links":{"self":[{"href":"https:\/\/shop24.lu\/en\/wp-json\/wp\/v2\/product\/39862","targetHints":{"allow":["GET"]}}],"collection":[{"href":"https:\/\/shop24.lu\/en\/wp-json\/wp\/v2\/product"}],"about":[{"href":"https:\/\/shop24.lu\/en\/wp-json\/wp\/v2\/types\/product"}],"replies":[{"embeddable":true,"href":"https:\/\/shop24.lu\/en\/wp-json\/wp\/v2\/comments?post=39862"}],"wp:featuredmedia":[{"embeddable":true,"href":"https:\/\/shop24.lu\/en\/wp-json\/wp\/v2\/media\/39863"}],"wp:attachment":[{"href":"https:\/\/shop24.lu\/en\/wp-json\/wp\/v2\/media?parent=39862"}],"wp:term":[{"taxonomy":"product_brand","embeddable":true,"href":"https:\/\/shop24.lu\/en\/wp-json\/wp\/v2\/product_brand?post=39862"},{"taxonomy":"product_cat","embeddable":true,"href":"https:\/\/shop24.lu\/en\/wp-json\/wp\/v2\/product_cat?post=39862"},{"taxonomy":"product_tag","embeddable":true,"href":"https:\/\/shop24.lu\/en\/wp-json\/wp\/v2\/product_tag?post=39862"}],"curies":[{"name":"wp","href":"https:\/\/api.w.org\/{rel}","templated":true}]}}