{"id":4568,"date":"2020-10-07T23:53:10","date_gmt":"2020-10-07T21:53:10","guid":{"rendered":"https:\/\/shop24.lu\/product\/biotabs-silicium-flash-2500ml\/"},"modified":"2020-10-07T23:53:10","modified_gmt":"2020-10-07T21:53:10","slug":"biotabs-silicium-flash-2500ml","status":"publish","type":"product","link":"https:\/\/shop24.lu\/en\/product\/biotabs-silicium-flash-2500ml\/","title":{"rendered":"Biotabs Silicium Flash 2500ml"},"content":{"rendered":"","protected":false},"excerpt":{"rendered":"<p>Ersetzt fl\u00fcssige N\u00e4hrstoffe f\u00fcr Wachstum und Bl\u00fcte Enth\u00e4lt: Silizium, Stickstoff, Phosphor und Kalium.<\/p>","protected":false},"featured_media":4569,"comment_status":"open","ping_status":"closed","template":"","meta":{"_seopress_robots_primary_cat":"","_seopress_titles_title":"","_seopress_titles_desc":"","_seopress_robots_index":""},"product_brand":[],"product_cat":[1095],"product_tag":[],"class_list":{"0":"post-4568","1":"product","2":"type-product","3":"status-publish","4":"has-post-thumbnail","6":"product_cat-plantes","8":"first","9":"instock","10":"shipping-taxable","11":"purchasable","12":"product-type-simple"},"_links":{"self":[{"href":"https:\/\/shop24.lu\/en\/wp-json\/wp\/v2\/product\/4568","targetHints":{"allow":["GET"]}}],"collection":[{"href":"https:\/\/shop24.lu\/en\/wp-json\/wp\/v2\/product"}],"about":[{"href":"https:\/\/shop24.lu\/en\/wp-json\/wp\/v2\/types\/product"}],"replies":[{"embeddable":true,"href":"https:\/\/shop24.lu\/en\/wp-json\/wp\/v2\/comments?post=4568"}],"wp:featuredmedia":[{"embeddable":true,"href":"https:\/\/shop24.lu\/en\/wp-json\/wp\/v2\/media\/4569"}],"wp:attachment":[{"href":"https:\/\/shop24.lu\/en\/wp-json\/wp\/v2\/media?parent=4568"}],"wp:term":[{"taxonomy":"product_brand","embeddable":true,"href":"https:\/\/shop24.lu\/en\/wp-json\/wp\/v2\/product_brand?post=4568"},{"taxonomy":"product_cat","embeddable":true,"href":"https:\/\/shop24.lu\/en\/wp-json\/wp\/v2\/product_cat?post=4568"},{"taxonomy":"product_tag","embeddable":true,"href":"https:\/\/shop24.lu\/en\/wp-json\/wp\/v2\/product_tag?post=4568"}],"curies":[{"name":"wp","href":"https:\/\/api.w.org\/{rel}","templated":true}]}}