{"id":51369,"date":"2022-04-10T19:13:46","date_gmt":"2022-04-10T17:13:46","guid":{"rendered":"https:\/\/shop24.lu\/?post_type=product&#038;p=51369"},"modified":"2022-04-10T19:14:06","modified_gmt":"2022-04-10T17:14:06","slug":"cherry-mouse-unimouse-dark-grey-wireless-ergonomic-mouse-adjustable-ergo-mouse","status":"publish","type":"product","link":"https:\/\/shop24.lu\/en\/product\/cherry-mouse-unimouse-dark-grey-wireless-ergonomic-mouse-adjustable-ergo-mouse\/","title":{"rendered":"Cherry Mouse UNIMOUSE dark gray Wireless Ergonomic Mouse, ERGO ADJUSTABLE Mouse"},"content":{"rendered":"<table id=\"ctl00_ctl00_ctl00_SiteContent_SiteContent_SiteContent_articleFeatureDisplayDetails_gridViewProductAttributes\" class=\"table table-condensed\" border=\"0\" cellspacing=\"0\">\n<tbody>\n<tr>\n<td><strong>Technical details<\/strong><\/td>\n<\/tr>\n<tr>\n<td class=\"col-xs-3\">Maker<\/td>\n<td>Cherry<\/td>\n<\/tr>\n<tr>\n<td class=\"col-xs-3\"><\/td>\n<td><strong>Weight and dimensions<\/strong><\/td>\n<\/tr>\n<tr>\n<td class=\"col-xs-3\">Height<\/td>\n<td>24mm<\/td>\n<\/tr>\n<tr>\n<td class=\"col-xs-3\">Width<\/td>\n<td>410mm<\/td>\n<\/tr>\n<tr>\n<td class=\"col-xs-3\">Depth<\/td>\n<td>82mm<\/td>\n<\/tr>\n<tr>\n<td class=\"col-xs-3\">Receiver depth<\/td>\n<td>14.7mm<\/td>\n<\/tr>\n<tr>\n<td class=\"col-xs-3\">receiver height<\/td>\n<td>6.6mm<\/td>\n<\/tr>\n<tr>\n<td class=\"col-xs-3\">Receiver Width<\/td>\n<td>19.5mm<\/td>\n<\/tr>\n<tr>\n<td class=\"col-xs-3\">Receiver weight<\/td>\n<td>2g<\/td>\n<\/tr>\n<tr>\n<td class=\"col-xs-3\">Weight<\/td>\n<td>710g<\/td>\n<\/tr>\n<tr>\n<td class=\"col-xs-3\"><\/td>\n<td><strong>Design<\/strong><\/td>\n<\/tr>\n<tr>\n<td class=\"col-xs-3\">Product color<\/td>\n<td>Money<\/td>\n<\/tr>\n<tr>\n<td class=\"col-xs-3\">Smart and ergonomic design<\/td>\n<td>Yes<\/td>\n<\/tr>\n<tr>\n<td class=\"col-xs-3\">Form factor<\/td>\n<td>Ambidextrous<\/td>\n<\/tr>\n<tr>\n<td class=\"col-xs-3\"><\/td>\n<td><strong>Mouse<\/strong><\/td>\n<\/tr>\n<tr>\n<td class=\"col-xs-3\">Type of keys<\/td>\n<td>Buttons pushed<\/td>\n<\/tr>\n<tr>\n<td class=\"col-xs-3\">Number of buttons<\/td>\n<td>8<\/td>\n<\/tr>\n<tr>\n<td class=\"col-xs-3\">Motion detection technology<\/td>\n<td>Optical<\/td>\n<\/tr>\n<tr>\n<td class=\"col-xs-3\">motion resolution<\/td>\n<td>2800DPI<\/td>\n<\/tr>\n<tr>\n<td class=\"col-xs-3\">Adjustable motion resolution<\/td>\n<td>Yes<\/td>\n<\/tr>\n<tr>\n<td class=\"col-xs-3\">Certification<\/td>\n<td>CE\\nWHQL Win 10 64-bit\\nUSB IF<\/td>\n<\/tr>\n<tr>\n<td class=\"col-xs-3\">Goal<\/td>\n<td>Office<\/td>\n<\/tr>\n<tr>\n<td class=\"col-xs-3\">Number of programmable keys<\/td>\n<td>5<\/td>\n<\/tr>\n<tr>\n<td class=\"col-xs-3\">Support for multiple devices<\/td>\n<td>Yes<\/td>\n<\/tr>\n<tr>\n<td class=\"col-xs-3\">Programmable mouse buttons<\/td>\n<td>Yes<\/td>\n<\/tr>\n<tr>\n<td class=\"col-xs-3\">Device interface<\/td>\n<td>USB type A<\/td>\n<\/tr>\n<tr>\n<td class=\"col-xs-3\">Number of scroll rollers<\/td>\n<td>1<\/td>\n<\/tr>\n<tr>\n<td class=\"col-xs-3\">Scroll Type<\/td>\n<td>Wheel<\/td>\n<\/tr>\n<tr>\n<td class=\"col-xs-3\"><\/td>\n<td><strong>Powerful<\/strong><\/td>\n<\/tr>\n<tr>\n<td class=\"col-xs-3\">Energy source<\/td>\n<td>Cable<\/td>\n<\/tr>\n<tr>\n<td class=\"col-xs-3\">Refillable<\/td>\n<td>Yes<\/td>\n<\/tr>\n<tr>\n<td class=\"col-xs-3\"><\/td>\n<td><strong>Working conditions<\/strong><\/td>\n<\/tr>\n<tr>\n<td class=\"col-xs-3\">Operating temperature<\/td>\n<td>0 - 40 \u00b0 C<\/td>\n<\/tr>\n<tr>\n<td class=\"col-xs-3\">Storage temperature range<\/td>\n<td>-15 \u2013 60\u00b0C<\/td>\n<\/tr>\n<tr>\n<td class=\"col-xs-3\"><\/td>\n<td><strong>Input device<\/strong><\/td>\n<\/tr>\n<tr>\n<td class=\"col-xs-3\">Type of keys<\/td>\n<td>Buttons pushed<\/td>\n<\/tr>\n<tr>\n<td class=\"col-xs-3\">Number of buttons<\/td>\n<td>3<\/td>\n<\/tr>\n<tr>\n<td class=\"col-xs-3\">Motion detection technology<\/td>\n<td>Optical<\/td>\n<\/tr>\n<tr>\n<td class=\"col-xs-3\">motion resolution<\/td>\n<td>1375DPI<\/td>\n<\/tr>\n<tr>\n<td class=\"col-xs-3\">Goal<\/td>\n<td>Office<\/td>\n<\/tr>\n<tr>\n<td class=\"col-xs-3\">Recommended use<\/td>\n<td>Pc<\/td>\n<\/tr>\n<tr>\n<td class=\"col-xs-3\">Device interface<\/td>\n<td>USB<\/td>\n<\/tr>\n<tr>\n<td class=\"col-xs-3\">Number of scroll rollers<\/td>\n<td>1<\/td>\n<\/tr>\n<tr>\n<td class=\"col-xs-3\">Scroll directions<\/td>\n<td>Horizontal<\/td>\n<\/tr>\n<tr>\n<td class=\"col-xs-3\">integrated keyboard<\/td>\n<td>Yes<\/td>\n<\/tr>\n<tr>\n<td class=\"col-xs-3\">Scroll Type<\/td>\n<td>Wheel<\/td>\n<\/tr>\n<tr>\n<td class=\"col-xs-3\"><\/td>\n<td><strong>Packing data<\/strong><\/td>\n<\/tr>\n<tr>\n<td class=\"col-xs-3\">Mouse pad included<\/td>\n<td>No<\/td>\n<\/tr>\n<tr>\n<td class=\"col-xs-3\">Packing depth<\/td>\n<td>140mm<\/td>\n<\/tr>\n<tr>\n<td class=\"col-xs-3\">Package height<\/td>\n<td>45mm<\/td>\n<\/tr>\n<tr>\n<td class=\"col-xs-3\">Packaging width<\/td>\n<td>445mm<\/td>\n<\/tr>\n<tr>\n<td class=\"col-xs-3\">Type of packaging<\/td>\n<td>Box<\/td>\n<\/tr>\n<tr>\n<td class=\"col-xs-3\">package weight<\/td>\n<td>1080g<\/td>\n<\/tr>\n<tr>\n<td class=\"col-xs-3\">Receiver Type<\/td>\n<td>Microphone receiver<\/td>\n<\/tr>\n<tr>\n<td class=\"col-xs-3\">Receiver included<\/td>\n<td>Yes<\/td>\n<\/tr>\n<tr>\n<td class=\"col-xs-3\"><\/td>\n<td><strong>System requirement<\/strong><\/td>\n<\/tr>\n<tr>\n<td class=\"col-xs-3\">Support Windows operating systems<\/td>\n<td>Windows 10<\/td>\n<\/tr>\n<tr>\n<td class=\"col-xs-3\">Support Mac operating systems<\/td>\n<td>macOS<\/td>\n<\/tr>\n<\/tbody>\n<\/table>","protected":false},"excerpt":{"rendered":"<p>D\u00e9tails techniques Fabricant Cherry Poids et dimensions Hauteur 24 mm Largeur 410 mm Profondeur 82 mm Profondeur du r\u00e9cepteur 14.7 mm Hauteur du r\u00e9cepteur 6.6 mm Largeur du r\u00e9cepteur 19.5 mm Poids du r\u00e9cepteur 2 g Poids 710 g Design Couleur du produit Argent Design intelligent et ergonomique Oui Facteur de forme Ambidextre Souris Type [&#8230;]\n","protected":false},"featured_media":51371,"comment_status":"closed","ping_status":"closed","template":"","meta":{"_seopress_robots_primary_cat":"none","_seopress_titles_title":"","_seopress_titles_desc":"","_seopress_robots_index":""},"product_brand":[],"product_cat":[1506,1510],"product_tag":[31031,31029,1633,30793,31028,31030],"class_list":{"0":"post-51369","1":"product","2":"type-product","3":"status-publish","4":"has-post-thumbnail","6":"product_cat-accessoires-informatiques","7":"product_cat-informatique","8":"product_tag-ergonomique","9":"product_tag-mouse","10":"product_tag-souris","11":"product_tag-terra","12":"product_tag-unimouse","13":"product_tag-wireless","15":"first","16":"instock","17":"shipping-taxable","18":"purchasable","19":"product-type-simple"},"_links":{"self":[{"href":"https:\/\/shop24.lu\/en\/wp-json\/wp\/v2\/product\/51369","targetHints":{"allow":["GET"]}}],"collection":[{"href":"https:\/\/shop24.lu\/en\/wp-json\/wp\/v2\/product"}],"about":[{"href":"https:\/\/shop24.lu\/en\/wp-json\/wp\/v2\/types\/product"}],"replies":[{"embeddable":true,"href":"https:\/\/shop24.lu\/en\/wp-json\/wp\/v2\/comments?post=51369"}],"wp:featuredmedia":[{"embeddable":true,"href":"https:\/\/shop24.lu\/en\/wp-json\/wp\/v2\/media\/51371"}],"wp:attachment":[{"href":"https:\/\/shop24.lu\/en\/wp-json\/wp\/v2\/media?parent=51369"}],"wp:term":[{"taxonomy":"product_brand","embeddable":true,"href":"https:\/\/shop24.lu\/en\/wp-json\/wp\/v2\/product_brand?post=51369"},{"taxonomy":"product_cat","embeddable":true,"href":"https:\/\/shop24.lu\/en\/wp-json\/wp\/v2\/product_cat?post=51369"},{"taxonomy":"product_tag","embeddable":true,"href":"https:\/\/shop24.lu\/en\/wp-json\/wp\/v2\/product_tag?post=51369"}],"curies":[{"name":"wp","href":"https:\/\/api.w.org\/{rel}","templated":true}]}}