{"id":1066,"date":"2020-11-05T23:39:40","date_gmt":"2020-11-05T21:39:40","guid":{"rendered":"http:\/\/demowpthemes.com\/buy2amazon\/?page_id=1066"},"modified":"2023-05-08T17:57:37","modified_gmt":"2023-05-08T15:57:37","slug":"politique-confidentialite","status":"publish","type":"page","link":"https:\/\/shop24.lu\/fr\/politique-confidentialite\/","title":{"rendered":"Politique de confidentialit\u00e9"},"content":{"rendered":"<h2>Politique de confidentialit\u00e9<\/h2>\n<p>La pr\u00e9sente politique de confidentialit\u00e9 vous informe sur les donn\u00e9es que nous recueillons, utilisons, conservons et d\u00e9voilons. Ces informations sont recueillies lorsque vous utilisez notre site internet. En recueillant ces informations, nous agissons en tant que Responsable de Traitement et, par le r\u00e8glement (UE) 2016\/679 du Parlement et du Conseil du 27 avril 2016 sur la protection des personnes en ce qui concerne le traitement des donn\u00e9es personnelles et sur la libre circulation de ces donn\u00e9es (le \u00ab RGPD \u00bb), nous sommes tenus de vous fournir des informations sur notre soci\u00e9t\u00e9, sur pourquoi et comment nous utilisons vos donn\u00e9es, et sur les droits que vous avez concernant vos donn\u00e9es personnelles.<\/p>\n<h4>1. Contact:<\/h4>\n<p>Nous sommes Shop24 \u2013 Online Shopping in Luxembourg. Vous pouvez nous contacter par mail, \u00e0 notre adresse postale et par t\u00e9l\u00e9phone. Nous ne sommes pas tenus d&rsquo;avoir un repr\u00e9sentant \u00e0 la protection des donn\u00e9es, de sorte que toutes les demandes de renseignements concernant notre utilisation de vos donn\u00e9es personnelles doivent \u00eatre adress\u00e9es aux coordonn\u00e9es ci-dessus.<\/p>\n<p><strong>Shop24 \u2013 Online Shopping in Luxembourg<\/strong><br \/>Tel: +352 2040 3959<br \/>Email: <a href=\"mailto:info@shop24.lu\" target=\"_blank\" rel=\"noopener noreferrer\">info@shop24.lu<\/a><br \/>B.P. 3064<br \/>L-1030 Luxembourg<\/p>\n<h4>2. Collecte de donn\u00e9es personnelles<\/h4>\n<p>Pour la simple navigation sur notre plateforme Shop24, la collecte de donn\u00e9es personnelles n&rsquo;est pas n\u00e9cessaire. Celle-ci n\u2019est requise qu\u2019en cas de connexion \u00e0 l\u2019achat de produit ou service en ligne par les acheteurs ou la mise en vente de produits par les vendeurs.<\/p>\n<h4>3. Collecte et transfert des donn\u00e9es<\/h4>\n<p>Nous collectons et traitons toutes les donn\u00e9es que vous entrez lors de la cr\u00e9ation d\u2019un compte utilisateur (acheteur ou vendeur). En plus de ces donn\u00e9es votre adresse IP et lors d\u2019achats, les historiques de commandes, livraisons etc. sont collect\u00e9es.<br \/>Toutes ces informations sont stock\u00e9es dans nos bases de donn\u00e9es sur nos serveurs localis\u00e9es en Europe et ne sont pas partag\u00e9es avec des tierces parties sauf consentement de l\u2019utilisateur. Vos informations ne sont ni envoy\u00e9es en dehors de l\u2019Europe, ni utilis\u00e9es pour prendre des d\u00e9cisions automatis\u00e9es qui pourraient vous affecter.<br \/>Tout Utilisateur accepte que ses donn\u00e9es personnelles puissent \u00eatre transmises aux vendeurs dans le cadre de la fourniture des services, de produits ou \u00e0 d\u2019autres sous-contractants assistant Shop24 dans la fourniture des services, notamment pour les paiements et les livraisons. Ces sous-contractants s\u2019engagent \u00e0 traiter ces informations uniquement selon les instructions de Shop24 et \u00e0 se conformer aux lois applicables concernant la protection des donn\u00e9es \u00e0 caract\u00e8re personnel.<br \/>Pour le paiement des achats, des informations relatives \u00e0 vos cartes bancaires seront demand\u00e9es par nos partenaires. Ces donn\u00e9es ne sont pas stock\u00e9es chez nous, mais chez nos prestataires de services de paiement. Shop24 ne stocke qu&rsquo;un jeton d&rsquo;authenticit\u00e9 comme r\u00e9f\u00e9rence nous permettant d\u2019indiquer si un paiement a r\u00e9ussi ou \u00e9chou\u00e9.<\/p>\n<h4>4. Politique en mati\u00e8re de Cookies pr\u00e9sents sur le site internet<\/h4>\n<p>Nous n\u2019utilisons que des Cookies strictement n\u00e9cessaires au bon fonctionnement de notre site internet. L\u2019utilisation de cookies permet par exemple \u00e0 l\u2019utilisateur de conserver les marchandises s\u00e9lectionn\u00e9es dans son panier et de poursuivre ses achats.<br \/>Pour plus d\u2019informations sur l\u2019utilisation des cookies, veuillez consulter notre politique d\u2019utilisation des cookies disponible sur le site.<\/p>\n<h4>5. Vos droits en tant que personne concern\u00e9e<\/h4>\n<p>Sans pr\u00e9judice des limitations pr\u00e9vues par le GDPR, vous disposez d&rsquo;un certain nombre de droits en vertu de la Loi sur la protection des donn\u00e9es :<br \/>Droit d\u2019acc\u00e8s, droit de rectification, droit \u00e0 l\u2019effacement, droit \u00e0 la limitation de traitement,<br \/>droit d\u2019opposition, droit \u00e0 la portabilit\u00e9 et droit au refus du traitement automatis\u00e9<br \/>Pour exercer ces droits veuillez envoyer un courrier \u00e9lectronique \u00e0 <a href=\"mailto:info@shop24.lu\" target=\"_blank\" rel=\"noopener noreferrer\">info@shop24.lu<\/a>.<br \/>Ces droits ne peuvent \u00eatre exerc\u00e9s que dans les limites de toute obligation contractuelle ou l\u00e9gale.<\/p>\n<h4>6. Votre droit de porter plainte<\/h4>\n<p>Chaque utilisateur a le droit de d\u00e9poser une plainte. Pour ce faire, vous pouvez nous contacter: <a href=\"mailto:info@shop24.lu\" target=\"_blank\" rel=\"noopener noreferrer\">info@shop24.lu<\/a> ou saisir l&rsquo;autorit\u00e9 de surveillance luxembourgeoise, \u00e0 savoir la Commission nationale pour la protection des donn\u00e9es (<a href=\"https:\/\/cnpd.public.lu\" target=\"_blank\" rel=\"noopener noreferrer\">CNPD<\/a>): 1, avenue du Rock\u2019n\u2019Roll L-4361 Esch-sur-Alzette T\u00e9l. : (+352) 26 10 60 -1<\/p>\n<h4>7. Mises \u00e0 jour de notre politique de confidentialit\u00e9<\/h4>\n<p>Au fur et \u00e0 mesure de l\u2019\u00e9volution de nos services, nous actualisons notre politique de confidentialit\u00e9. Shop24 peut modifier la pr\u00e9sente politique de confidentialit\u00e9 \u00e0 tout moment. Nous vous invitons \u00e0 consulter la derni\u00e8re version sur la page pr\u00e9sente.<\/p>\n<h4>8. Acceptation de la pr\u00e9sente<\/h4>\n<p>Avec l\u2019utilisation unique ou continue de la plateforme Shop24, chaque utilisateur marque son accord avec la pr\u00e9sente politique de confidentialit\u00e9. Si un utilisateur n\u2019est pas d\u2019accord avec la pr\u00e9sente, Shop24 invite cet utilisateur de ne pas utiliser les services de la plateforme Shop24.<\/p>\n","protected":false},"excerpt":{"rendered":"<p>Politique de confidentialit\u00e9 La pr\u00e9sente politique de confidentialit\u00e9 vous informe sur les donn\u00e9es que nous recueillons, utilisons, conservons et d\u00e9voilons. Ces informations sont recueillies lorsque vous utilisez notre site internet. En recueillant ces informations, nous agissons en tant que Responsable de Traitement et, par le r\u00e8glement (UE) 2016\/679 du Parlement et du Conseil du 27 [&#8230;]\n","protected":false},"author":10,"featured_media":0,"parent":0,"menu_order":0,"comment_status":"closed","ping_status":"closed","template":"","meta":{"_seopress_robots_primary_cat":"","_seopress_titles_title":"","_seopress_titles_desc":"","_seopress_robots_index":"","footnotes":""},"class_list":["post-1066","page","type-page","status-publish"],"_links":{"self":[{"href":"https:\/\/shop24.lu\/fr\/wp-json\/wp\/v2\/pages\/1066","targetHints":{"allow":["GET"]}}],"collection":[{"href":"https:\/\/shop24.lu\/fr\/wp-json\/wp\/v2\/pages"}],"about":[{"href":"https:\/\/shop24.lu\/fr\/wp-json\/wp\/v2\/types\/page"}],"author":[{"embeddable":true,"href":"https:\/\/shop24.lu\/fr\/wp-json\/wp\/v2\/users\/10"}],"replies":[{"embeddable":true,"href":"https:\/\/shop24.lu\/fr\/wp-json\/wp\/v2\/comments?post=1066"}],"version-history":[{"count":0,"href":"https:\/\/shop24.lu\/fr\/wp-json\/wp\/v2\/pages\/1066\/revisions"}],"wp:attachment":[{"href":"https:\/\/shop24.lu\/fr\/wp-json\/wp\/v2\/media?parent=1066"}],"curies":[{"name":"wp","href":"https:\/\/api.w.org\/{rel}","templated":true}]}}