{"id":1069,"date":"2020-11-05T22:20:56","date_gmt":"2020-11-05T20:20:56","guid":{"rendered":"http:\/\/demowpthemes.com\/buy2amazon\/?page_id=1069"},"modified":"2023-05-08T17:58:24","modified_gmt":"2023-05-08T15:58:24","slug":"politique-expedition","status":"publish","type":"page","link":"https:\/\/shop24.lu\/fr\/politique-expedition\/","title":{"rendered":"Politique d&rsquo;exp\u00e9dition"},"content":{"rendered":"<h2 class=\"widget-title\">Politiques d&rsquo;exp\u00e9dition<\/h2>\n<div class=\"siteorigin-widget-tinymce textwidget\">\n<h4>Adresse de livraison?<\/h4>\n<p>L\u2019adresse de livraison sera d\u00e9finie par l\u2019acheteur selon les options du vendeur. Les articles peuvent \u00eatre livr\u00e9s \u00e0 moins que le commer\u00e7ant choisit de ne vous offrir que l&rsquo;option \u00abClick &amp; Collect\u00bb ou si le commer\u00e7ant limite la livraison dans un certain p\u00e9rim\u00e8tre.<\/p>\n<h4>Combien co\u00fbte la livraison?<\/h4>\n<p>Les frais de livraison d\u00e9pendent du choix de livraison du vendeur et sont indiqu\u00e9s dans la description de l\u2019article ou la page shop24 du vendeur.<\/p>\n<h4>Quel est le d\u00e9lai de livraison?<\/h4>\n<p>La livraison pour les articles disponibles d\u00e9pend de l\u2019horaire de votre commande et des modalit\u00e9s sp\u00e9cifiques du vendeur. Pour les articles qui ne sont pas en stock, le d\u00e9lai de livraison sera indiqu\u00e9 dans la description de l\u2019article ou sur la page du vendeur.<\/p>\n<h4>Comment faire si je ne re\u00e7ois pas ma commande ?<\/h4>\n<p>Dans le cas de retard ou de non livraison de votre commande, vous pouvez contacter le vendeur \u00e0 qui vous avez command\u00e9 les articles, afin de vous renseigner sur le suivi de la livraison.<\/p>\n<h4>Dois-je payer pour retourner un article livr\u00e9 \u00e0 domicile?<\/h4>\n<p>L&rsquo;informations de retour d&rsquo;articles et son \u00e9ventuel remboursement est affich\u00e9 sur la page du vendeur. Celle-ci peut varier de vendeurs \u00e0 vendeurs.<\/p>\n<h4>Est-ce que je peux \u00e9changer un article?<\/h4>\n<p>Le vendeur affiche cette informations sur sa page vendeur ou est, le cas \u00e9ch\u00e9ant, \u00e0 n\u00e9gocier directement avec le vendeur.<\/p>\n<h4>Vous avez re\u00e7u un article endommag\u00e9?<\/h4>\n<p>Pour toute condition li\u00e9 \u00e0 l&rsquo;article command\u00e9 veuillez vous joindre directement au vendeur.<\/p>\n","protected":false},"excerpt":{"rendered":"<p>Politiques d&rsquo;exp\u00e9dition Adresse de livraison? L\u2019adresse de livraison sera d\u00e9finie par l\u2019acheteur selon les options du vendeur. Les articles peuvent \u00eatre livr\u00e9s \u00e0 moins que le commer\u00e7ant choisit de ne vous offrir que l&rsquo;option \u00abClick &amp; Collect\u00bb ou si le commer\u00e7ant limite la livraison dans un certain p\u00e9rim\u00e8tre. Combien co\u00fbte la livraison? Les frais de [&#8230;]\n","protected":false},"author":10,"featured_media":0,"parent":0,"menu_order":0,"comment_status":"closed","ping_status":"closed","template":"","meta":{"_seopress_robots_primary_cat":"","_seopress_titles_title":"","_seopress_titles_desc":"","_seopress_robots_index":"","footnotes":""},"class_list":["post-1069","page","type-page","status-publish"],"_links":{"self":[{"href":"https:\/\/shop24.lu\/fr\/wp-json\/wp\/v2\/pages\/1069","targetHints":{"allow":["GET"]}}],"collection":[{"href":"https:\/\/shop24.lu\/fr\/wp-json\/wp\/v2\/pages"}],"about":[{"href":"https:\/\/shop24.lu\/fr\/wp-json\/wp\/v2\/types\/page"}],"author":[{"embeddable":true,"href":"https:\/\/shop24.lu\/fr\/wp-json\/wp\/v2\/users\/10"}],"replies":[{"embeddable":true,"href":"https:\/\/shop24.lu\/fr\/wp-json\/wp\/v2\/comments?post=1069"}],"version-history":[{"count":0,"href":"https:\/\/shop24.lu\/fr\/wp-json\/wp\/v2\/pages\/1069\/revisions"}],"wp:attachment":[{"href":"https:\/\/shop24.lu\/fr\/wp-json\/wp\/v2\/media?parent=1069"}],"curies":[{"name":"wp","href":"https:\/\/api.w.org\/{rel}","templated":true}]}}