{"id":20561,"date":"2021-01-03T20:36:14","date_gmt":"2021-01-03T18:36:14","guid":{"rendered":"https:\/\/shop24.lu\/?page_id=20561"},"modified":"2023-05-08T17:52:13","modified_gmt":"2023-05-08T15:52:13","slug":"inscription-vendeur","status":"publish","type":"page","link":"https:\/\/shop24.lu\/fr\/inscription-vendeur\/","title":{"rendered":"Inscription vendeur"},"content":{"rendered":"<div class=\"row\"  id=\"row-74948497\">\n\n\t<div id=\"col-719989428\" class=\"col medium-9 small-12 large-9\"  >\n\t\t\t\t<div class=\"col-inner\"  >\n\t\t\t\n\t\t\t\n<h2>Inscription vendeur<\/h2>\n<p>Vous pouvez vous inscrire ici pour commencer \u00e0 vendre vos services et\/ou produits sur notre plateforme de commerce \u00e9lectronique.<\/p>\n<p><img decoding=\"async\" class=\"aligncenter size-medium wp-image-20706\" src=\"https:\/\/shop24.lu\/wp-content\/uploads\/open_shop-300x200.jpg\" alt=\"\" width=\"300\" height=\"200\" srcset=\"\/wp-content\/uploads\/open_shop-300x200.jpg 300w, \/wp-content\/uploads\/open_shop-210x140.jpg 210w, \/wp-content\/uploads\/open_shop-272x182.jpg 272w, \/wp-content\/uploads\/open_shop.jpg 600w\" sizes=\"(max-width: 300px) 100vw, 300px\" \/><br \/>\nVeuillez remplir le formulaire suivant pour nous permettre de cr\u00e9er votre compte vendeur.<\/p>\n\n<div class=\"wpcf7 no-js\" id=\"wpcf7-f20559-o1\" lang=\"fr-FR\" dir=\"ltr\" data-wpcf7-id=\"20559\">\n<div class=\"screen-reader-response\"><p role=\"status\" aria-live=\"polite\" aria-atomic=\"true\"><\/p> <ul><\/ul><\/div>\n<form action=\"\/fr\/wp-json\/wp\/v2\/pages\/20561#wpcf7-f20559-o1\" method=\"post\" class=\"wpcf7-form init\" aria-label=\"Formulaire de contact\" enctype=\"multipart\/form-data\" novalidate=\"novalidate\" data-status=\"init\">\n<fieldset class=\"hidden-fields-container\"><input type=\"hidden\" name=\"_wpcf7\" value=\"20559\" \/><input type=\"hidden\" name=\"_wpcf7_version\" value=\"6.1.5\" \/><input type=\"hidden\" name=\"_wpcf7_locale\" value=\"fr_FR\" \/><input type=\"hidden\" name=\"_wpcf7_unit_tag\" value=\"wpcf7-f20559-o1\" \/><input type=\"hidden\" name=\"_wpcf7_container_post\" value=\"0\" \/><input type=\"hidden\" name=\"_wpcf7_posted_data_hash\" value=\"\" \/><input type=\"hidden\" name=\"_wpcf7_recaptcha_response\" value=\"\" \/>\n<\/fieldset>\n<div class=\"container\">\n\t<div class=\"row\">\n\t\t<div class=\"columns one-half\">\n\t\t\t<div class=\"container\">\n\t\t\t\t<div class=\"row\">\n\t\t\t\t\t<div class=\"columns one-half\">\n\t\t\t\t\t\t<div class=\"field\">\n\t\t\t\t\t\t\t<p><label>Pr\u00e9nom<em>*<\/em><\/label><span class=\"wpcf7-form-control-wrap\" data-name=\"prenom\"><input size=\"40\" maxlength=\"400\" class=\"wpcf7-form-control wpcf7-text wpcf7-validates-as-required\" aria-required=\"true\" aria-invalid=\"false\" value=\"\" type=\"text\" name=\"prenom\" \/><\/span>\n\t\t\t\t\t\t\t<\/p>\n\t\t\t\t\t\t\t<p class=\"info-tip\">Personne de contact\n\t\t\t\t\t\t\t<\/p>\n\t\t\t\t\t\t<\/div>\n\t\t\t\t\t<\/div>\n\t\t\t\t\t<div class=\"columns one-half\">\n\t\t\t\t\t\t<div class=\"field\">\n\t\t\t\t\t\t\t<p><label>Nom<em>*<\/em><\/label><span class=\"wpcf7-form-control-wrap\" data-name=\"nom\"><input size=\"40\" maxlength=\"400\" class=\"wpcf7-form-control wpcf7-text wpcf7-validates-as-required\" aria-required=\"true\" aria-invalid=\"false\" value=\"\" type=\"text\" name=\"nom\" \/><\/span>\n\t\t\t\t\t\t\t<\/p>\n\t\t\t\t\t\t\t<p class=\"info-tip\">\n\t\t\t\t\t\t\t<\/p>\n\t\t\t\t\t\t<\/div>\n\t\t\t\t\t<\/div>\n\t\t\t\t<\/div>\n\t\t\t<\/div>\n\t\t\t<div class=\"container\">\n\t\t\t\t<div class=\"row\">\n\t\t\t\t\t<div class=\"columns full\">\n\t\t\t\t\t\t<div class=\"field\">\n\t\t\t\t\t\t\t<p><label>Adresse<\/label><span class=\"wpcf7-form-control-wrap\" data-name=\"adresse\"><input size=\"40\" maxlength=\"400\" class=\"wpcf7-form-control wpcf7-text\" aria-invalid=\"false\" value=\"\" type=\"text\" name=\"adresse\" \/><\/span>\n\t\t\t\t\t\t\t<\/p>\n\t\t\t\t\t\t\t<p class=\"info-tip\">Adresse priv\u00e9e\n\t\t\t\t\t\t\t<\/p>\n\t\t\t\t\t\t<\/div>\n\t\t\t\t\t<\/div>\n\t\t\t\t<\/div>\n\t\t\t<\/div>\n\t\t\t<div class=\"container\">\n\t\t\t\t<div class=\"row\">\n\t\t\t\t\t<div class=\"columns full\">\n\t\t\t\t\t\t<div class=\"field\">\n\t\t\t\t\t\t\t<p><label>Localit\u00e9<\/label><span class=\"wpcf7-form-control-wrap\" data-name=\"localite\"><input size=\"40\" maxlength=\"400\" class=\"wpcf7-form-control wpcf7-text\" aria-invalid=\"false\" value=\"\" type=\"text\" name=\"localite\" \/><\/span>\n\t\t\t\t\t\t\t<\/p>\n\t\t\t\t\t\t\t<p class=\"info-tip\">Localit\u00e9 priv\u00e9e\n\t\t\t\t\t\t\t<\/p>\n\t\t\t\t\t\t<\/div>\n\t\t\t\t\t<\/div>\n\t\t\t\t<\/div>\n\t\t\t<\/div>\n\t\t\t<div class=\"container\">\n\t\t\t\t<div class=\"row\">\n\t\t\t\t\t<div class=\"columns full\">\n\t\t\t\t\t\t<div class=\"field\">\n\t\t\t\t\t\t\t<p><label>T\u00e9l\u00e9phone<\/label><span class=\"wpcf7-form-control-wrap\" data-name=\"telephone\"><input size=\"40\" maxlength=\"400\" class=\"wpcf7-form-control wpcf7-tel wpcf7-text wpcf7-validates-as-tel\" aria-invalid=\"false\" value=\"\" type=\"tel\" name=\"telephone\" \/><\/span>\n\t\t\t\t\t\t\t<\/p>\n\t\t\t\t\t\t\t<p class=\"info-tip\">Num\u00e9ro de t\u00e9l\u00e9phone priv\u00e9\n\t\t\t\t\t\t\t<\/p>\n\t\t\t\t\t\t<\/div>\n\t\t\t\t\t<\/div>\n\t\t\t\t<\/div>\n\t\t\t<\/div>\n\t\t\t<div class=\"container\">\n\t\t\t\t<div class=\"row\">\n\t\t\t\t\t<div class=\"columns full\">\n\t\t\t\t\t\t<div class=\"field\">\n\t\t\t\t\t\t\t<p><label>Adresse courriel (Email)<\/label><span class=\"wpcf7-form-control-wrap\" data-name=\"email\"><input size=\"40\" maxlength=\"400\" class=\"wpcf7-form-control wpcf7-email wpcf7-text wpcf7-validates-as-email\" aria-invalid=\"false\" value=\"\" type=\"email\" name=\"email\" \/><\/span>\n\t\t\t\t\t\t\t<\/p>\n\t\t\t\t\t\t\t<p class=\"info-tip\">Adresse courriel priv\u00e9e\n\t\t\t\t\t\t\t<\/p>\n\t\t\t\t\t\t<\/div>\n\t\t\t\t\t<\/div>\n\t\t\t\t<\/div>\n\t\t\t<\/div>\n\t\t\t<div class=\"container\">\n\t\t\t\t<div class=\"row\">\n\t\t\t\t\t<div class=\"columns full\">\n\t\t\t\t\t\t<div class=\"field\">\n\t\t\t\t\t\t\t<p><label>Cat\u00e9gories de produits ou services<em>*<\/em><\/label><span class=\"wpcf7-form-control-wrap\" data-name=\"categorie\"><input size=\"40\" maxlength=\"400\" class=\"wpcf7-form-control wpcf7-text wpcf7-validates-as-required\" aria-required=\"true\" aria-invalid=\"false\" value=\"\" type=\"text\" name=\"categorie\" \/><\/span>\n\t\t\t\t\t\t\t<\/p>\n\t\t\t\t\t\t\t<p class=\"info-tip\">Indiquez le type de produits ou services propos\u00e9s\n\t\t\t\t\t\t\t<\/p>\n\t\t\t\t\t\t<\/div>\n\t\t\t\t\t<\/div>\n\t\t\t\t<\/div>\n\t\t\t<\/div>\n\t\t\t<div class=\"container\">\n\t\t\t\t<div class=\"row\">\n\t\t\t\t\t<div class=\"columns full\">\n\t\t\t\t\t\t<div class=\"field\">\n\t\t\t\t\t\t\t<p><label>Description de votre commerce<\/label><span class=\"wpcf7-form-control-wrap\" data-name=\"description\"><textarea cols=\"40\" rows=\"5\" maxlength=\"2000\" class=\"wpcf7-form-control wpcf7-textarea\" aria-invalid=\"false\" name=\"description\"><\/textarea><\/span>\n\t\t\t\t\t\t\t<\/p>\n\t\t\t\t\t\t\t<p class=\"info-tip\">D\u00e9crivez bri\u00e8vement le genre de produits ou services propos\u00e9s\n\t\t\t\t\t\t\t<\/p>\n\t\t\t\t\t\t<\/div>\n\t\t\t\t\t<\/div>\n\t\t\t\t<\/div>\n\t\t\t<\/div>\n\t\t\t<div class=\"container\">\n\t\t\t\t<div class=\"row\">\n\t\t\t\t\t<div class=\"columns full cf7-tags-4\">\n\t\t\t\t\t\t<div class=\"field\">\n\t\t\t\t\t\t\t<p><label>R\u00e9seaux sociaux<\/label><span class=\"wpcf7-form-control-wrap\" data-name=\"fb\"><input size=\"40\" maxlength=\"400\" class=\"wpcf7-form-control wpcf7-text\" aria-invalid=\"false\" value=\"facebook.com\/\" type=\"text\" name=\"fb\" \/><\/span><span class=\"wpcf7-form-control-wrap\" data-name=\"ig\"><input size=\"40\" maxlength=\"400\" class=\"wpcf7-form-control wpcf7-text\" aria-invalid=\"false\" value=\"instagram.com\/\" type=\"text\" name=\"ig\" \/><\/span><span class=\"wpcf7-form-control-wrap\" data-name=\"tw\"><input size=\"40\" maxlength=\"400\" class=\"wpcf7-form-control wpcf7-text\" aria-invalid=\"false\" value=\"twitter.com\/\" type=\"text\" name=\"tw\" \/><\/span><span class=\"wpcf7-form-control-wrap\" data-name=\"yt\"><input size=\"40\" maxlength=\"400\" class=\"wpcf7-form-control wpcf7-text\" aria-invalid=\"false\" value=\"youtube.com\/\" type=\"text\" name=\"yt\" \/><\/span>\n\t\t\t\t\t\t\t<\/p>\n\t\t\t\t\t\t\t<p class=\"info-tip\">Veuillez indiquer vos adresses Facebook, Instagram, Twitter, etc.\n\t\t\t\t\t\t\t<\/p>\n\t\t\t\t\t\t<\/div>\n\t\t\t\t\t<\/div>\n\t\t\t\t<\/div>\n\t\t\t<\/div>\n\t\t\t<div class=\"container\">\n\t\t\t\t<div class=\"row\">\n\t\t\t\t\t<div class=\"columns full\">\n\t\t\t\t\t\t<div class=\"field\">\n\t\t\t\t\t\t\t<p><label>Nom d'utilisateur souhait\u00e9<\/label><span class=\"wpcf7-form-control-wrap\" data-name=\"username\"><input size=\"40\" maxlength=\"400\" class=\"wpcf7-form-control wpcf7-text\" aria-invalid=\"false\" value=\"\" type=\"text\" name=\"username\" \/><\/span>\n\t\t\t\t\t\t\t<\/p>\n\t\t\t\t\t\t\t<p class=\"info-tip\">Indiquez le nom d'utilisateur souhait\u00e9\n\t\t\t\t\t\t\t<\/p>\n\t\t\t\t\t\t<\/div>\n\t\t\t\t\t<\/div>\n\t\t\t\t<\/div>\n\t\t\t<\/div>\n\t\t\t<div class=\"container\">\n\t\t\t\t<div class=\"row\">\n\t\t\t\t\t<div class=\"columns full\">\n\t\t\t\t\t\t<div class=\"field\">\n\t\t\t\t\t\t\t<p><label>Banni\u00e8re (Header) pour votre page Shop24<\/label><span class=\"wpcf7-form-control-wrap\" data-name=\"banniere\"><input size=\"40\" class=\"wpcf7-form-control wpcf7-file\" accept=\"audio\/*,video\/*,image\/*\" aria-invalid=\"false\" type=\"file\" name=\"banniere\" \/><\/span>\n\t\t\t\t\t\t\t<\/p>\n\t\t\t\t\t\t\t<p class=\"info-tip\">T\u00e9l\u00e9chargez votre banni\u00e8re\n\t\t\t\t\t\t\t<\/p>\n\t\t\t\t\t\t<\/div>\n\t\t\t\t\t<\/div>\n\t\t\t\t<\/div>\n\t\t\t<\/div>\n\t\t\t<div class=\"container\">\n\t\t\t\t<div class=\"row\">\n\t\t\t\t\t<div class=\"columns full\">\n\t\t\t\t\t\t<div class=\"field\">\n\t\t\t\t\t\t\t<p><label>Photo de profil ou logo pour votre page Shop24<\/label><span class=\"wpcf7-form-control-wrap\" data-name=\"logo\"><input size=\"40\" class=\"wpcf7-form-control wpcf7-file\" accept=\"audio\/*,video\/*,image\/*\" aria-invalid=\"false\" type=\"file\" name=\"logo\" \/><\/span>\n\t\t\t\t\t\t\t<\/p>\n\t\t\t\t\t\t\t<p class=\"info-tip\">T\u00e9l\u00e9chargez une photo de profil ou votre logo\n\t\t\t\t\t\t\t<\/p>\n\t\t\t\t\t\t<\/div>\n\t\t\t\t\t<\/div>\n\t\t\t\t<\/div>\n\t\t\t<\/div>\n\t\t<\/div>\n\t\t<div class=\"columns one-half\">\n\t\t\t<div class=\"container\">\n\t\t\t\t<div class=\"row\">\n\t\t\t\t\t<div class=\"columns full\">\n\t\t\t\t\t\t<div class=\"field\">\n\t\t\t\t\t\t\t<p><label>Nom du commerce<em>*<\/em><\/label><span class=\"wpcf7-form-control-wrap\" data-name=\"magasin\"><input size=\"40\" maxlength=\"400\" class=\"wpcf7-form-control wpcf7-text wpcf7-validates-as-required\" aria-required=\"true\" aria-invalid=\"false\" value=\"\" type=\"text\" name=\"magasin\" \/><\/span>\n\t\t\t\t\t\t\t<\/p>\n\t\t\t\t\t\t\t<p class=\"info-tip\">Nom de votre commerce\n\t\t\t\t\t\t\t<\/p>\n\t\t\t\t\t\t<\/div>\n\t\t\t\t\t<\/div>\n\t\t\t\t<\/div>\n\t\t\t<\/div>\n\t\t\t<div class=\"container\">\n\t\t\t\t<div class=\"row\">\n\t\t\t\t\t<div class=\"columns full\">\n\t\t\t\t\t\t<div class=\"field\">\n\t\t\t\t\t\t\t<p><label>Adresse<em>*<\/em><\/label><span class=\"wpcf7-form-control-wrap\" data-name=\"so-adresse\"><input size=\"40\" maxlength=\"400\" class=\"wpcf7-form-control wpcf7-text wpcf7-validates-as-required\" aria-required=\"true\" aria-invalid=\"false\" value=\"\" type=\"text\" name=\"so-adresse\" \/><\/span>\n\t\t\t\t\t\t\t<\/p>\n\t\t\t\t\t\t\t<p class=\"info-tip\">Adresse du commerce\n\t\t\t\t\t\t\t<\/p>\n\t\t\t\t\t\t<\/div>\n\t\t\t\t\t<\/div>\n\t\t\t\t<\/div>\n\t\t\t<\/div>\n\t\t\t<div class=\"container\">\n\t\t\t\t<div class=\"row\">\n\t\t\t\t\t<div class=\"columns full\">\n\t\t\t\t\t\t<div class=\"field\">\n\t\t\t\t\t\t\t<p><label>Localit\u00e9<em>*<\/em><\/label><span class=\"wpcf7-form-control-wrap\" data-name=\"so-localite\"><input size=\"40\" maxlength=\"400\" class=\"wpcf7-form-control wpcf7-text wpcf7-validates-as-required\" aria-required=\"true\" aria-invalid=\"false\" value=\"\" type=\"text\" name=\"so-localite\" \/><\/span>\n\t\t\t\t\t\t\t<\/p>\n\t\t\t\t\t\t\t<p class=\"info-tip\">Localit\u00e9 professionnelle\n\t\t\t\t\t\t\t<\/p>\n\t\t\t\t\t\t<\/div>\n\t\t\t\t\t<\/div>\n\t\t\t\t<\/div>\n\t\t\t<\/div>\n\t\t\t<div class=\"container\">\n\t\t\t\t<div class=\"row\">\n\t\t\t\t\t<div class=\"columns full\">\n\t\t\t\t\t\t<div class=\"field\">\n\t\t\t\t\t\t\t<p><label>T\u00e9l\u00e9phone<em>*<\/em><\/label><span class=\"wpcf7-form-control-wrap\" data-name=\"so-tel\"><input size=\"40\" maxlength=\"400\" class=\"wpcf7-form-control wpcf7-tel wpcf7-validates-as-required wpcf7-text wpcf7-validates-as-tel\" aria-required=\"true\" aria-invalid=\"false\" value=\"\" type=\"tel\" name=\"so-tel\" \/><\/span>\n\t\t\t\t\t\t\t<\/p>\n\t\t\t\t\t\t\t<p class=\"info-tip\">Num\u00e9ro de t\u00e9l\u00e9phone professionnel\n\t\t\t\t\t\t\t<\/p>\n\t\t\t\t\t\t<\/div>\n\t\t\t\t\t<\/div>\n\t\t\t\t<\/div>\n\t\t\t<\/div>\n\t\t\t<div class=\"container\">\n\t\t\t\t<div class=\"row\">\n\t\t\t\t\t<div class=\"columns full\">\n\t\t\t\t\t\t<div class=\"field\">\n\t\t\t\t\t\t\t<p><label>Adresse courriel (Email)<em>*<\/em><\/label><span class=\"wpcf7-form-control-wrap\" data-name=\"so-email\"><input size=\"40\" maxlength=\"400\" class=\"wpcf7-form-control wpcf7-email wpcf7-validates-as-required wpcf7-text wpcf7-validates-as-email\" aria-required=\"true\" aria-invalid=\"false\" value=\"\" type=\"email\" name=\"so-email\" \/><\/span>\n\t\t\t\t\t\t\t<\/p>\n\t\t\t\t\t\t\t<p class=\"info-tip\">Adresse courriel professionnelle\n\t\t\t\t\t\t\t<\/p>\n\t\t\t\t\t\t<\/div>\n\t\t\t\t\t<\/div>\n\t\t\t\t<\/div>\n\t\t\t<\/div>\n\t\t\t<div class=\"container\">\n\t\t\t\t<div class=\"row\">\n\t\t\t\t\t<div class=\"columns full\">\n\t\t\t\t\t\t<div class=\"field\">\n\t\t\t\t\t\t\t<p><label>Moyens de paiements accept\u00e9s<\/label><span class=\"wpcf7-form-control-wrap\" data-name=\"MoyensPaiement\"><span class=\"wpcf7-form-control wpcf7-checkbox\"><span class=\"wpcf7-list-item first\"><label><input type=\"checkbox\" name=\"MoyensPaiement[]\" value=\"Cartes de cr\u00e9dit (Stripe)\" \/><span class=\"wpcf7-list-item-label\">Cartes de cr\u00e9dit (Stripe)<\/span><\/label><\/span><span class=\"wpcf7-list-item\"><label><input type=\"checkbox\" name=\"MoyensPaiement[]\" value=\"DIGICASH\" \/><span class=\"wpcf7-list-item-label\">DIGICASH<\/span><\/label><\/span><span class=\"wpcf7-list-item\"><label><input type=\"checkbox\" name=\"MoyensPaiement[]\" value=\"PayPal\" \/><span class=\"wpcf7-list-item-label\">PayPal<\/span><\/label><\/span><span class=\"wpcf7-list-item\"><label><input type=\"checkbox\" name=\"MoyensPaiement[]\" value=\"Virement\" \/><span class=\"wpcf7-list-item-label\">Virement<\/span><\/label><\/span><span class=\"wpcf7-list-item last\"><label><input type=\"checkbox\" name=\"MoyensPaiement[]\" value=\"Cash\" \/><span class=\"wpcf7-list-item-label\">Cash<\/span><\/label><\/span><\/span><\/span>\n\t\t\t\t\t\t\t<\/p>\n\t\t\t\t\t\t\t<p class=\"info-tip\">Indiquez le(s) moyen(s) de paiements accept\u00e9s\n\t\t\t\t\t\t\t<\/p>\n\t\t\t\t\t\t<\/div>\n\t\t\t\t\t<\/div>\n\t\t\t\t<\/div>\n\t\t\t<\/div>\n\t\t\t<div class=\"container\">\n\t\t\t\t<div class=\"row\">\n\t\t\t\t\t<div class=\"columns full\">\n\t\t\t\t\t\t<div class=\"field\">\n\t\t\t\t\t\t\t<p><label>Vous avez d\u00e9j\u00e0 un compte Stripe?<\/label><span class=\"wpcf7-form-control-wrap\" data-name=\"stripe\"><span class=\"wpcf7-form-control wpcf7-radio\"><span class=\"wpcf7-list-item first\"><label><input type=\"radio\" name=\"stripe\" value=\"Oui, j&#039;ai un compte Stripe\" \/><span class=\"wpcf7-list-item-label\">Oui, j&#039;ai un compte Stripe<\/span><\/label><\/span><span class=\"wpcf7-list-item last\"><label><input type=\"radio\" name=\"stripe\" value=\"Non, je n&#039;ai pas encore de compte Stripe\" \/><span class=\"wpcf7-list-item-label\">Non, je n&#039;ai pas encore de compte Stripe<\/span><\/label><\/span><\/span><\/span>\n\t\t\t\t\t\t\t<\/p>\n\t\t\t\t\t\t\t<p class=\"info-tip\">Stripe.com est n\u00e9cessaire pour le paiement instantan\u00e9 par cartes de cr\u00e9dit\n\t\t\t\t\t\t\t<\/p>\n\t\t\t\t\t\t<\/div>\n\t\t\t\t\t<\/div>\n\t\t\t\t<\/div>\n\t\t\t<\/div>\n\t\t\t<div class=\"container\">\n\t\t\t\t<div class=\"row\">\n\t\t\t\t\t<div class=\"columns full\">\n\t\t\t\t\t\t<div class=\"field\">\n\t\t\t\t\t\t\t<p><label>M\u00e9thodes de livraison<\/label><span class=\"wpcf7-form-control-wrap\" data-name=\"Livraison\"><span class=\"wpcf7-form-control wpcf7-checkbox\"><span class=\"wpcf7-list-item first\"><label><input type=\"checkbox\" name=\"Livraison[]\" value=\"Livraison \u00e0 domicile\" \/><span class=\"wpcf7-list-item-label\">Livraison \u00e0 domicile<\/span><\/label><\/span><span class=\"wpcf7-list-item last\"><label><input type=\"checkbox\" name=\"Livraison[]\" value=\"Click&amp;Collect in Shop\" \/><span class=\"wpcf7-list-item-label\">Click&amp;Collect in Shop<\/span><\/label><\/span><\/span><\/span>\n\t\t\t\t\t\t\t<\/p>\n\t\t\t\t\t\t\t<p class=\"info-tip\">Indiquez la ou les m\u00e9thode(s) de livraison\n\t\t\t\t\t\t\t<\/p>\n\t\t\t\t\t\t<\/div>\n\t\t\t\t\t<\/div>\n\t\t\t\t<\/div>\n\t\t\t<\/div>\n\t\t\t<div class=\"container\">\n\t\t\t\t<div class=\"row\">\n\t\t\t\t\t<div class=\"columns full\">\n\t\t\t\t\t\t<div class=\"field\">\n\t\t\t\t\t\t\t<p><label>Livraison<\/label><span class=\"wpcf7-form-control-wrap\" data-name=\"Livplace\"><span class=\"wpcf7-form-control wpcf7-checkbox\"><span class=\"wpcf7-list-item first\"><label><input type=\"checkbox\" name=\"Livplace[]\" value=\"Nationale\" \/><span class=\"wpcf7-list-item-label\">Nationale<\/span><\/label><\/span><span class=\"wpcf7-list-item last\"><label><input type=\"checkbox\" name=\"Livplace[]\" value=\"Internationale\" \/><span class=\"wpcf7-list-item-label\">Internationale<\/span><\/label><\/span><\/span><\/span>\n\t\t\t\t\t\t\t<\/p>\n\t\t\t\t\t\t\t<p class=\"info-tip\">Disponibilit\u00e9 de livraison nationale et\/ou internationale\n\t\t\t\t\t\t\t<\/p>\n\t\t\t\t\t\t<\/div>\n\t\t\t\t\t<\/div>\n\t\t\t\t<\/div>\n\t\t\t<\/div>\n\t\t\t<div class=\"container\">\n\t\t\t\t<div class=\"row\">\n\t\t\t\t\t<div class=\"columns one-half\">\n\t\t\t\t\t\t<div class=\"field\">\n\t\t\t\t\t\t\t<p><label>Prix national<\/label><span class=\"wpcf7-form-control-wrap\" data-name=\"prix-nat\"><input size=\"40\" maxlength=\"400\" class=\"wpcf7-form-control wpcf7-text\" aria-invalid=\"false\" value=\"\" type=\"text\" name=\"prix-nat\" \/><\/span>\n\t\t\t\t\t\t\t<\/p>\n\t\t\t\t\t\t\t<p class=\"info-tip\">\n\t\t\t\t\t\t\t<\/p>\n\t\t\t\t\t\t<\/div>\n\t\t\t\t\t<\/div>\n\t\t\t\t\t<div class=\"columns one-half\">\n\t\t\t\t\t\t<div class=\"field\">\n\t\t\t\t\t\t\t<p><label>Prix international<\/label><span class=\"wpcf7-form-control-wrap\" data-name=\"prix-intl\"><input size=\"40\" maxlength=\"400\" class=\"wpcf7-form-control wpcf7-text\" aria-invalid=\"false\" value=\"\" type=\"text\" name=\"prix-intl\" \/><\/span>\n\t\t\t\t\t\t\t<\/p>\n\t\t\t\t\t\t\t<p class=\"info-tip\">\n\t\t\t\t\t\t\t<\/p>\n\t\t\t\t\t\t<\/div>\n\t\t\t\t\t<\/div>\n\t\t\t\t<\/div>\n\t\t\t<\/div>\n\t\t\t<div class=\"container\">\n\t\t\t\t<div class=\"row\">\n\t\t\t\t\t<div class=\"columns one-half\">\n\t\t\t\t\t\t<div class=\"field\">\n\t\t\t\t\t\t\t<p><label>Gratuit \u00e0 partir de x \u20ac<\/label><span class=\"wpcf7-form-control-wrap\" data-name=\"liv-nat-0\"><input size=\"40\" maxlength=\"400\" class=\"wpcf7-form-control wpcf7-text\" aria-invalid=\"false\" value=\"\" type=\"text\" name=\"liv-nat-0\" \/><\/span>\n\t\t\t\t\t\t\t<\/p>\n\t\t\t\t\t\t\t<p class=\"info-tip\">Livraison nationale gratuite\n\t\t\t\t\t\t\t<\/p>\n\t\t\t\t\t\t<\/div>\n\t\t\t\t\t<\/div>\n\t\t\t\t\t<div class=\"columns one-half\">\n\t\t\t\t\t\t<div class=\"field\">\n\t\t\t\t\t\t\t<p><label>Gratuit \u00e0 partir de x \u20ac<\/label><span class=\"wpcf7-form-control-wrap\" data-name=\"liv-intl-0\"><input size=\"40\" maxlength=\"400\" class=\"wpcf7-form-control wpcf7-text\" aria-invalid=\"false\" value=\"\" type=\"text\" name=\"liv-intl-0\" \/><\/span>\n\t\t\t\t\t\t\t<\/p>\n\t\t\t\t\t\t\t<p class=\"info-tip\">Livraison internationale gratuite\n\t\t\t\t\t\t\t<\/p>\n\t\t\t\t\t\t<\/div>\n\t\t\t\t\t<\/div>\n\t\t\t\t<\/div>\n\t\t\t<\/div>\n\t\t\t<div class=\"container\">\n\t\t\t\t<div class=\"row\">\n\t\t\t\t\t<div class=\"columns full\">\n\t\t\t\t\t\t<div class=\"field\">\n\t\t\t\t\t\t\t<p><label>Message\/Question<\/label><span class=\"wpcf7-form-control-wrap\" data-name=\"msg\"><textarea cols=\"40\" rows=\"5\" maxlength=\"2000\" class=\"wpcf7-form-control wpcf7-textarea\" aria-invalid=\"false\" name=\"msg\"><\/textarea><\/span>\n\t\t\t\t\t\t\t<\/p>\n\t\t\t\t\t\t\t<p class=\"info-tip\">Vous avez un message ou question \u00e0 nous communiquer?\n\t\t\t\t\t\t\t<\/p>\n\t\t\t\t\t\t<\/div>\n\t\t\t\t\t<\/div>\n\t\t\t\t<\/div>\n\t\t\t<\/div>\n\t\t\t<div class=\"container\">\n\t\t\t\t<div class=\"row\">\n\t\t\t\t\t<div class=\"columns full\">\n\t\t\t\t\t\t<div class=\"field\">\n\t\t\t\t\t\t\t<p><label><\/label><input class=\"wpcf7-form-control wpcf7-submit has-spinner\" type=\"submit\" value=\"Envoyer\" \/>\n\t\t\t\t\t\t\t<\/p>\n\t\t\t\t\t\t\t<p class=\"info-tip\">\n\t\t\t\t\t\t\t<\/p>\n\t\t\t\t\t\t<\/div>\n\t\t\t\t\t<\/div>\n\t\t\t\t<\/div>\n\t\t\t<\/div>\n\t\t<\/div>\n\t<\/div>\n<\/div><p style=\"display: none !important;\" class=\"akismet-fields-container\" data-prefix=\"_wpcf7_ak_\"><label>&#916;<textarea name=\"_wpcf7_ak_hp_textarea\" cols=\"45\" rows=\"8\" maxlength=\"100\"><\/textarea><\/label><input type=\"hidden\" id=\"ak_js_1\" name=\"_wpcf7_ak_js\" value=\"142\"\/><script>document.getElementById( \"ak_js_1\" ).setAttribute( \"value\", ( new Date() ).getTime() );<\/script><\/p><div class=\"wpcf7-response-output\" aria-hidden=\"true\"><\/div>\n<\/form>\n<\/div>\n\n<p>Merci pour votre int\u00e9r\u00eat envers notre plateforme e-commerce Shop24.lu.<br \/>\nNous allons vous recontacter dans les meilleurs d\u00e9lais.<\/p>\n<p>Meilleures salutations<br \/>\n<em>Votre \u00e9quipe Shop24<\/em><\/p>\n\t\t<\/div>\n\t\t\t\t\t<\/div>\n\n\t\n\n\t<div id=\"col-941198609\" class=\"col medium-3 small-12 large-3\"  >\n\t\t\t\t<div class=\"col-inner\"  >\n\t\t\t\n\t\t\t\n<h2>Espace vendeur<\/h2>\n\t<div class=\"ux-menu stack stack-col justify-start ux-menu--divider-solid\">\n\t\t\n\t<div class=\"ux-menu-link flex menu-item\">\n\t\t<a class=\"ux-menu-link__link flex\" href=\"https:\/\/shop24.lu\/vendre\/\" >\n\t\t\t\t\t\t<span class=\"ux-menu-link__text\">\n\t\t\t\tCommencer \u00e0 vendre\t\t\t<\/span>\n\t\t<\/a>\n\t<\/div>\n\t\n\t<div class=\"ux-menu-link flex menu-item\">\n\t\t<a class=\"ux-menu-link__link flex\" href=\"https:\/\/shop24.lu\/flyer-shop24\/\" >\n\t\t\t\t\t\t<span class=\"ux-menu-link__text\">\n\t\t\t\tServices et avantages\t\t\t<\/span>\n\t\t<\/a>\n\t<\/div>\n\t\n\t<\/div>\n\t\n\t\t<\/div>\n\t\t\t\t\t<\/div>\n\n\t\n<\/div>\n","protected":false},"excerpt":{"rendered":"","protected":false},"author":10,"featured_media":0,"parent":0,"menu_order":0,"comment_status":"closed","ping_status":"closed","template":"","meta":{"_seopress_robots_primary_cat":"","_seopress_titles_title":"","_seopress_titles_desc":"","_seopress_robots_index":"","footnotes":""},"class_list":["post-20561","page","type-page","status-publish"],"_links":{"self":[{"href":"https:\/\/shop24.lu\/fr\/wp-json\/wp\/v2\/pages\/20561","targetHints":{"allow":["GET"]}}],"collection":[{"href":"https:\/\/shop24.lu\/fr\/wp-json\/wp\/v2\/pages"}],"about":[{"href":"https:\/\/shop24.lu\/fr\/wp-json\/wp\/v2\/types\/page"}],"author":[{"embeddable":true,"href":"https:\/\/shop24.lu\/fr\/wp-json\/wp\/v2\/users\/10"}],"replies":[{"embeddable":true,"href":"https:\/\/shop24.lu\/fr\/wp-json\/wp\/v2\/comments?post=20561"}],"version-history":[{"count":0,"href":"https:\/\/shop24.lu\/fr\/wp-json\/wp\/v2\/pages\/20561\/revisions"}],"wp:attachment":[{"href":"https:\/\/shop24.lu\/fr\/wp-json\/wp\/v2\/media?parent=20561"}],"curies":[{"name":"wp","href":"https:\/\/api.w.org\/{rel}","templated":true}]}}