{"id":2390,"date":"2020-11-09T22:12:43","date_gmt":"2020-11-09T20:12:43","guid":{"rendered":"https:\/\/shop24.lu\/?page_id=2390"},"modified":"2023-05-20T22:58:55","modified_gmt":"2023-05-20T20:58:55","slug":"publicite-magasin-produits","status":"publish","type":"page","link":"https:\/\/shop24.lu\/fr\/publicite-magasin-produits\/","title":{"rendered":"Publicit\u00e9 pour votre magasin"},"content":{"rendered":"<div class=\"row\"  id=\"row-836432820\">\n\n\t<div id=\"col-1770553386\" class=\"col medium-8 small-12 large-8\"  >\n\t\t\t\t<div class=\"col-inner\"  >\n\t\t\t\n\t\t\t\n<h2>Publicit\u00e9 pour votre entreprise, services et produits<\/h2>\n<div>La plateforme <strong>Shop24<\/strong> vise \u00e0 aider les propri\u00e9taires de magasins \u00e0 <strong>promouvoir leur entreprise, services produits<\/strong>.<br \/>L&rsquo;ajout de vos produits et\/ou services \u00e0 cette plateforme vous permet de promouvoir votre magasin et lui donne plus de visibilit\u00e9.<\/div>\n<div>\u00a0<\/div>\n<div>\n<p><img decoding=\"async\" class=\"aligncenter wp-image-8839 size-full\" src=\"https:\/\/shop24.lu\/wp-content\/uploads\/team.jpg\" alt=\"\" width=\"600\" height=\"378\" srcset=\"\/wp-content\/uploads\/team.jpg 600w, \/wp-content\/uploads\/team-300x189.jpg 300w, \/wp-content\/uploads\/team-150x95.jpg 150w, \/wp-content\/uploads\/team-210x132.jpg 210w\" sizes=\"(max-width: 600px) 100vw, 600px\" \/><\/p>\n<p>Un package payant <strong>Shop<\/strong><strong>24<\/strong> ne comprend pas seulement une <strong>plateforme de vente<\/strong> pour vos produits ou services, mais aussi un nombre d\u00e9fini de <strong>publicit\u00e9s<\/strong> sur shop24.lu et de messages promotionnels sur les plateformes de <strong>m\u00e9dias sociaux<\/strong> (c&rsquo;est-\u00e0-dire Facebook, Instagram, etc.). Ces publicit\u00e9s peuvent inclure du texte, des images ou de la vid\u00e9o.<\/p>\n<p><img decoding=\"async\" class=\"wp-image-4133 size-full aligncenter\" src=\"https:\/\/shop24.lu\/wp-content\/uploads\/social_logos.png\" alt=\"\" width=\"300\" height=\"93\" srcset=\"\/wp-content\/uploads\/social_logos.png 300w, \/wp-content\/uploads\/social_logos-210x65.png 210w\" sizes=\"(max-width: 300px) 100vw, 300px\" \/><\/p>\n<p>Vous pouvez acheter des annonces suppl\u00e9mentaires ou une vid\u00e9o promotionnelle \u00e0 tout moment.<br \/>Si vous \u00eates int\u00e9ress\u00e9, veuillez remplir le formulaire de contact pour obtenir des informations d\u00e9taill\u00e9es et un devis.<br \/>En tant que vendeur de Shop24, vous pouvez bien s\u00fbr contacter directement votre responsable de compte shop24.<\/p>\n<\/div>\n\t\t<\/div>\n\t\t\t\t\t<\/div>\n\n\t\n\n\t<div id=\"col-1184442416\" class=\"col medium-4 small-12 large-4\"  >\n\t\t\t\t<div class=\"col-inner\"  >\n\t\t\t\n\t\t\t\n<h2>Formulaire de contact<\/h2>\n\n<div class=\"wpcf7 no-js\" id=\"wpcf7-f13-o1\" lang=\"en-US\" dir=\"ltr\" data-wpcf7-id=\"13\">\n<div class=\"screen-reader-response\"><p role=\"status\" aria-live=\"polite\" aria-atomic=\"true\"><\/p> <ul><\/ul><\/div>\n<form action=\"\/fr\/wp-json\/wp\/v2\/pages\/2390#wpcf7-f13-o1\" method=\"post\" class=\"wpcf7-form init\" aria-label=\"Contact form\" novalidate=\"novalidate\" data-status=\"init\">\n<fieldset class=\"hidden-fields-container\"><input type=\"hidden\" name=\"_wpcf7\" value=\"13\" \/><input type=\"hidden\" name=\"_wpcf7_version\" value=\"6.1.5\" \/><input type=\"hidden\" name=\"_wpcf7_locale\" value=\"en_US\" \/><input type=\"hidden\" name=\"_wpcf7_unit_tag\" value=\"wpcf7-f13-o1\" \/><input type=\"hidden\" name=\"_wpcf7_container_post\" value=\"0\" \/><input type=\"hidden\" name=\"_wpcf7_posted_data_hash\" value=\"\" \/><input type=\"hidden\" name=\"_wpcf7_recaptcha_response\" value=\"\" \/>\n<\/fieldset>\n<p><label> Nom*<br \/>\n<span class=\"wpcf7-form-control-wrap\" data-name=\"your-name\"><input size=\"40\" maxlength=\"400\" class=\"wpcf7-form-control wpcf7-text wpcf7-validates-as-required\" aria-required=\"true\" aria-invalid=\"false\" value=\"\" type=\"text\" name=\"your-name\" \/><\/span> <\/label>\n<\/p>\n<p><label> Courriel*<br \/>\n<span class=\"wpcf7-form-control-wrap\" data-name=\"your-email\"><input size=\"40\" maxlength=\"400\" class=\"wpcf7-form-control wpcf7-email wpcf7-validates-as-required wpcf7-text wpcf7-validates-as-email\" aria-required=\"true\" aria-invalid=\"false\" value=\"\" type=\"email\" name=\"your-email\" \/><\/span> <\/label>\n<\/p>\n<p><label> Sujet<br \/>\n<span class=\"wpcf7-form-control-wrap\" data-name=\"your-subject\"><input size=\"40\" maxlength=\"400\" class=\"wpcf7-form-control wpcf7-text\" aria-invalid=\"false\" value=\"\" type=\"text\" name=\"your-subject\" \/><\/span> <\/label>\n<\/p>\n<p><label> Message*<br \/>\n<span class=\"wpcf7-form-control-wrap\" data-name=\"your-message\"><textarea cols=\"40\" rows=\"3\" maxlength=\"2000\" class=\"wpcf7-form-control wpcf7-textarea wpcf7-validates-as-required\" aria-required=\"true\" aria-invalid=\"false\" name=\"your-message\"><\/textarea><\/span> <\/label>\n<\/p>\n<p><input class=\"wpcf7-form-control wpcf7-submit has-spinner\" type=\"submit\" value=\"Envoyer\" \/>\n<\/p><p style=\"display: none !important;\" class=\"akismet-fields-container\" data-prefix=\"_wpcf7_ak_\"><label>&#916;<textarea name=\"_wpcf7_ak_hp_textarea\" cols=\"45\" rows=\"8\" maxlength=\"100\"><\/textarea><\/label><input type=\"hidden\" id=\"ak_js_1\" name=\"_wpcf7_ak_js\" value=\"161\"\/><script>document.getElementById( \"ak_js_1\" ).setAttribute( \"value\", ( new Date() ).getTime() );<\/script><\/p><div class=\"wpcf7-response-output\" aria-hidden=\"true\"><\/div>\n<\/form>\n<\/div>\n\n\t\t<\/div>\n\t\t\t\t\t<\/div>\n\n\t\n<\/div>\n","protected":false},"excerpt":{"rendered":"","protected":false},"author":10,"featured_media":0,"parent":0,"menu_order":0,"comment_status":"closed","ping_status":"closed","template":"","meta":{"_seopress_robots_primary_cat":"","_seopress_titles_title":"","_seopress_titles_desc":"","_seopress_robots_index":"","footnotes":""},"class_list":["post-2390","page","type-page","status-publish"],"_links":{"self":[{"href":"https:\/\/shop24.lu\/fr\/wp-json\/wp\/v2\/pages\/2390","targetHints":{"allow":["GET"]}}],"collection":[{"href":"https:\/\/shop24.lu\/fr\/wp-json\/wp\/v2\/pages"}],"about":[{"href":"https:\/\/shop24.lu\/fr\/wp-json\/wp\/v2\/types\/page"}],"author":[{"embeddable":true,"href":"https:\/\/shop24.lu\/fr\/wp-json\/wp\/v2\/users\/10"}],"replies":[{"embeddable":true,"href":"https:\/\/shop24.lu\/fr\/wp-json\/wp\/v2\/comments?post=2390"}],"version-history":[{"count":0,"href":"https:\/\/shop24.lu\/fr\/wp-json\/wp\/v2\/pages\/2390\/revisions"}],"wp:attachment":[{"href":"https:\/\/shop24.lu\/fr\/wp-json\/wp\/v2\/media?parent=2390"}],"curies":[{"name":"wp","href":"https:\/\/api.w.org\/{rel}","templated":true}]}}