{"id":46144,"date":"2022-02-06T19:02:59","date_gmt":"2022-02-06T17:02:59","guid":{"rendered":"https:\/\/shop24.lu\/?page_id=46144"},"modified":"2024-02-02T21:03:46","modified_gmt":"2024-02-02T19:03:46","slug":"terra-ag-it-made-in-germany","status":"publish","type":"page","link":"https:\/\/shop24.lu\/fr\/terra-ag-it-made-in-germany\/","title":{"rendered":"Terra &#8211; IT. Made in Germany."},"content":{"rendered":"<p><img decoding=\"async\" class=\"alignnone size-full wp-image-46142\" src=\"https:\/\/shop24.lu\/wp-content\/uploads\/2022\/02\/terra-185px.png\" alt=\"\" width=\"215\" height=\"98\" srcset=\"\/wp-content\/uploads\/2022\/02\/terra-185px.png 215w, \/wp-content\/uploads\/2022\/02\/terra-185px-18x8.png 18w, \/wp-content\/uploads\/2022\/02\/terra-185px-210x96.png 210w\" sizes=\"(max-width: 215px) 100vw, 215px\" \/><\/p>\n<p>Depuis plus de 35 ans, le nom Wortmann est synonyme de produits et de services dans le domaine de l&rsquo;informatique (technologies de l&rsquo;information) en tant qu&rsquo;entreprise familiale de taille moyenne active au niveau international.<\/p>\n<p>Avec un chiffre d&rsquo;affaires de plus de 1 milliard d&rsquo;\u20ac en 2021, la soci\u00e9t\u00e9 <a href=\"https:\/\/www.wortmann.de\/\" target=\"_blank\" rel=\"noopener\"><strong>WORTMANN AG<\/strong><\/a> est l&rsquo;une des entreprises informatiques allemandes ind\u00e9pendantes les plus prosp\u00e8res. En tant que fabricant, distributeur et fournisseur de services cloud, nous employons environ 700 personnes et servons plus de 15.000 revendeurs et int\u00e9grateurs dans toute l&rsquo;Europe.<\/p>\n<p><a href=\"https:\/\/www.wortmann.de\" target=\"_blank\" rel=\"noopener\"><img decoding=\"async\" class=\"alignnone size-large wp-image-46153\" src=\"https:\/\/shop24.lu\/wp-content\/uploads\/2022\/02\/wortmann-600x238.jpg\" alt=\"\" width=\"600\" height=\"238\" srcset=\"\/wp-content\/uploads\/2022\/02\/wortmann-600x238.jpg 600w, \/wp-content\/uploads\/2022\/02\/wortmann-300x119.jpg 300w, \/wp-content\/uploads\/2022\/02\/wortmann-768x304.jpg 768w, \/wp-content\/uploads\/2022\/02\/wortmann-18x7.jpg 18w, \/wp-content\/uploads\/2022\/02\/wortmann-210x83.jpg 210w, \/wp-content\/uploads\/2022\/02\/wortmann.jpg 800w\" sizes=\"(max-width: 600px) 100vw, 600px\" \/><\/a><\/p>\n<p>La marque propre <strong>TERRA<\/strong>, avec ses tablettes, ordinateurs portables, PC, stations de travail, serveurs, baies de stockage, clients l\u00e9gers et \u00e9crans LCD, est assembl\u00e9e en Allemagne et dispose de son propre r\u00e9seau de partenaires et d&rsquo;un centre de service central sur le site de production.<\/p>\n<h3>TERRA &#8211; La marque de mat\u00e9riel informatique allemande la plus performante<\/h3>\n<p>Depuis plus de <strong>30 ans<\/strong>, les produits TERRA sont synonymes de produits fiables et abordables de haute qualit\u00e9 fabriqu\u00e9s en Allemagne. La gamme comprend tous les appareils dont vous avez besoin pour une informatique moderne.<\/p>\n<p>Tous les produits TERRA se caract\u00e9risent par une longue <strong>dur\u00e9e de vie<\/strong> et <strong>des prestations de service<\/strong> compl\u00e8tes. Pour cela, notre centre de service TERRA et notre r\u00e9seau de plus de 1.000 entreprises partenaires de service TERRA sont \u00e0 votre disposition depuis <strong>1995<\/strong>.<\/p>\n<p><a href=\"https:\/\/www.wortmann.de\/de-de\/content\/bereich-terra\/Eigenmarken.aspx\" target=\"_blank\" rel=\"noopener\"><img decoding=\"async\" class=\"alignnone wp-image-46154 size-large\" src=\"https:\/\/shop24.lu\/wp-content\/uploads\/2022\/02\/terra-pcs_800-600x197.jpg\" alt=\"TERRA Produkte\" width=\"600\" height=\"197\" srcset=\"\/wp-content\/uploads\/2022\/02\/terra-pcs_800-600x197.jpg 600w, \/wp-content\/uploads\/2022\/02\/terra-pcs_800-300x98.jpg 300w, \/wp-content\/uploads\/2022\/02\/terra-pcs_800-768x252.jpg 768w, \/wp-content\/uploads\/2022\/02\/terra-pcs_800-18x6.jpg 18w, \/wp-content\/uploads\/2022\/02\/terra-pcs_800-210x69.jpg 210w, \/wp-content\/uploads\/2022\/02\/terra-pcs_800.jpg 800w\" sizes=\"(max-width: 600px) 100vw, 600px\" \/><\/a><\/p>\n<p>L&rsquo;entrep\u00f4t et la production au si\u00e8ge social \u00e0 <strong>H\u00fcllhorst (Allemagne)<\/strong> garantissent une grande disponibilit\u00e9 et permettent m\u00eame, sur demande, la livraison de votre produit TERRA <strong>individuel<\/strong> dans un d\u00e9lai d&rsquo;un ou deux jours ouvrables.<\/p>\n<p>Les produits TERRA sont disponibles dans <strong>les magasins TERRA<\/strong> ou en ligne, par ex <a href=\"https:\/\/shop24.lu\/fr\/vendors\/econcept-tech\/\"><strong>Shop24.lu<\/strong><\/a> vous pouvez les acheter en ligne. Ceux-ci sont soutenus par notre entreprise, qui compte plus de 160 conseillers sur tous les th\u00e8mes actuels de l&rsquo;informatique, afin de vous garantir un conseil optimal.<\/p>\n<p>Au Luxembourg, c&rsquo;est entre autres la soci\u00e9t\u00e9 <a href=\"https:\/\/econcept.lu\" target=\"_blank\" rel=\"noopener\"><strong>eConcept S\u00e0rl-S<\/strong><\/a> qui distribue les produits de la marque TERRA. Vous pouvez facilement acheter les produits TERRA en ligne sur <strong><a href=\"https:\/\/shop24.lu\/fr\/vendors\/econcept-tech\/\">Shop24.lu &#8211; Shopping en ligne au Luxembourg<\/a><\/strong> commander.<\/p>\n","protected":false},"excerpt":{"rendered":"<p>Depuis plus de 35 ans, le nom Wortmann est synonyme de produits et de services dans le domaine de l&rsquo;informatique (technologies de l&rsquo;information) en tant qu&rsquo;entreprise familiale de taille moyenne active au niveau international. Avec un chiffre d&rsquo;affaires de plus de 1 milliard d&rsquo;\u20ac en 2021, la soci\u00e9t\u00e9 WORTMANN AG est l&rsquo;une des entreprises informatiques [&#8230;]\n","protected":false},"author":10,"featured_media":0,"parent":0,"menu_order":0,"comment_status":"closed","ping_status":"closed","template":"","meta":{"_seopress_robots_primary_cat":"","_seopress_titles_title":"","_seopress_titles_desc":"","_seopress_robots_index":"","footnotes":""},"class_list":["post-46144","page","type-page","status-publish"],"_links":{"self":[{"href":"https:\/\/shop24.lu\/fr\/wp-json\/wp\/v2\/pages\/46144","targetHints":{"allow":["GET"]}}],"collection":[{"href":"https:\/\/shop24.lu\/fr\/wp-json\/wp\/v2\/pages"}],"about":[{"href":"https:\/\/shop24.lu\/fr\/wp-json\/wp\/v2\/types\/page"}],"author":[{"embeddable":true,"href":"https:\/\/shop24.lu\/fr\/wp-json\/wp\/v2\/users\/10"}],"replies":[{"embeddable":true,"href":"https:\/\/shop24.lu\/fr\/wp-json\/wp\/v2\/comments?post=46144"}],"version-history":[{"count":1,"href":"https:\/\/shop24.lu\/fr\/wp-json\/wp\/v2\/pages\/46144\/revisions"}],"predecessor-version":[{"id":258952,"href":"https:\/\/shop24.lu\/fr\/wp-json\/wp\/v2\/pages\/46144\/revisions\/258952"}],"wp:attachment":[{"href":"https:\/\/shop24.lu\/fr\/wp-json\/wp\/v2\/media?parent=46144"}],"curies":[{"name":"wp","href":"https:\/\/api.w.org\/{rel}","templated":true}]}}