{"id":20686,"date":"2021-01-15T10:01:11","date_gmt":"2021-01-15T08:01:11","guid":{"rendered":"https:\/\/shop24.lu\/?post_type=product&#038;p=20686"},"modified":"2021-02-16T12:45:16","modified_gmt":"2021-02-16T10:45:16","slug":"vins-rk-auxerrois-rosport-hoelt-2018","status":"publish","type":"product","link":"https:\/\/shop24.lu\/fr\/product\/vins-rk-auxerrois-rosport-hoelt-2018\/","title":{"rendered":"Vins RK-Auxerrois Rosport Hoelt 2018"},"content":{"rendered":"<p>Appellation d\u2019Origine Contr\u00f4l\u00e9e : Moselle Luxembourgeoise<br \/>\nLieu-dit : Hoelt \u00e0 Rosport<br \/>\nSols marneux du gr\u00e8s coquillier<br \/>\nSuperficie : 10.5 ares<br \/>\nVendange manuelle  le 22 septembre 2018<br \/>\nPression du raisin entier sans mac\u00e9ration et \u00e9raflage<br \/>\nR\u00e9colte: 290 litres, 350 bouteilles \u00e0 750 ml<br \/>\nFermentation sous l\u2019action des levures indig\u00e8ne pendant 11 mois en f\u00fbt inox au Ch\u00e2teau Pauqu\u00e9 (Domaine d\u2019Abi Duhr) \u00e0 Grevenmacher<br \/>\nAlcool: 12.7%<br \/>\nSucre r\u00e9siduel: 24.2 gr\/l<br \/>\nAcidit\u00e9 : 3.5 gr\/l<\/p>\n","protected":false},"excerpt":{"rendered":"<p>C\u00e9pages : Auxerrois 95%, Sylvaner 2%, Pinot Noir 2%, Elbling 1% <br \/>\nAppellation d\u2019Origine Contr\u00f4l\u00e9e : Moselle Luxembourgeoise<\/p>\n","protected":false},"featured_media":20687,"comment_status":"open","ping_status":"closed","template":"","meta":{"_seopress_robots_primary_cat":"","_seopress_titles_title":"","_seopress_titles_desc":"","_seopress_robots_index":""},"product_brand":[],"product_cat":[531,533,535],"product_tag":[556,320,20679,20685,20677,20683,555],"class_list":{"0":"post-20686","1":"product","2":"type-product","3":"status-publish","4":"has-post-thumbnail","6":"product_cat-boissons","7":"product_cat-vins","8":"product_cat-vins-blancs","9":"product_tag-auxerrois","10":"product_tag-blanc","11":"product_tag-krippes","12":"product_tag-moselle","13":"product_tag-rene","14":"product_tag-rosport","15":"product_tag-vin","16":"pa_size-750ml","18":"first","19":"instock","20":"shipping-taxable","21":"purchasable","22":"product-type-simple"},"_links":{"self":[{"href":"https:\/\/shop24.lu\/fr\/wp-json\/wp\/v2\/product\/20686","targetHints":{"allow":["GET"]}}],"collection":[{"href":"https:\/\/shop24.lu\/fr\/wp-json\/wp\/v2\/product"}],"about":[{"href":"https:\/\/shop24.lu\/fr\/wp-json\/wp\/v2\/types\/product"}],"replies":[{"embeddable":true,"href":"https:\/\/shop24.lu\/fr\/wp-json\/wp\/v2\/comments?post=20686"}],"wp:featuredmedia":[{"embeddable":true,"href":"https:\/\/shop24.lu\/fr\/wp-json\/wp\/v2\/media\/20687"}],"wp:attachment":[{"href":"https:\/\/shop24.lu\/fr\/wp-json\/wp\/v2\/media?parent=20686"}],"wp:term":[{"taxonomy":"product_brand","embeddable":true,"href":"https:\/\/shop24.lu\/fr\/wp-json\/wp\/v2\/product_brand?post=20686"},{"taxonomy":"product_cat","embeddable":true,"href":"https:\/\/shop24.lu\/fr\/wp-json\/wp\/v2\/product_cat?post=20686"},{"taxonomy":"product_tag","embeddable":true,"href":"https:\/\/shop24.lu\/fr\/wp-json\/wp\/v2\/product_tag?post=20686"}],"curies":[{"name":"wp","href":"https:\/\/api.w.org\/{rel}","templated":true}]}}