{"id":221944,"date":"2023-06-27T21:56:16","date_gmt":"2023-06-27T19:56:16","guid":{"rendered":"https:\/\/shop24.lu\/?post_type=product&#038;p=221944"},"modified":"2024-07-24T13:46:55","modified_gmt":"2024-07-24T11:46:55","slug":"thalgo-creme-uniformisante-2","status":"publish","type":"product","link":"https:\/\/shop24.lu\/fr\/product\/thalgo-creme-uniformisante-2\/","title":{"rendered":"THALGO &#8211; Cr\u00e8me uniformisante"},"content":{"rendered":"","protected":false},"excerpt":{"rendered":"<p>Riche en extrait d\u2019Algue Brune et enrichie d\u2019un bouclier contre le stress oxydatif environnemental, cette cr\u00e8me onctueuse aide \u00e0 pr\u00e9venir et \u00e0 lutter contre les taches brunes. Progressivement, la peau se lisse, le teint s\u2019uniformise, s\u2019\u00e9claire et devient naturellement plus lumineux.<\/p>\n","protected":false},"featured_media":221947,"comment_status":"closed","ping_status":"closed","template":"","meta":{"_seopress_robots_primary_cat":"","_seopress_titles_title":"","_seopress_titles_desc":"","_seopress_robots_index":""},"product_brand":[],"product_cat":[29832],"product_tag":[333,328,31323],"class_list":{"0":"post-221944","1":"product","2":"type-product","3":"status-publish","4":"has-post-thumbnail","6":"product_cat-cremes-de-jour-et-de-nuit","7":"product_tag-creme","8":"product_tag-thalgo","9":"product_tag-uniformisante","11":"first","12":"instock","13":"shipping-taxable","14":"purchasable","15":"product-type-simple"},"_links":{"self":[{"href":"https:\/\/shop24.lu\/fr\/wp-json\/wp\/v2\/product\/221944","targetHints":{"allow":["GET"]}}],"collection":[{"href":"https:\/\/shop24.lu\/fr\/wp-json\/wp\/v2\/product"}],"about":[{"href":"https:\/\/shop24.lu\/fr\/wp-json\/wp\/v2\/types\/product"}],"replies":[{"embeddable":true,"href":"https:\/\/shop24.lu\/fr\/wp-json\/wp\/v2\/comments?post=221944"}],"wp:featuredmedia":[{"embeddable":true,"href":"https:\/\/shop24.lu\/fr\/wp-json\/wp\/v2\/media\/221947"}],"wp:attachment":[{"href":"https:\/\/shop24.lu\/fr\/wp-json\/wp\/v2\/media?parent=221944"}],"wp:term":[{"taxonomy":"product_brand","embeddable":true,"href":"https:\/\/shop24.lu\/fr\/wp-json\/wp\/v2\/product_brand?post=221944"},{"taxonomy":"product_cat","embeddable":true,"href":"https:\/\/shop24.lu\/fr\/wp-json\/wp\/v2\/product_cat?post=221944"},{"taxonomy":"product_tag","embeddable":true,"href":"https:\/\/shop24.lu\/fr\/wp-json\/wp\/v2\/product_tag?post=221944"}],"curies":[{"name":"wp","href":"https:\/\/api.w.org\/{rel}","templated":true}]}}