{"id":221960,"date":"2023-06-27T22:06:13","date_gmt":"2023-06-27T20:06:13","guid":{"rendered":"https:\/\/shop24.lu\/?post_type=product&#038;p=221960"},"modified":"2024-07-24T13:55:18","modified_gmt":"2024-07-24T11:55:18","slug":"thalgo-baume-apaisant-reparateur-peeling-marin","status":"publish","type":"product","link":"https:\/\/shop24.lu\/fr\/product\/thalgo-baume-apaisant-reparateur-peeling-marin\/","title":{"rendered":"THALGO &#8211; Baume apaisant r\u00e9parateur peeling marin"},"content":{"rendered":"","protected":false},"excerpt":{"rendered":"<p>Id\u00e9al en post-peeling, ce soin \u00e0 effet \u00ab pansement \u00bb, enrichi en Complexe Nutri-apaisant et en M\u00e9solift Marin, nourrit imm\u00e9diatement et intens\u00e9ment la peau.<\/p>\n","protected":false},"featured_media":277689,"comment_status":"closed","ping_status":"closed","template":"","meta":{"_seopress_robots_primary_cat":"","_seopress_titles_title":"","_seopress_titles_desc":"","_seopress_robots_index":""},"product_brand":[],"product_cat":[565],"product_tag":[31329,337,31327,357,328],"class_list":{"0":"post-221960","1":"product","2":"type-product","3":"status-publish","4":"has-post-thumbnail","6":"product_cat-soins-du-visage-h","7":"product_tag-apaisant","8":"product_tag-baume","9":"product_tag-marin","10":"product_tag-peeling","11":"product_tag-thalgo","13":"first","14":"instock","15":"shipping-taxable","16":"purchasable","17":"product-type-simple"},"_links":{"self":[{"href":"https:\/\/shop24.lu\/fr\/wp-json\/wp\/v2\/product\/221960","targetHints":{"allow":["GET"]}}],"collection":[{"href":"https:\/\/shop24.lu\/fr\/wp-json\/wp\/v2\/product"}],"about":[{"href":"https:\/\/shop24.lu\/fr\/wp-json\/wp\/v2\/types\/product"}],"replies":[{"embeddable":true,"href":"https:\/\/shop24.lu\/fr\/wp-json\/wp\/v2\/comments?post=221960"}],"wp:featuredmedia":[{"embeddable":true,"href":"https:\/\/shop24.lu\/fr\/wp-json\/wp\/v2\/media\/277689"}],"wp:attachment":[{"href":"https:\/\/shop24.lu\/fr\/wp-json\/wp\/v2\/media?parent=221960"}],"wp:term":[{"taxonomy":"product_brand","embeddable":true,"href":"https:\/\/shop24.lu\/fr\/wp-json\/wp\/v2\/product_brand?post=221960"},{"taxonomy":"product_cat","embeddable":true,"href":"https:\/\/shop24.lu\/fr\/wp-json\/wp\/v2\/product_cat?post=221960"},{"taxonomy":"product_tag","embeddable":true,"href":"https:\/\/shop24.lu\/fr\/wp-json\/wp\/v2\/product_tag?post=221960"}],"curies":[{"name":"wp","href":"https:\/\/api.w.org\/{rel}","templated":true}]}}