{"id":221964,"date":"2023-06-27T22:07:28","date_gmt":"2023-06-27T20:07:28","guid":{"rendered":"https:\/\/shop24.lu\/?post_type=product&#038;p=221964"},"modified":"2024-07-24T13:53:10","modified_gmt":"2024-07-24T11:53:10","slug":"thalgo-creme-ecran-spf-50-peeling-marin","status":"publish","type":"product","link":"https:\/\/shop24.lu\/fr\/product\/thalgo-creme-ecran-spf-50-peeling-marin\/","title":{"rendered":"THALGO &#8211; Cr\u00e8me \u00e9cran spf 50 peeling marin"},"content":{"rendered":"","protected":false},"excerpt":{"rendered":"<p>Soin post-peeling incontournable, cette cr\u00e8me tr\u00e8s haute protection UVA\/UVB, offre une d\u00e9fense optimale \u00e0 la peau. Non com\u00e9dog\u00e8ne, non grasse, non blanchissante, id\u00e9ale en base de maquillage.<\/p>\n","protected":false},"featured_media":277688,"comment_status":"closed","ping_status":"closed","template":"","meta":{"_seopress_robots_primary_cat":"","_seopress_titles_title":"","_seopress_titles_desc":"","_seopress_robots_index":""},"product_brand":[],"product_cat":[565],"product_tag":[333,31327,357,328],"class_list":{"0":"post-221964","1":"product","2":"type-product","3":"status-publish","4":"has-post-thumbnail","6":"product_cat-soins-du-visage-h","7":"product_tag-creme","8":"product_tag-marin","9":"product_tag-peeling","10":"product_tag-thalgo","12":"first","13":"instock","14":"shipping-taxable","15":"purchasable","16":"product-type-simple"},"_links":{"self":[{"href":"https:\/\/shop24.lu\/fr\/wp-json\/wp\/v2\/product\/221964","targetHints":{"allow":["GET"]}}],"collection":[{"href":"https:\/\/shop24.lu\/fr\/wp-json\/wp\/v2\/product"}],"about":[{"href":"https:\/\/shop24.lu\/fr\/wp-json\/wp\/v2\/types\/product"}],"replies":[{"embeddable":true,"href":"https:\/\/shop24.lu\/fr\/wp-json\/wp\/v2\/comments?post=221964"}],"wp:featuredmedia":[{"embeddable":true,"href":"https:\/\/shop24.lu\/fr\/wp-json\/wp\/v2\/media\/277688"}],"wp:attachment":[{"href":"https:\/\/shop24.lu\/fr\/wp-json\/wp\/v2\/media?parent=221964"}],"wp:term":[{"taxonomy":"product_brand","embeddable":true,"href":"https:\/\/shop24.lu\/fr\/wp-json\/wp\/v2\/product_brand?post=221964"},{"taxonomy":"product_cat","embeddable":true,"href":"https:\/\/shop24.lu\/fr\/wp-json\/wp\/v2\/product_cat?post=221964"},{"taxonomy":"product_tag","embeddable":true,"href":"https:\/\/shop24.lu\/fr\/wp-json\/wp\/v2\/product_tag?post=221964"}],"curies":[{"name":"wp","href":"https:\/\/api.w.org\/{rel}","templated":true}]}}