{"id":2385,"date":"2020-09-03T21:47:40","date_gmt":"2020-09-03T19:47:40","guid":{"rendered":"https:\/\/shop24.lu\/?post_type=product&#038;p=2385"},"modified":"2024-07-16T15:27:28","modified_gmt":"2024-07-16T13:27:28","slug":"thalgo-lait-fondant-demaquillant","status":"publish","type":"product","link":"https:\/\/shop24.lu\/fr\/product\/thalgo-lait-fondant-demaquillant\/","title":{"rendered":"Thalgo &#8211; Lait velout\u00e9 d\u00e9maquillant"},"content":{"rendered":"<p>1er lait visage et yeux \u00e0 la S\u00e8ve Bleue des Oc\u00e9ans, qui d\u00e9maquille efficacement toutes les peaux, m\u00eame sensibles.<\/p>\n","protected":false},"excerpt":{"rendered":"<p>1er lait visage et yeux \u00e0 la S\u00e8ve Bleue des Oc\u00e9ans, qui d\u00e9maquille efficacement toutes les peaux, m\u00eame sensibles.<\/p>\n","protected":false},"featured_media":277060,"comment_status":"open","ping_status":"closed","template":"","meta":{"_seopress_robots_primary_cat":"","_seopress_titles_title":"","_seopress_titles_desc":"","_seopress_robots_index":""},"product_brand":[],"product_cat":[60,330],"product_tag":[329,331,332,328],"class_list":{"0":"post-2385","1":"product","2":"type-product","3":"status-publish","4":"has-post-thumbnail","6":"product_cat-beaute","7":"product_cat-nettoyants","8":"product_tag-beauty","9":"product_tag-demaquillage","10":"product_tag-eauceane","11":"product_tag-thalgo","13":"first","14":"instock","15":"shipping-taxable","16":"purchasable","17":"product-type-simple"},"_links":{"self":[{"href":"https:\/\/shop24.lu\/fr\/wp-json\/wp\/v2\/product\/2385","targetHints":{"allow":["GET"]}}],"collection":[{"href":"https:\/\/shop24.lu\/fr\/wp-json\/wp\/v2\/product"}],"about":[{"href":"https:\/\/shop24.lu\/fr\/wp-json\/wp\/v2\/types\/product"}],"replies":[{"embeddable":true,"href":"https:\/\/shop24.lu\/fr\/wp-json\/wp\/v2\/comments?post=2385"}],"wp:featuredmedia":[{"embeddable":true,"href":"https:\/\/shop24.lu\/fr\/wp-json\/wp\/v2\/media\/277060"}],"wp:attachment":[{"href":"https:\/\/shop24.lu\/fr\/wp-json\/wp\/v2\/media?parent=2385"}],"wp:term":[{"taxonomy":"product_brand","embeddable":true,"href":"https:\/\/shop24.lu\/fr\/wp-json\/wp\/v2\/product_brand?post=2385"},{"taxonomy":"product_cat","embeddable":true,"href":"https:\/\/shop24.lu\/fr\/wp-json\/wp\/v2\/product_cat?post=2385"},{"taxonomy":"product_tag","embeddable":true,"href":"https:\/\/shop24.lu\/fr\/wp-json\/wp\/v2\/product_tag?post=2385"}],"curies":[{"name":"wp","href":"https:\/\/api.w.org\/{rel}","templated":true}]}}