{"id":2424,"date":"2020-09-10T23:23:03","date_gmt":"2020-09-10T21:23:03","guid":{"rendered":"https:\/\/shop24.lu\/?post_type=product&#038;p=2424"},"modified":"2024-07-17T12:22:13","modified_gmt":"2024-07-17T10:22:13","slug":"thalgo-creme-resurfacante","status":"publish","type":"product","link":"https:\/\/shop24.lu\/fr\/product\/thalgo-creme-resurfacante\/","title":{"rendered":"Thalgo-Cr\u00e8me resurfa\u00e7ante"},"content":{"rendered":"<p>Geste de pr\u00e9cision pour gommer une \u00e0 une rides et irr\u00e9gularit\u00e9s, cette cr\u00e8me, riche en microcristaux d&rsquo;Oxyde d&rsquo;Aluminium et en Karit\u00e9, offre une exfoliation<\/p>\n","protected":false},"excerpt":{"rendered":"<p>Geste de pr\u00e9cision pour gommer une \u00e0 une rides et irr\u00e9gularit\u00e9s, cette cr\u00e8me, riche en microcristaux d&rsquo;Oxyde d&rsquo;Aluminium et en Karit\u00e9, offre une exfoliation<\/p>\n","protected":false},"featured_media":2425,"comment_status":"open","ping_status":"closed","template":"","meta":{"_seopress_robots_primary_cat":"","_seopress_titles_title":"","_seopress_titles_desc":"","_seopress_robots_index":""},"product_brand":[],"product_cat":[60,29832,336,339],"product_tag":[358,329,332,356,335,357,348,345,328],"class_list":{"0":"post-2424","1":"product","2":"type-product","3":"status-publish","4":"has-post-thumbnail","6":"product_cat-beaute","7":"product_cat-cremes-de-jour-et-de-nuit","8":"product_cat-gommage","9":"product_cat-soins-du-visage","10":"product_tag-anti-aging","11":"product_tag-beauty","12":"product_tag-eauceane","13":"product_tag-gommage","14":"product_tag-nettoyante","15":"product_tag-peeling","16":"product_tag-soin","17":"product_tag-soin-visage","18":"product_tag-thalgo","20":"first","21":"instock","22":"shipping-taxable","23":"purchasable","24":"product-type-simple"},"_links":{"self":[{"href":"https:\/\/shop24.lu\/fr\/wp-json\/wp\/v2\/product\/2424","targetHints":{"allow":["GET"]}}],"collection":[{"href":"https:\/\/shop24.lu\/fr\/wp-json\/wp\/v2\/product"}],"about":[{"href":"https:\/\/shop24.lu\/fr\/wp-json\/wp\/v2\/types\/product"}],"replies":[{"embeddable":true,"href":"https:\/\/shop24.lu\/fr\/wp-json\/wp\/v2\/comments?post=2424"}],"wp:featuredmedia":[{"embeddable":true,"href":"https:\/\/shop24.lu\/fr\/wp-json\/wp\/v2\/media\/2425"}],"wp:attachment":[{"href":"https:\/\/shop24.lu\/fr\/wp-json\/wp\/v2\/media?parent=2424"}],"wp:term":[{"taxonomy":"product_brand","embeddable":true,"href":"https:\/\/shop24.lu\/fr\/wp-json\/wp\/v2\/product_brand?post=2424"},{"taxonomy":"product_cat","embeddable":true,"href":"https:\/\/shop24.lu\/fr\/wp-json\/wp\/v2\/product_cat?post=2424"},{"taxonomy":"product_tag","embeddable":true,"href":"https:\/\/shop24.lu\/fr\/wp-json\/wp\/v2\/product_tag?post=2424"}],"curies":[{"name":"wp","href":"https:\/\/api.w.org\/{rel}","templated":true}]}}