{"id":2495,"date":"2020-09-13T11:11:27","date_gmt":"2020-09-13T09:11:27","guid":{"rendered":"https:\/\/shop24.lu\/?post_type=product&#038;p=2495"},"modified":"2024-07-24T10:55:03","modified_gmt":"2024-07-24T08:55:03","slug":"thalgo-serum-redensifiant-intensif","status":"publish","type":"product","link":"https:\/\/shop24.lu\/fr\/product\/thalgo-serum-redensifiant-intensif\/","title":{"rendered":"Thalgo-S\u00e9rum redensifiant intensif"},"content":{"rendered":"<p>Ce s\u00e9rum concentr\u00e9, enrichi en Acide Hyaluronique, associe toute la puissance redensifiante-liftante du Complexe Substitutif Marin brevet\u00e9 \u00e0 un trio v\u00e9g\u00e9tal r\u00e9activateur de lumi\u00e8re. Au fil des applications, l\u2019ovale est comme remodel\u00e9 et les volumes du visage sont visiblement restaur\u00e9s. Le teint para\u00eet plus frais, plus homog\u00e8ne, et l&rsquo;\u00e9clat ros\u00e9 naturel du visage est comme restaur\u00e9.<\/p>\n","protected":false},"excerpt":{"rendered":"<p>Ce s\u00e9rum concentr\u00e9, enrichi en Acide Hyaluronique, associe toute la puissance redensifiante-liftante du Complexe Substitutif Marin brevet\u00e9 \u00e0 un trio v\u00e9g\u00e9tal r\u00e9activateur de lumi\u00e8re. Au fil des applications, l\u2019ovale est comme remodel\u00e9 et les volumes du visage sont visiblement restaur\u00e9s. Le teint para\u00eet plus frais, plus homog\u00e8ne, et l&rsquo;\u00e9clat ros\u00e9 naturel du visage est comme restaur\u00e9.<\/p>\n","protected":false},"featured_media":2496,"comment_status":"open","ping_status":"closed","template":"","meta":{"_seopress_robots_primary_cat":"","_seopress_titles_title":"","_seopress_titles_desc":"","_seopress_robots_index":""},"product_brand":[],"product_cat":[60,29840,339],"product_tag":[358,329,332,355,374,362,348,345,328],"class_list":{"0":"post-2495","1":"product","2":"type-product","3":"status-publish","4":"has-post-thumbnail","6":"product_cat-beaute","7":"product_cat-serum","8":"product_cat-soins-du-visage","9":"product_tag-anti-aging","10":"product_tag-beauty","11":"product_tag-eauceane","12":"product_tag-hydratant","13":"product_tag-lifting","14":"product_tag-serum","15":"product_tag-soin","16":"product_tag-soin-visage","17":"product_tag-thalgo","19":"first","20":"instock","21":"shipping-taxable","22":"purchasable","23":"product-type-simple"},"_links":{"self":[{"href":"https:\/\/shop24.lu\/fr\/wp-json\/wp\/v2\/product\/2495","targetHints":{"allow":["GET"]}}],"collection":[{"href":"https:\/\/shop24.lu\/fr\/wp-json\/wp\/v2\/product"}],"about":[{"href":"https:\/\/shop24.lu\/fr\/wp-json\/wp\/v2\/types\/product"}],"replies":[{"embeddable":true,"href":"https:\/\/shop24.lu\/fr\/wp-json\/wp\/v2\/comments?post=2495"}],"wp:featuredmedia":[{"embeddable":true,"href":"https:\/\/shop24.lu\/fr\/wp-json\/wp\/v2\/media\/2496"}],"wp:attachment":[{"href":"https:\/\/shop24.lu\/fr\/wp-json\/wp\/v2\/media?parent=2495"}],"wp:term":[{"taxonomy":"product_brand","embeddable":true,"href":"https:\/\/shop24.lu\/fr\/wp-json\/wp\/v2\/product_brand?post=2495"},{"taxonomy":"product_cat","embeddable":true,"href":"https:\/\/shop24.lu\/fr\/wp-json\/wp\/v2\/product_cat?post=2495"},{"taxonomy":"product_tag","embeddable":true,"href":"https:\/\/shop24.lu\/fr\/wp-json\/wp\/v2\/product_tag?post=2495"}],"curies":[{"name":"wp","href":"https:\/\/api.w.org\/{rel}","templated":true}]}}