{"id":2497,"date":"2020-09-13T11:18:54","date_gmt":"2020-09-13T09:18:54","guid":{"rendered":"https:\/\/shop24.lu\/?post_type=product&#038;p=2497"},"modified":"2024-07-24T10:58:51","modified_gmt":"2024-07-24T08:58:51","slug":"thalgo-creme-redensifiante","status":"publish","type":"product","link":"https:\/\/shop24.lu\/fr\/product\/thalgo-creme-redensifiante\/","title":{"rendered":"Thalgo-Cr\u00e8me redensifiante"},"content":{"rendered":"<p>Cette cr\u00e8me \u00e0 la texture fine et velout\u00e9e, concentre toute la puissance redensifiante-liftante du Complexe Substitutif Marin brevet\u00e9. Au fil des applications, l\u2019ovale du visage est comme remodel\u00e9, les volumes semblent restaur\u00e9s, les rides paraissent se combler et le teint est visiblement unifi\u00e9.<\/p>\n","protected":false},"excerpt":{"rendered":"<p>Cette cr\u00e8me \u00e0 la texture fine et velout\u00e9e, concentre toute la puissance redensifiante-liftante du Complexe Substitutif Marin brevet\u00e9. Au fil des applications, l\u2019ovale du visage est comme remodel\u00e9, les volumes semblent restaur\u00e9s, les rides paraissent se combler et le teint est visiblement unifi\u00e9.<\/p>\n","protected":false},"featured_media":277674,"comment_status":"open","ping_status":"closed","template":"","meta":{"_seopress_robots_primary_cat":"","_seopress_titles_title":"","_seopress_titles_desc":"","_seopress_robots_index":""},"product_brand":[],"product_cat":[60,29832,339],"product_tag":[358,329,368,332,374,348,345,328],"class_list":{"0":"post-2497","1":"product","2":"type-product","3":"status-publish","4":"has-post-thumbnail","6":"product_cat-beaute","7":"product_cat-cremes-de-jour-et-de-nuit","8":"product_cat-soins-du-visage","9":"product_tag-anti-aging","10":"product_tag-beauty","11":"product_tag-creme-visage","12":"product_tag-eauceane","13":"product_tag-lifting","14":"product_tag-soin","15":"product_tag-soin-visage","16":"product_tag-thalgo","18":"first","19":"instock","20":"shipping-taxable","21":"purchasable","22":"product-type-simple"},"_links":{"self":[{"href":"https:\/\/shop24.lu\/fr\/wp-json\/wp\/v2\/product\/2497","targetHints":{"allow":["GET"]}}],"collection":[{"href":"https:\/\/shop24.lu\/fr\/wp-json\/wp\/v2\/product"}],"about":[{"href":"https:\/\/shop24.lu\/fr\/wp-json\/wp\/v2\/types\/product"}],"replies":[{"embeddable":true,"href":"https:\/\/shop24.lu\/fr\/wp-json\/wp\/v2\/comments?post=2497"}],"wp:featuredmedia":[{"embeddable":true,"href":"https:\/\/shop24.lu\/fr\/wp-json\/wp\/v2\/media\/277674"}],"wp:attachment":[{"href":"https:\/\/shop24.lu\/fr\/wp-json\/wp\/v2\/media?parent=2497"}],"wp:term":[{"taxonomy":"product_brand","embeddable":true,"href":"https:\/\/shop24.lu\/fr\/wp-json\/wp\/v2\/product_brand?post=2497"},{"taxonomy":"product_cat","embeddable":true,"href":"https:\/\/shop24.lu\/fr\/wp-json\/wp\/v2\/product_cat?post=2497"},{"taxonomy":"product_tag","embeddable":true,"href":"https:\/\/shop24.lu\/fr\/wp-json\/wp\/v2\/product_tag?post=2497"}],"curies":[{"name":"wp","href":"https:\/\/api.w.org\/{rel}","templated":true}]}}