{"id":252768,"date":"2023-11-20T23:03:21","date_gmt":"2023-11-20T21:03:21","guid":{"rendered":"https:\/\/shop24.lu\/?post_type=product&#038;p=252768"},"modified":"2023-11-20T23:04:36","modified_gmt":"2023-11-20T21:04:36","slug":"ecourses24-instagram-marketing-hero","status":"publish","type":"product","link":"https:\/\/shop24.lu\/fr\/product\/ecourses24-instagram-marketing-hero\/","title":{"rendered":"eCourses24.com &#8211; Instagram Marketing Hero"},"content":{"rendered":"<h3>Un cours de <a href=\"https:\/\/ecourses24.com\">eCourses24.com<\/a><\/h3>\n<p>Instagram est le r\u00e9seau social de la nouvelle g\u00e9n\u00e9ration. C&rsquo;est l&rsquo;endroit o\u00f9 les jeunes se retrouvent et interagissent. L&rsquo;audience est forte de milliards de personnes et ne cesse de cro\u00eetre.<\/p>\n<p>Il compte d\u00e9j\u00e0 une race d&rsquo;influenceurs et de sp\u00e9cialistes du marketing ultra-r\u00e9ussis qui ont utilis\u00e9 Instagram pour tout, de la promotion de causes sociales \u00e0 la philanthropie, en passant par la cr\u00e9ation d&rsquo;entreprises massives, sans rien d&rsquo;autre que leur influence sur Instagram.<\/p>\n<p>Si vous avez quelque chose \u00e0 dire, Instagram est l&rsquo;une des meilleures plateformes pour le faire. Surtout si vous pouvez le dire visuellement.<\/p>\n<p>Dans ce cours, nous commencerons sans aucune hypoth\u00e8se. Nous commencerons par le tout d\u00e9but, nous vous montrerons les bases et nous vous guiderons pas \u00e0 pas pour vous transformer en un marketeur Instagram de niveau expert.<\/p>\n<p><iframe title=\"Instagram Marketing Hero - Promotional Video\" width=\"1020\" height=\"574\" src=\"https:\/\/www.youtube.com\/embed\/dcEJmBEUy0c?feature=oembed\" frameborder=\"0\" allow=\"accelerometer; autoplay; clipboard-write; encrypted-media; gyroscope; picture-in-picture; web-share\" allowfullscreen><\/iframe><\/p>\n<p>Vous saurez tout sur l&rsquo;utilisation d&rsquo;Instagram pour obtenir les meilleurs r\u00e9sultats possibles, quel que soit votre objectif.<\/p>\n<p>Apprenez \u00e0 :<\/p>\n<ul>\n<li>Mettre en place un excellent profil.<\/li>\n<li>Utiliser correctement les Hashtags<\/li>\n<li>Attirer des internautes sur vos pages web depuis Instagram.<\/li>\n<li>Vendre sur Instagram<\/li>\n<li>Construire une audience massive sur Instagram<\/li>\n<\/ul>\n<p>Ce cours est le guide complet et il couvre tout ce que vous devez savoir pour devenir un expert d&rsquo;Instagram.<\/p>\n<p>Nous vous emmenons \u00e0 travers ce voyage avec beaucoup d&rsquo;\u00e9tudes de cas et d&rsquo;\u00e9chantillons vous montrant exactement ce qui est bon et ce qui est mauvais.<\/p>\n<p>\u00cates-vous pr\u00eat pour un voyage extraordinaire ? Rejoignez-nous !<\/p>\n<div class=\"tutor-course-details-widget\">\n<h3 class=\"tutor-course-details-widget-title tutor-fs-5 tutor-color-black tutor-fw-bold tutor-mb-16\">Le mat\u00e9riel comprend<\/h3>\n<ul class=\"tutor-course-details-widget-list tutor-fs-6 tutor-color-black\">\n<li class=\"tutor-d-flex tutor-mb-12\">2 heures de vid\u00e9o \u00e0 la demande<\/li>\n<li class=\"tutor-d-flex tutor-mb-12\">Acc\u00e8s complet \u00e0 vie<\/li>\n<li class=\"tutor-d-flex tutor-mb-12\">Acc\u00e8s sur mobile, tablette et ordinateur de bureau<\/li>\n<\/ul>\n<\/div>\n<div class=\"tutor-course-details-widget\">\n<h3 class=\"tutor-course-details-widget-title tutor-fs-5 tutor-color-black tutor-fw-bold tutor-mb-16\">Exigences<\/h3>\n<ul class=\"tutor-course-details-widget-list tutor-fs-6 tutor-color-black\">\n<li class=\"tutor-d-flex tutor-mb-12\">Conna\u00eetre les bases du marketing des m\u00e9dias sociaux<\/li>\n<\/ul>\n<\/div>\n","protected":false},"excerpt":{"rendered":"<ul class=\"tutor-ul\">\n<li class=\"tutor-d-flex\"><span class=\"tutor-fs-6 tutor-color-secondary\">Langue : ANGLAIS SEULEMENT !<\/span><\/li>\n<li class=\"tutor-d-flex\"><span class=\"tutor-fs-6 tutor-color-secondary\">Niveau : D\u00e9butant<\/span><\/li>\n<li class=\"tutor-d-flex tutor-mt-12\"><span class=\"tutor-fs-6 tutor-color-secondary\"><span class=\"tutor-meta-level\">Dur\u00e9e : 2<\/span><span class=\"tutor-meta-value tutor-color-secondary tutor-mr-4\"> heures<\/span><\/span><\/li>\n<li class=\"tutor-d-flex tutor-mt-12\"><span class=\"tutor-fs-6 tutor-color-secondary\">Derni\u00e8re mise \u00e0 jour : 08.05.2022<\/span><\/li>\n<li class=\"tutor-d-flex tutor-mt-12\"><span class=\"tutor-fs-6 tutor-color-secondary\">Certificat d&rsquo;ach\u00e8vement<\/span><\/li>\n<\/ul>\n","protected":false},"featured_media":252769,"comment_status":"closed","ping_status":"closed","template":"","meta":{"_seopress_robots_primary_cat":"none","_seopress_titles_title":"","_seopress_titles_desc":"","_seopress_robots_index":""},"product_brand":[],"product_cat":[31510],"product_tag":[31511,31512,30824,31515,31514,31519],"class_list":{"0":"post-252768","1":"product","2":"type-product","3":"status-publish","4":"has-post-thumbnail","6":"product_cat-cours","7":"product_tag-cours","8":"product_tag-courses","9":"product_tag-econcept","10":"product_tag-ecourses","11":"product_tag-ecourses24","12":"product_tag-ecourses24-com","14":"first","15":"instock","16":"sale","17":"shipping-taxable","18":"product-type-external"},"_links":{"self":[{"href":"https:\/\/shop24.lu\/fr\/wp-json\/wp\/v2\/product\/252768","targetHints":{"allow":["GET"]}}],"collection":[{"href":"https:\/\/shop24.lu\/fr\/wp-json\/wp\/v2\/product"}],"about":[{"href":"https:\/\/shop24.lu\/fr\/wp-json\/wp\/v2\/types\/product"}],"replies":[{"embeddable":true,"href":"https:\/\/shop24.lu\/fr\/wp-json\/wp\/v2\/comments?post=252768"}],"wp:featuredmedia":[{"embeddable":true,"href":"https:\/\/shop24.lu\/fr\/wp-json\/wp\/v2\/media\/252769"}],"wp:attachment":[{"href":"https:\/\/shop24.lu\/fr\/wp-json\/wp\/v2\/media?parent=252768"}],"wp:term":[{"taxonomy":"product_brand","embeddable":true,"href":"https:\/\/shop24.lu\/fr\/wp-json\/wp\/v2\/product_brand?post=252768"},{"taxonomy":"product_cat","embeddable":true,"href":"https:\/\/shop24.lu\/fr\/wp-json\/wp\/v2\/product_cat?post=252768"},{"taxonomy":"product_tag","embeddable":true,"href":"https:\/\/shop24.lu\/fr\/wp-json\/wp\/v2\/product_tag?post=252768"}],"curies":[{"name":"wp","href":"https:\/\/api.w.org\/{rel}","templated":true}]}}