{"id":2743,"date":"2020-11-20T18:53:58","date_gmt":"2020-11-20T16:53:58","guid":{"rendered":"https:\/\/shop24.lu\/?post_type=product&#038;p=2743"},"modified":"2024-07-24T13:37:40","modified_gmt":"2024-07-24T11:37:40","slug":"thalgo-lessence-prodige","status":"publish","type":"product","link":"https:\/\/shop24.lu\/fr\/product\/thalgo-lessence-prodige\/","title":{"rendered":"Thalgo-L&rsquo;essence prodige"},"content":{"rendered":"<p>cet \u00e9lixir r\u00e9active un \u00e0 un, les signes cl\u00e9s de la jeunesse pour une peau parfaite, L&rsquo;ovale est regalb\u00e9, les traits lift\u00e9s, les rides s&rsquo;estompent pour un visage sublim\u00e9.<\/p>\n","protected":false},"excerpt":{"rendered":"<p>L&rsquo;essence prodige<\/p>\n","protected":false},"featured_media":2744,"comment_status":"open","ping_status":"closed","template":"","meta":{"_seopress_robots_primary_cat":"","_seopress_titles_title":"","_seopress_titles_desc":"","_seopress_robots_index":""},"product_brand":[],"product_cat":[60,29840,339],"product_tag":[358,465,368,332,345,328],"class_list":{"0":"post-2743","1":"product","2":"type-product","3":"status-publish","4":"has-post-thumbnail","6":"product_cat-beaute","7":"product_cat-serum","8":"product_cat-soins-du-visage","9":"product_tag-anti-aging","10":"product_tag-creme-prodige","11":"product_tag-creme-visage","12":"product_tag-eauceane","13":"product_tag-soin-visage","14":"product_tag-thalgo","16":"first","17":"instock","18":"shipping-taxable","19":"purchasable","20":"product-type-simple"},"_links":{"self":[{"href":"https:\/\/shop24.lu\/fr\/wp-json\/wp\/v2\/product\/2743","targetHints":{"allow":["GET"]}}],"collection":[{"href":"https:\/\/shop24.lu\/fr\/wp-json\/wp\/v2\/product"}],"about":[{"href":"https:\/\/shop24.lu\/fr\/wp-json\/wp\/v2\/types\/product"}],"replies":[{"embeddable":true,"href":"https:\/\/shop24.lu\/fr\/wp-json\/wp\/v2\/comments?post=2743"}],"wp:featuredmedia":[{"embeddable":true,"href":"https:\/\/shop24.lu\/fr\/wp-json\/wp\/v2\/media\/2744"}],"wp:attachment":[{"href":"https:\/\/shop24.lu\/fr\/wp-json\/wp\/v2\/media?parent=2743"}],"wp:term":[{"taxonomy":"product_brand","embeddable":true,"href":"https:\/\/shop24.lu\/fr\/wp-json\/wp\/v2\/product_brand?post=2743"},{"taxonomy":"product_cat","embeddable":true,"href":"https:\/\/shop24.lu\/fr\/wp-json\/wp\/v2\/product_cat?post=2743"},{"taxonomy":"product_tag","embeddable":true,"href":"https:\/\/shop24.lu\/fr\/wp-json\/wp\/v2\/product_tag?post=2743"}],"curies":[{"name":"wp","href":"https:\/\/api.w.org\/{rel}","templated":true}]}}