{"id":2747,"date":"2020-11-21T09:05:23","date_gmt":"2020-11-21T07:05:23","guid":{"rendered":"https:\/\/shop24.lu\/?post_type=product&#038;p=2747"},"modified":"2020-11-22T01:33:34","modified_gmt":"2020-11-21T23:33:34","slug":"thalgo-micro-peeling","status":"publish","type":"product","link":"https:\/\/shop24.lu\/fr\/product\/thalgo-micro-peeling\/","title":{"rendered":"Thalgo-micro peeling"},"content":{"rendered":"<p>Cette eau de soin fraiche et l\u00e9g\u00e8rement g\u00e9lifi\u00e9e offre un effet peeling* quotidien pour un r\u00e9sultat \u00ab peau neuve\u00a0\u00bb progressif.<\/p>\n","protected":false},"excerpt":{"rendered":"<p>Eau de soin micro- peeling<\/p>\n","protected":false},"featured_media":2748,"comment_status":"open","ping_status":"closed","template":"","meta":{"_seopress_robots_primary_cat":"","_seopress_titles_title":"","_seopress_titles_desc":"","_seopress_robots_index":""},"product_brand":[],"product_cat":[60,336],"product_tag":[332,356,357,348,345,328],"class_list":{"0":"post-2747","1":"product","2":"type-product","3":"status-publish","4":"has-post-thumbnail","6":"product_cat-beaute","7":"product_cat-gommage","8":"product_tag-eauceane","9":"product_tag-gommage","10":"product_tag-peeling","11":"product_tag-soin","12":"product_tag-soin-visage","13":"product_tag-thalgo","15":"first","16":"instock","17":"shipping-taxable","18":"purchasable","19":"product-type-simple"},"_links":{"self":[{"href":"https:\/\/shop24.lu\/fr\/wp-json\/wp\/v2\/product\/2747","targetHints":{"allow":["GET"]}}],"collection":[{"href":"https:\/\/shop24.lu\/fr\/wp-json\/wp\/v2\/product"}],"about":[{"href":"https:\/\/shop24.lu\/fr\/wp-json\/wp\/v2\/types\/product"}],"replies":[{"embeddable":true,"href":"https:\/\/shop24.lu\/fr\/wp-json\/wp\/v2\/comments?post=2747"}],"wp:featuredmedia":[{"embeddable":true,"href":"https:\/\/shop24.lu\/fr\/wp-json\/wp\/v2\/media\/2748"}],"wp:attachment":[{"href":"https:\/\/shop24.lu\/fr\/wp-json\/wp\/v2\/media?parent=2747"}],"wp:term":[{"taxonomy":"product_brand","embeddable":true,"href":"https:\/\/shop24.lu\/fr\/wp-json\/wp\/v2\/product_brand?post=2747"},{"taxonomy":"product_cat","embeddable":true,"href":"https:\/\/shop24.lu\/fr\/wp-json\/wp\/v2\/product_cat?post=2747"},{"taxonomy":"product_tag","embeddable":true,"href":"https:\/\/shop24.lu\/fr\/wp-json\/wp\/v2\/product_tag?post=2747"}],"curies":[{"name":"wp","href":"https:\/\/api.w.org\/{rel}","templated":true}]}}