{"id":277158,"date":"2024-07-17T16:37:53","date_gmt":"2024-07-17T14:37:53","guid":{"rendered":"https:\/\/shop24.lu\/fr\/product\/thalgo-masque-pro-rehydratant\/"},"modified":"2024-07-17T16:37:53","modified_gmt":"2024-07-17T14:37:53","slug":"thalgo-masque-pro-rehydratant","status":"publish","type":"product","link":"https:\/\/shop24.lu\/fr\/product\/thalgo-masque-pro-rehydratant\/","title":{"rendered":"THALGO &#8211; Masque Pro r\u00e9hydratant"},"content":{"rendered":"<p>Ce masque-gel fondant est enrichi en acide hyaluronique aux propri\u00e9t\u00e9s repulpantes pour un r\u00e9sultat instantan\u00e9 et durable. En 10 minutes seulement, la peau est intens\u00e9ment r\u00e9hydrat\u00e9e.**<\/p>\n","protected":false},"excerpt":{"rendered":"<p>Ce masque-gel fondant est enrichi en acide hyaluronique aux propri\u00e9t\u00e9s repulpantes pour un r\u00e9sultat instantan\u00e9 et durable. En 10 minutes seulement, la peau est intens\u00e9ment r\u00e9hydrat\u00e9e.**<\/p>\n","protected":false},"featured_media":277157,"comment_status":"closed","ping_status":"closed","template":"","meta":{"_seopress_robots_primary_cat":"","_seopress_titles_title":"","_seopress_titles_desc":"","_seopress_robots_index":""},"product_brand":[],"product_cat":[565],"product_tag":[482],"class_list":{"0":"post-277158","1":"product","2":"type-product","3":"status-publish","4":"has-post-thumbnail","6":"product_cat-soins-du-visage-h","7":"product_tag-masque-visage","9":"first","10":"instock","11":"shipping-taxable","12":"purchasable","13":"product-type-simple"},"_links":{"self":[{"href":"https:\/\/shop24.lu\/fr\/wp-json\/wp\/v2\/product\/277158","targetHints":{"allow":["GET"]}}],"collection":[{"href":"https:\/\/shop24.lu\/fr\/wp-json\/wp\/v2\/product"}],"about":[{"href":"https:\/\/shop24.lu\/fr\/wp-json\/wp\/v2\/types\/product"}],"replies":[{"embeddable":true,"href":"https:\/\/shop24.lu\/fr\/wp-json\/wp\/v2\/comments?post=277158"}],"wp:featuredmedia":[{"embeddable":true,"href":"https:\/\/shop24.lu\/fr\/wp-json\/wp\/v2\/media\/277157"}],"wp:attachment":[{"href":"https:\/\/shop24.lu\/fr\/wp-json\/wp\/v2\/media?parent=277158"}],"wp:term":[{"taxonomy":"product_brand","embeddable":true,"href":"https:\/\/shop24.lu\/fr\/wp-json\/wp\/v2\/product_brand?post=277158"},{"taxonomy":"product_cat","embeddable":true,"href":"https:\/\/shop24.lu\/fr\/wp-json\/wp\/v2\/product_cat?post=277158"},{"taxonomy":"product_tag","embeddable":true,"href":"https:\/\/shop24.lu\/fr\/wp-json\/wp\/v2\/product_tag?post=277158"}],"curies":[{"name":"wp","href":"https:\/\/api.w.org\/{rel}","templated":true}]}}