{"id":277220,"date":"2024-07-18T12:06:32","date_gmt":"2024-07-18T10:06:32","guid":{"rendered":"https:\/\/shop24.lu\/fr\/product\/thalgo-concentre-multi-apaisant\/"},"modified":"2024-07-18T12:06:33","modified_gmt":"2024-07-18T10:06:33","slug":"thalgo-concentre-multi-apaisant","status":"publish","type":"product","link":"https:\/\/shop24.lu\/fr\/product\/thalgo-concentre-multi-apaisant\/","title":{"rendered":"THALGO &#8211; Concentr\u00e9 multi-apaisant"},"content":{"rendered":"<p>7 jours pour normaliser l&rsquo;hyper-r\u00e9activit\u00e9 des peaux sensibles !<br \/>\nCette solution concentr\u00e9e mod\u00e8re la lib\u00e9ration excessive des messagers du stress et augmente le seuil de tol\u00e9rance cutan\u00e9e des peaux sensibles.<\/p>\n","protected":false},"excerpt":{"rendered":"<p>7 jours pour normaliser l&rsquo;hyper-r\u00e9activit\u00e9 des peaux sensibles !<br \/>\nCette solution concentr\u00e9e mod\u00e8re la lib\u00e9ration excessive des messagers du stress et augmente le seuil de tol\u00e9rance cutan\u00e9e des peaux sensibles.<\/p>\n","protected":false},"featured_media":277217,"comment_status":"closed","ping_status":"closed","template":"","meta":{"_seopress_robots_primary_cat":"","_seopress_titles_title":"","_seopress_titles_desc":"","_seopress_robots_index":""},"product_brand":[],"product_cat":[29840],"product_tag":[31329,362,345],"class_list":{"0":"post-277220","1":"product","2":"type-product","3":"status-publish","4":"has-post-thumbnail","6":"product_cat-serum","7":"product_tag-apaisant","8":"product_tag-serum","9":"product_tag-soin-visage","11":"first","12":"instock","13":"shipping-taxable","14":"purchasable","15":"product-type-simple"},"_links":{"self":[{"href":"https:\/\/shop24.lu\/fr\/wp-json\/wp\/v2\/product\/277220","targetHints":{"allow":["GET"]}}],"collection":[{"href":"https:\/\/shop24.lu\/fr\/wp-json\/wp\/v2\/product"}],"about":[{"href":"https:\/\/shop24.lu\/fr\/wp-json\/wp\/v2\/types\/product"}],"replies":[{"embeddable":true,"href":"https:\/\/shop24.lu\/fr\/wp-json\/wp\/v2\/comments?post=277220"}],"wp:featuredmedia":[{"embeddable":true,"href":"https:\/\/shop24.lu\/fr\/wp-json\/wp\/v2\/media\/277217"}],"wp:attachment":[{"href":"https:\/\/shop24.lu\/fr\/wp-json\/wp\/v2\/media?parent=277220"}],"wp:term":[{"taxonomy":"product_brand","embeddable":true,"href":"https:\/\/shop24.lu\/fr\/wp-json\/wp\/v2\/product_brand?post=277220"},{"taxonomy":"product_cat","embeddable":true,"href":"https:\/\/shop24.lu\/fr\/wp-json\/wp\/v2\/product_cat?post=277220"},{"taxonomy":"product_tag","embeddable":true,"href":"https:\/\/shop24.lu\/fr\/wp-json\/wp\/v2\/product_tag?post=277220"}],"curies":[{"name":"wp","href":"https:\/\/api.w.org\/{rel}","templated":true}]}}