{"id":284255,"date":"2024-10-10T16:16:27","date_gmt":"2024-10-10T14:16:27","guid":{"rendered":"https:\/\/shop24.lu\/fr\/product\/windows-11-pro-office-2024-pro-plus-online-activation-keys\/"},"modified":"2024-10-10T16:18:38","modified_gmt":"2024-10-10T14:18:38","slug":"windows-11-pro-office-2024-pro-plus-online-activation-keys","status":"publish","type":"product","link":"https:\/\/shop24.lu\/fr\/product\/windows-11-pro-office-2024-pro-plus-online-activation-keys\/","title":{"rendered":"Windows 11 PRO + Office 2024 PRO PLUS Online Activation Keys"},"content":{"rendered":"<p>Windows 11 PRO License + Microsoft Office 2024 Pro Plus Multilanguage License.<br \/>\n\u2714\ufe0fLa licence Office 2024 Pro Plus est li\u00e9e \u00e0 votre compte Microsoft.<br \/>\n\u2714\ufe0fValid licences pour passer les audits.<br \/>\n\u2714\ufe0fFPP licences : vous pouvez l&rsquo;activer sur un seul PC mais elle peut \u00eatre transf\u00e9r\u00e9e sur un autre ordinateur.<br \/>\n\u2714\ufe0fLes licences \u00ab\u00a0Lifetime\u00a0\u00bb n&rsquo;expirent jamais et ne sont jamais d\u00e9sactiv\u00e9es.<br \/>\n\u2714\ufe0fVous recevez une facture d&rsquo;achat avec TVA d\u00e9taill\u00e9e.<br \/>\n\u2714\ufe0fLa facture comprend les cl\u00e9s d&rsquo;activation.<br \/>\nMarque: MICROSOFT<br \/>\nEAN : 760337734321<\/p>\n<p>Nous envoyons une documentation juridique, car ce produit est un logiciel utilis\u00e9, la loi \u00e9tablit 4 conditions :<br \/>\n1. Le premier pays d&rsquo;utilisation est l&rsquo;UE\/EEE ou la Suisse.<br \/>\n2. Le produit a \u00e9t\u00e9 enti\u00e8rement pay\u00e9 au propri\u00e9taire des droits d&rsquo;auteur.<br \/>\n3. Le produit est perp\u00e9tuel sans limite de temps pour son utilisation.<br \/>\n4. Le produit n&rsquo;est plus utilis\u00e9 par le premier propri\u00e9taire.<\/p>\n","protected":false},"excerpt":{"rendered":"<p>Windows 11 PRO License + Microsoft Office 2024 Pro Plus Multilanguage License<\/p>\n","protected":false},"featured_media":284254,"comment_status":"closed","ping_status":"closed","template":"","meta":{"_seopress_robots_primary_cat":"","_seopress_titles_title":"","_seopress_titles_desc":"","_seopress_robots_index":""},"product_brand":[],"product_cat":[1456],"product_tag":[31595,31597,31598,31593,31015,31075,30841,30805,31599],"class_list":{"0":"post-284255","1":"product","2":"type-product","3":"status-publish","4":"has-post-thumbnail","6":"product_cat-logiciels","7":"product_tag-31595","8":"product_tag-activation","9":"product_tag-key","10":"product_tag-microsoft","11":"product_tag-office","12":"product_tag-pro","13":"product_tag-win11","14":"product_tag-windows","15":"product_tag-windows11","17":"first","18":"instock","19":"sale","20":"shipping-taxable","21":"purchasable","22":"product-type-simple"},"_links":{"self":[{"href":"https:\/\/shop24.lu\/fr\/wp-json\/wp\/v2\/product\/284255","targetHints":{"allow":["GET"]}}],"collection":[{"href":"https:\/\/shop24.lu\/fr\/wp-json\/wp\/v2\/product"}],"about":[{"href":"https:\/\/shop24.lu\/fr\/wp-json\/wp\/v2\/types\/product"}],"replies":[{"embeddable":true,"href":"https:\/\/shop24.lu\/fr\/wp-json\/wp\/v2\/comments?post=284255"}],"wp:featuredmedia":[{"embeddable":true,"href":"https:\/\/shop24.lu\/fr\/wp-json\/wp\/v2\/media\/284254"}],"wp:attachment":[{"href":"https:\/\/shop24.lu\/fr\/wp-json\/wp\/v2\/media?parent=284255"}],"wp:term":[{"taxonomy":"product_brand","embeddable":true,"href":"https:\/\/shop24.lu\/fr\/wp-json\/wp\/v2\/product_brand?post=284255"},{"taxonomy":"product_cat","embeddable":true,"href":"https:\/\/shop24.lu\/fr\/wp-json\/wp\/v2\/product_cat?post=284255"},{"taxonomy":"product_tag","embeddable":true,"href":"https:\/\/shop24.lu\/fr\/wp-json\/wp\/v2\/product_tag?post=284255"}],"curies":[{"name":"wp","href":"https:\/\/api.w.org\/{rel}","templated":true}]}}