{"id":288264,"date":"2024-11-11T15:03:17","date_gmt":"2024-11-11T13:03:17","guid":{"rendered":"https:\/\/shop24.lu\/fr\/product\/musthave-cleanser-3-en-1-vegan\/"},"modified":"2024-11-11T15:03:18","modified_gmt":"2024-11-11T13:03:18","slug":"musthave-cleanser-3-en-1-vegan","status":"publish","type":"product","link":"https:\/\/shop24.lu\/fr\/product\/musthave-cleanser-3-en-1-vegan\/","title":{"rendered":"Musthave &#8211; Cleanser 3 en 1 Vegan"},"content":{"rendered":"<p>Profitez des avantages de trois produits nettoyants en une seule application : Voyez comment le gel se transforme en une huile l\u00e9g\u00e8re apr\u00e8s l&rsquo;application, pour nettoyer votre peau en douceur. En \u00e9mulsionnant avec de l&rsquo;eau, l&rsquo;huile se transforme ensuite en lait et se rince facilement.<\/p>\n<p>Ce produit nettoie de mani\u00e8re exceptionnellement profonde et \u00e9limine en douceur les particules, le maquillage intense, le s\u00e9bum ainsi que les impuret\u00e9s dues \u00e0 la pollution de l&rsquo;air. Ainsi, Magic Cleanser 3 in 1 laisse une sensation merveilleuse de peau soign\u00e9e.<\/p>\n<p>De plus, Magic Cleanser 3 in 1 n&rsquo;ass\u00e8che pas la peau, mais la nettoie, l&rsquo;hydrate et l&rsquo;apaise. Gr\u00e2ce \u00e0 des ingr\u00e9dients s\u00e9lectionn\u00e9s tels que l&rsquo;huile de tournesol de haute qualit\u00e9, le panth\u00e9nol et l&rsquo;hydratant brevet\u00e9 Pentavitin\u00ae, qui assure une hydratation intense avec un effet de d\u00e9p\u00f4t de 72 heures.<\/p>\n<p>Convient \u00e0 tous les types de peau.<\/p>\n","protected":false},"excerpt":{"rendered":"<p>Profitez des avantages de trois produits nettoyants en une seule application : Voyez comment le gel se transforme en une huile l\u00e9g\u00e8re apr\u00e8s l&rsquo;application, pour nettoyer votre peau en douceur. En \u00e9mulsionnant avec de l&rsquo;eau, l&rsquo;huile se transforme ensuite en lait et se rince facilement. Ce produit nettoie de mani\u00e8re exceptionnellement profonde et \u00e9limine en [&#8230;]\n","protected":false},"featured_media":288263,"comment_status":"closed","ping_status":"closed","template":"","meta":{"_seopress_robots_primary_cat":"","_seopress_titles_title":"","_seopress_titles_desc":"","_seopress_robots_index":""},"product_brand":[],"product_cat":[330,565],"product_tag":[305],"class_list":{"0":"post-288264","1":"product","2":"type-product","3":"status-publish","4":"has-post-thumbnail","6":"product_cat-nettoyants","7":"product_cat-soins-du-visage-h","8":"product_tag-nettoyant","10":"first","11":"instock","12":"shipping-taxable","13":"purchasable","14":"product-type-simple"},"_links":{"self":[{"href":"https:\/\/shop24.lu\/fr\/wp-json\/wp\/v2\/product\/288264","targetHints":{"allow":["GET"]}}],"collection":[{"href":"https:\/\/shop24.lu\/fr\/wp-json\/wp\/v2\/product"}],"about":[{"href":"https:\/\/shop24.lu\/fr\/wp-json\/wp\/v2\/types\/product"}],"replies":[{"embeddable":true,"href":"https:\/\/shop24.lu\/fr\/wp-json\/wp\/v2\/comments?post=288264"}],"wp:featuredmedia":[{"embeddable":true,"href":"https:\/\/shop24.lu\/fr\/wp-json\/wp\/v2\/media\/288263"}],"wp:attachment":[{"href":"https:\/\/shop24.lu\/fr\/wp-json\/wp\/v2\/media?parent=288264"}],"wp:term":[{"taxonomy":"product_brand","embeddable":true,"href":"https:\/\/shop24.lu\/fr\/wp-json\/wp\/v2\/product_brand?post=288264"},{"taxonomy":"product_cat","embeddable":true,"href":"https:\/\/shop24.lu\/fr\/wp-json\/wp\/v2\/product_cat?post=288264"},{"taxonomy":"product_tag","embeddable":true,"href":"https:\/\/shop24.lu\/fr\/wp-json\/wp\/v2\/product_tag?post=288264"}],"curies":[{"name":"wp","href":"https:\/\/api.w.org\/{rel}","templated":true}]}}