{"id":288266,"date":"2024-11-11T15:06:01","date_gmt":"2024-11-11T13:06:01","guid":{"rendered":"https:\/\/shop24.lu\/fr\/product\/musthave-tonic\/"},"modified":"2024-11-11T15:06:04","modified_gmt":"2024-11-11T13:06:04","slug":"musthave-tonic","status":"publish","type":"product","link":"https:\/\/shop24.lu\/fr\/product\/musthave-tonic\/","title":{"rendered":"Musthave &#8211; Tonic"},"content":{"rendered":"<p>Bienvenue dans la r\u00e9volution des soins de la peau avec \u00ab\u00a0Magic Tonic\u00a0\u00bb ! Ce tonique exclusif convient parfaitement \u00e0 tous les types de peau et \u00e9l\u00e8ve votre routine de soins de la peau \u00e0 un niveau sup\u00e9rieur. Profitez des nombreux avantages de ce produit, qui combine des ingr\u00e9dients soigneusement s\u00e9lectionn\u00e9s pour offrir \u00e0 votre peau des soins exceptionnels.<\/p>\n<p>L&rsquo;acide lactique hydratant, un acide alpha-hydroxyl\u00e9 (AHA), forme un film hygroscopique \u00e0 la surface de la peau, favorise la r\u00e9tention d&rsquo;humidit\u00e9 du stratum corneum et r\u00e9gule le pH physiologique. La glyc\u00e9rine, faisant partie du syst\u00e8me d&rsquo;hydratation naturelle de la peau, agit non seulement comme un hydratant, mais favorise \u00e9galement la stabilisation des fonctions barri\u00e8res de la peau.<\/p>\n<p>Le panth\u00e9nol, pr\u00e9curseur de la pro-vitamine B5, participe aux processus m\u00e9taboliques r\u00e9g\u00e9n\u00e9ratifs de la peau, est particuli\u00e8rement bien tol\u00e9r\u00e9 et pr\u00e9sente des propri\u00e9t\u00e9s hydratantes, anti-inflammatoires et r\u00e9g\u00e9n\u00e9ratives. Le complexe d&rsquo;actifs sucr\u00e9s, issu de mati\u00e8res premi\u00e8res renouvelables, assure un \u00e9quilibre hydrique dans les couches profondes de la peau et favorise la formation d&rsquo;acide hyaluronique et de c\u00e9ramides endog\u00e8nes.<\/p>\n<p>Le complexe d&rsquo;acide hyaluronique, compos\u00e9 d&rsquo;hyaluronate de sodium et d&rsquo;acide hyaluronique hydrolys\u00e9, est un composant naturel du tissu conjonctif. Ces substances biotechnologiques retiennent de grandes quantit\u00e9s d&rsquo;eau, r\u00e9gulent l&rsquo;hydratation et contribuent \u00e0 une peau lisse et velout\u00e9e. L&rsquo;acide hyaluronique de faible poids mol\u00e9culaire p\u00e9n\u00e8tre profond\u00e9ment dans la peau et d\u00e9ploie ses propri\u00e9t\u00e9s r\u00e9g\u00e9n\u00e9ratrices, tandis que l&rsquo;acide hyaluronique oligom\u00e9rique stocke sp\u00e9cifiquement l&rsquo;humidit\u00e9 dans les couches profondes de la peau.<\/p>\n<p>D\u00e9couvrez l&rsquo;effet impressionnant de \u00ab\u00a0Magic Tonic\u00a0\u00bb, qui revitalise et hydrate la peau, renforce la barri\u00e8re cutan\u00e9e, am\u00e9liore l&rsquo;\u00e9lasticit\u00e9 de la peau et laisse une peau affin\u00e9e. Offrez \u00e0 votre peau des soins ultimes avec \u00ab\u00a0Magic Tonic\u00a0\u00bb &#8211; une qualit\u00e9 que vous verrez et ressentirez !<\/p>\n","protected":false},"excerpt":{"rendered":"<p>Tonic pour la peau<\/p>\n","protected":false},"featured_media":288265,"comment_status":"closed","ping_status":"closed","template":"","meta":{"_seopress_robots_primary_cat":"","_seopress_titles_title":"","_seopress_titles_desc":"","_seopress_robots_index":""},"product_brand":[],"product_cat":[565],"product_tag":[353],"class_list":{"0":"post-288266","1":"product","2":"type-product","3":"status-publish","4":"has-post-thumbnail","6":"product_cat-soins-du-visage-h","7":"product_tag-lotion","9":"first","10":"instock","11":"shipping-taxable","12":"purchasable","13":"product-type-simple"},"_links":{"self":[{"href":"https:\/\/shop24.lu\/fr\/wp-json\/wp\/v2\/product\/288266","targetHints":{"allow":["GET"]}}],"collection":[{"href":"https:\/\/shop24.lu\/fr\/wp-json\/wp\/v2\/product"}],"about":[{"href":"https:\/\/shop24.lu\/fr\/wp-json\/wp\/v2\/types\/product"}],"replies":[{"embeddable":true,"href":"https:\/\/shop24.lu\/fr\/wp-json\/wp\/v2\/comments?post=288266"}],"wp:featuredmedia":[{"embeddable":true,"href":"https:\/\/shop24.lu\/fr\/wp-json\/wp\/v2\/media\/288265"}],"wp:attachment":[{"href":"https:\/\/shop24.lu\/fr\/wp-json\/wp\/v2\/media?parent=288266"}],"wp:term":[{"taxonomy":"product_brand","embeddable":true,"href":"https:\/\/shop24.lu\/fr\/wp-json\/wp\/v2\/product_brand?post=288266"},{"taxonomy":"product_cat","embeddable":true,"href":"https:\/\/shop24.lu\/fr\/wp-json\/wp\/v2\/product_cat?post=288266"},{"taxonomy":"product_tag","embeddable":true,"href":"https:\/\/shop24.lu\/fr\/wp-json\/wp\/v2\/product_tag?post=288266"}],"curies":[{"name":"wp","href":"https:\/\/api.w.org\/{rel}","templated":true}]}}