{"id":288270,"date":"2024-11-11T15:11:13","date_gmt":"2024-11-11T13:11:13","guid":{"rendered":"https:\/\/shop24.lu\/fr\/product\/musthave-magic-body\/"},"modified":"2024-11-11T15:11:14","modified_gmt":"2024-11-11T13:11:14","slug":"musthave-magic-body","status":"publish","type":"product","link":"https:\/\/shop24.lu\/fr\/product\/musthave-magic-body\/","title":{"rendered":"Musthave &#8211; Magic Body"},"content":{"rendered":"<p>D\u00e9couvrez une nouvelle dimension des soins de la peau avec notre Magic Body Probiotic Balm. Cette balm riche combine des ingr\u00e9dients actifs avanc\u00e9s pour nourrir, prot\u00e9ger et soutenir intens\u00e9ment le microbiome naturel de votre peau. Nos ingr\u00e9dients soigneusement s\u00e9lectionn\u00e9s offrent de nombreux avantages, contribuant \u00e0 un teint sain et radieux.<\/p>\n<p>Ferment de Lactobacillus<br \/>\nNotre ingr\u00e9dient probiotique, obtenu par la fermentation de Lactobacillus, est bien connu dans la production d&rsquo;aliments ferment\u00e9s. Cet ingr\u00e9dient limite la croissance des micro-organismes ind\u00e9sirables et offre une protection \u00e0 large spectre gr\u00e2ce \u00e0 des peptides antimicrobiens. Des \u00e9tudes montrent sa capacit\u00e9 exceptionnelle \u00e0 am\u00e9liorer l&rsquo;hydratation de la peau et \u00e0 renforcer la barri\u00e8re cutan\u00e9e.<\/p>\n<p>Oligosaccharides Alpha-Glucanes, Inuline<br \/>\nCette pr\u00e9paration innovante combine l&rsquo;inuline de la racine de chicor\u00e9e et des gluco-oligosaccharides issus de sucres naturels. Elle soutient la flore bact\u00e9rienne naturelle de la peau et inhibe la prolif\u00e9ration des micro-organismes pathog\u00e8nes. Id\u00e9ale pour soulager les d\u00e9mangeaisons et les rougeurs, elle r\u00e9tablit rapidement l&rsquo;\u00e9quilibre du microbiome cutan\u00e9, favorisant ainsi la sant\u00e9 de la peau.<\/p>\n<p>Glyc\u00e9rine V\u00e9g\u00e9tale<br \/>\nAvec son puissant effet hydratant, la glyc\u00e9rine v\u00e9g\u00e9tale est indispensable pour garder la peau et les cheveux sains, doux et hydrat\u00e9s. Elle est rapidement absorb\u00e9e et laisse la peau douce et souple.<\/p>\n<p>Huile d&rsquo;Amande Douce<br \/>\nExtraite par pression \u00e0 froid des amandes douces, l&rsquo;huile d&rsquo;amande douce offre d&rsquo;excellentes propri\u00e9t\u00e9s \u00e9mollientes et nourrissantes. Particuli\u00e8rement adapt\u00e9e aux peaux irrit\u00e9es, sensibles et rouges, elle apaise et prot\u00e8ge gr\u00e2ce \u00e0 sa teneur \u00e9lev\u00e9e en acides gras insatur\u00e9s et polyinsatur\u00e9s. Riche en vitamines E, B, prot\u00e9ines et min\u00e9raux, elle est un excellent agent anti-\u00e2ge.<\/p>\n<p>Beurre de Karit\u00e9<br \/>\nD\u00e9riv\u00e9 des graines de l&rsquo;arbre de karit\u00e9 africain, le beurre de karit\u00e9 est une substance hautement \u00e9molliente avec des propri\u00e9t\u00e9s cicatrisantes, hydratantes et antioxydantes. Sa teneur \u00e9lev\u00e9e en insaponifiables (12-18%) am\u00e9liore l&rsquo;\u00e9lasticit\u00e9 et le tonus de la peau. Riche en vitamines A, B, E et F, il prot\u00e8ge contre la s\u00e9cheresse et la desquamation et r\u00e9g\u00e9n\u00e8re la peau.<\/p>\n<p>Huile d&rsquo;Olive Hydrog\u00e9n\u00e9e<br \/>\nCet ingr\u00e9dient lipophile hautement raffin\u00e9 ressemble \u00e9troitement au s\u00e9bum naturel de la peau. Il nourrit intens\u00e9ment la peau gr\u00e2ce aux flavono\u00efdes, au squal\u00e8ne et aux polyph\u00e9nols, procurant une sensation de douceur. Il renforce le microbiome de la peau, \u00e9quilibre les niveaux de lipides et fournit une hydratation profonde, renfor\u00e7ant ainsi la barri\u00e8re cutan\u00e9e.<\/p>\n<p>Protection et Soin pour le Microbiome de votre Peau<br \/>\nMagic Body Probiotic Balm offre non seulement une hydratation et un soin intenses, mais prot\u00e8ge et renforce \u00e9galement le microbiome naturel de votre peau. Notre formule sp\u00e9ciale aide \u00e0 r\u00e9tablir l&rsquo;\u00e9quilibre lipidique, \u00e0 renforcer la barri\u00e8re cutan\u00e9e et \u00e0 promouvoir la sant\u00e9 g\u00e9n\u00e9rale de la peau.<\/p>\n<p>D\u00e9couvrez l&rsquo;\u00e9quilibre parfait entre science avanc\u00e9e et soin naturel avec Magic Body Probiotic Balm \u2013 pour une peau saine et radieuse que vous allez adorer.<\/p>\n","protected":false},"excerpt":{"rendered":"<p>D\u00e9couvrez l&rsquo;\u00e9quilibre parfait entre science avanc\u00e9e et soin naturel avec Magic Body Probiotic Balm \u2013 pour une peau saine et radieuse que vous allez adorer.<\/p>\n","protected":false},"featured_media":288269,"comment_status":"closed","ping_status":"closed","template":"","meta":{"_seopress_robots_primary_cat":"","_seopress_titles_title":"","_seopress_titles_desc":"","_seopress_robots_index":""},"product_brand":[],"product_cat":[481],"product_tag":[490,333],"class_list":{"0":"post-288270","1":"product","2":"type-product","3":"status-publish","4":"has-post-thumbnail","6":"product_cat-soins-du-corps","7":"product_tag-corps","8":"product_tag-creme","10":"first","11":"instock","12":"shipping-taxable","13":"purchasable","14":"product-type-simple"},"_links":{"self":[{"href":"https:\/\/shop24.lu\/fr\/wp-json\/wp\/v2\/product\/288270","targetHints":{"allow":["GET"]}}],"collection":[{"href":"https:\/\/shop24.lu\/fr\/wp-json\/wp\/v2\/product"}],"about":[{"href":"https:\/\/shop24.lu\/fr\/wp-json\/wp\/v2\/types\/product"}],"replies":[{"embeddable":true,"href":"https:\/\/shop24.lu\/fr\/wp-json\/wp\/v2\/comments?post=288270"}],"wp:featuredmedia":[{"embeddable":true,"href":"https:\/\/shop24.lu\/fr\/wp-json\/wp\/v2\/media\/288269"}],"wp:attachment":[{"href":"https:\/\/shop24.lu\/fr\/wp-json\/wp\/v2\/media?parent=288270"}],"wp:term":[{"taxonomy":"product_brand","embeddable":true,"href":"https:\/\/shop24.lu\/fr\/wp-json\/wp\/v2\/product_brand?post=288270"},{"taxonomy":"product_cat","embeddable":true,"href":"https:\/\/shop24.lu\/fr\/wp-json\/wp\/v2\/product_cat?post=288270"},{"taxonomy":"product_tag","embeddable":true,"href":"https:\/\/shop24.lu\/fr\/wp-json\/wp\/v2\/product_tag?post=288270"}],"curies":[{"name":"wp","href":"https:\/\/api.w.org\/{rel}","templated":true}]}}