{"id":288274,"date":"2024-11-11T15:16:22","date_gmt":"2024-11-11T13:16:22","guid":{"rendered":"https:\/\/shop24.lu\/fr\/product\/musthave-magic-drops-caviar-power\/"},"modified":"2024-11-11T15:16:23","modified_gmt":"2024-11-11T13:16:23","slug":"musthave-magic-drops-caviar-power","status":"publish","type":"product","link":"https:\/\/shop24.lu\/fr\/product\/musthave-magic-drops-caviar-power\/","title":{"rendered":"Musthave &#8211; Magic Drops Caviar Power"},"content":{"rendered":"<p>Sur le devant de la sc\u00e8ne, l&rsquo;extrait noble de caviar se pr\u00e9sente tel un festin royal pour la peau. Un festin de prot\u00e9ines, de lipides, de vitamines et de min\u00e9raux qui enveloppent la peau d&rsquo;une lueur radieuse. Cet extrait pr\u00e9cieux, riche en \u00e9l\u00e9ments nutritifs essentiels, hydrate et revitalise la peau tout en stimulant la microcirculation dans une danse d\u00e9licate de renouvellement. L&rsquo;oxyg\u00e9nation est acc\u00e9l\u00e9r\u00e9e et la r\u00e9g\u00e9n\u00e9ration cellulaire danse \u00e0 un rythme qui semble d\u00e9fier le temps.<\/p>\n<p>L&rsquo;extrait d&rsquo;Artemia, provenant du plancton marin, entre en sc\u00e8ne tel un conqu\u00e9rant audacieux. Un concentr\u00e9 d&rsquo;\u00e9nergie qui active le m\u00e9tabolisme cellulaire et submerge la peau d&rsquo;une vague de r\u00e9g\u00e9n\u00e9ration. Ce pr\u00e9cieux apport d&rsquo;\u00e9nergie et de renforcement cellulaire redonne \u00e0 la peau une nouvelle vitalit\u00e9, la transformant en un joyau rayonnant de jeunesse.<\/p>\n<p>CAVIAR POWER est le sauveur des peaux fatigu\u00e9es et mal oxyg\u00e9n\u00e9es &#8211; un r\u00e9veil royal pour les cellules cutan\u00e9es. Un \u00e9lixir qui stimule le m\u00e9tabolisme et plonge la peau dans une oasis de revitalisation.<\/p>\n<p>Les ingr\u00e9dients royaux qui op\u00e8rent cette magie :<br \/>\n&#8211; Le glyc\u00e9rol, facteur d&rsquo;hydratation naturel, qui enveloppe la peau d&rsquo;un manteau chatoyant d&rsquo;humidit\u00e9 et pr\u00e9serve sa douceur.<br \/>\n&#8211; L&rsquo;extrait d&rsquo;Artemia, l&rsquo;audacieux dynamiseur d&rsquo;\u00e9nergie provenant du plancton marin, qui stimule le m\u00e9tabolisme cellulaire et submerge la peau d&rsquo;une vague de renouvellement.<br \/>\n&#8211; L&rsquo;extrait de caviar, le banquet royal pour la peau, qui la nourrit de prot\u00e9ines, de lipides, de vitamines et de min\u00e9raux, la transformant en une \u00e9toile resplendissante de jeunesse.<\/p>\n<p>D\u00e9couvrez la magie de CAVIAR POWER &#8211; un voyage dans le monde du luxe royal et de la jeunesse radieuse. La peau est envelopp\u00e9e dans un manteau royal, la transformant en une \u00e9toile resplendissante de beaut\u00e9 envue d&rsquo;un royaume lointain de contes de f\u00e9es.<\/p>\n","protected":false},"excerpt":{"rendered":"<p>Une fontaine de jouvence royale pour la peau, la transportant dans une danse de r\u00e9g\u00e9n\u00e9ration et de renouvellement. Cet \u00e9lixir magistral est tel un pr\u00e9cieux tr\u00e9sor venu de la mer, transformant la peau fatigu\u00e9e et d\u00e9vitalis\u00e9e en une \u00e9toile resplendissante de beaut\u00e9.<\/p>\n","protected":false},"featured_media":288273,"comment_status":"closed","ping_status":"closed","template":"","meta":{"_seopress_robots_primary_cat":"","_seopress_titles_title":"","_seopress_titles_desc":"","_seopress_robots_index":""},"product_brand":[],"product_cat":[565],"product_tag":[362,348,360],"class_list":{"0":"post-288274","1":"product","2":"type-product","3":"status-publish","4":"has-post-thumbnail","6":"product_cat-soins-du-visage-h","7":"product_tag-serum","8":"product_tag-soin","9":"product_tag-visage","11":"first","12":"instock","13":"shipping-taxable","14":"purchasable","15":"product-type-simple"},"_links":{"self":[{"href":"https:\/\/shop24.lu\/fr\/wp-json\/wp\/v2\/product\/288274","targetHints":{"allow":["GET"]}}],"collection":[{"href":"https:\/\/shop24.lu\/fr\/wp-json\/wp\/v2\/product"}],"about":[{"href":"https:\/\/shop24.lu\/fr\/wp-json\/wp\/v2\/types\/product"}],"replies":[{"embeddable":true,"href":"https:\/\/shop24.lu\/fr\/wp-json\/wp\/v2\/comments?post=288274"}],"wp:featuredmedia":[{"embeddable":true,"href":"https:\/\/shop24.lu\/fr\/wp-json\/wp\/v2\/media\/288273"}],"wp:attachment":[{"href":"https:\/\/shop24.lu\/fr\/wp-json\/wp\/v2\/media?parent=288274"}],"wp:term":[{"taxonomy":"product_brand","embeddable":true,"href":"https:\/\/shop24.lu\/fr\/wp-json\/wp\/v2\/product_brand?post=288274"},{"taxonomy":"product_cat","embeddable":true,"href":"https:\/\/shop24.lu\/fr\/wp-json\/wp\/v2\/product_cat?post=288274"},{"taxonomy":"product_tag","embeddable":true,"href":"https:\/\/shop24.lu\/fr\/wp-json\/wp\/v2\/product_tag?post=288274"}],"curies":[{"name":"wp","href":"https:\/\/api.w.org\/{rel}","templated":true}]}}