{"id":288276,"date":"2024-11-11T15:18:17","date_gmt":"2024-11-11T13:18:17","guid":{"rendered":"https:\/\/shop24.lu\/fr\/product\/musthave-magic-drops-clear-skin\/"},"modified":"2024-11-11T15:18:18","modified_gmt":"2024-11-11T13:18:18","slug":"musthave-magic-drops-clear-skin","status":"publish","type":"product","link":"https:\/\/shop24.lu\/fr\/product\/musthave-magic-drops-clear-skin\/","title":{"rendered":"Musthave &#8211; Magic Drops Clear skin"},"content":{"rendered":"<p>Sur le devant de la sc\u00e8ne se trouve l&rsquo;\u00e9pilobe \u00e0 feuilles \u00e9troites des Alpes, un h\u00e9ros des Alpes tyroliennes, qui touche la peau d&rsquo;un baiser doux et r\u00e9gule la production de s\u00e9bum, apaise les rougeurs et laisse une sensation d&rsquo;\u00e9quilibre. Le glyc\u00e9rol et le PCA de sodium, comme des pierres pr\u00e9cieuses, hydratent et prot\u00e8gent la peau contre le dess\u00e8chement. L&rsquo;allanto\u00efne, le danseur magique de la r\u00e9g\u00e9n\u00e9ration cellulaire, acc\u00e9l\u00e8re le renouvellement de la peau et l&rsquo;apaise dans une douce danse.<\/p>\n<p>Et puis entre en sc\u00e8ne l&rsquo;acide ol\u00e9anolique, un noble guerrier issu des feuilles d&rsquo;olivier, qui combat les radicaux libres et r\u00e9duit l&rsquo;exc\u00e8s de s\u00e9bum. Une touche d\u00e9licate de poudre d&rsquo;aloe vera matifie la peau et apaise les inflammations, tandis que la vitamine C monte comme l&rsquo;\u00e9toile du matin dans le ciel pour prot\u00e9ger la peau des ravages du temps.<\/p>\n<p>CLEAR SKIN est le compagnon des peaux impures, grasses et mixtes &#8211; un alli\u00e9 de confiance dans la lutte contre les imperfections. Un \u00e9lixir qui \u00e9claircit la peau et lui apporte une touche d&rsquo;\u00e9l\u00e9gance.<\/p>\n<p>Les ingr\u00e9dients pr\u00e9cieux qui op\u00e8rent cette magie :<br \/>\n&#8211; Le glyc\u00e9rol et le PCA de sodium, qui, comme des joyaux brillants, enveloppent la peau d&rsquo;un manteau d&rsquo;humidit\u00e9 et la prot\u00e8gent du dess\u00e8chement.<br \/>\n&#8211; L&rsquo;allanto\u00efne, le danseur magique de la r\u00e9g\u00e9n\u00e9ration cellulaire, qui apaise la peau et la berce dans une douce danse de renouvellement.<br \/>\n&#8211; L&rsquo;extrait d&rsquo;\u00e9pilobe \u00e0 feuilles \u00e9troites, l\u2019\u00e9pilobe alpine, qui r\u00e9gule la peau et apaise les rougeurs comme une potion magique des Alpes tyroliennes.<br \/>\n&#8211; L&rsquo;acide ol\u00e9anolique, le courageux guerrier des feuilles d&rsquo;olivier, qui prot\u00e8ge la peau contre les ravages du temps et r\u00e9gule la production de s\u00e9bum.<br \/>\n&#8211; La poudre de jus de feuille d&rsquo;aloe vera, le sort hydratant de la fleur du d\u00e9sert, qui matifie la peau et apaise les inflammations.<br \/>\n&#8211; L&rsquo;acide ascorbique, la royale vitamine C, qui agit comme un bouclier protecteur contre les ravages du temps.<\/p>\n<p>Vivez la magie de CLEAR SKIN &#8211; un voyage dans le monde de la puret\u00e9 et de la clart\u00e9, o\u00f9 la peau respire et s&rsquo;\u00e9panouit dans une lumi\u00e8re rayonnante. Les imperfections s&rsquo;estompent alors que la peau rayonne d&rsquo;un teint lumineux, touch\u00e9 par une magie \u00e9blouissante.<\/p>\n","protected":false},"excerpt":{"rendered":"<p>Un \u00e9lixir f\u00e9\u00e9rique qui transporte la peau dans un monde de puret\u00e9 et de clart\u00e9. Ce concentr\u00e9 luxueux est comme un souffle d&rsquo;air frais de montagne pour la peau &#8211; une v\u00e9ritable potion magique qui \u00e9claircit le teint, estompe les imperfections et transforme le visage en une \u0153uvre d&rsquo;art rayonnante de beaut\u00e9.<\/p>\n","protected":false},"featured_media":288275,"comment_status":"closed","ping_status":"closed","template":"","meta":{"_seopress_robots_primary_cat":"","_seopress_titles_title":"","_seopress_titles_desc":"","_seopress_robots_index":""},"product_brand":[],"product_cat":[565],"product_tag":[31588,362,360],"class_list":{"0":"post-288276","1":"product","2":"type-product","3":"status-publish","4":"has-post-thumbnail","6":"product_cat-soins-du-visage-h","7":"product_tag-imperfection","8":"product_tag-serum","9":"product_tag-visage","11":"first","12":"instock","13":"shipping-taxable","14":"purchasable","15":"product-type-simple"},"_links":{"self":[{"href":"https:\/\/shop24.lu\/fr\/wp-json\/wp\/v2\/product\/288276","targetHints":{"allow":["GET"]}}],"collection":[{"href":"https:\/\/shop24.lu\/fr\/wp-json\/wp\/v2\/product"}],"about":[{"href":"https:\/\/shop24.lu\/fr\/wp-json\/wp\/v2\/types\/product"}],"replies":[{"embeddable":true,"href":"https:\/\/shop24.lu\/fr\/wp-json\/wp\/v2\/comments?post=288276"}],"wp:featuredmedia":[{"embeddable":true,"href":"https:\/\/shop24.lu\/fr\/wp-json\/wp\/v2\/media\/288275"}],"wp:attachment":[{"href":"https:\/\/shop24.lu\/fr\/wp-json\/wp\/v2\/media?parent=288276"}],"wp:term":[{"taxonomy":"product_brand","embeddable":true,"href":"https:\/\/shop24.lu\/fr\/wp-json\/wp\/v2\/product_brand?post=288276"},{"taxonomy":"product_cat","embeddable":true,"href":"https:\/\/shop24.lu\/fr\/wp-json\/wp\/v2\/product_cat?post=288276"},{"taxonomy":"product_tag","embeddable":true,"href":"https:\/\/shop24.lu\/fr\/wp-json\/wp\/v2\/product_tag?post=288276"}],"curies":[{"name":"wp","href":"https:\/\/api.w.org\/{rel}","templated":true}]}}