{"id":288280,"date":"2024-11-11T15:24:01","date_gmt":"2024-11-11T13:24:01","guid":{"rendered":"https:\/\/shop24.lu\/fr\/product\/musthave-magic-drops-skin-vitalizer\/"},"modified":"2024-11-11T15:24:02","modified_gmt":"2024-11-11T13:24:02","slug":"musthave-magic-drops-skin-vitalizer","status":"publish","type":"product","link":"https:\/\/shop24.lu\/fr\/product\/musthave-magic-drops-skin-vitalizer\/","title":{"rendered":"Musthave &#8211; Magic Drops Skin Vitalizer"},"content":{"rendered":"<p>Cet \u00e9lixir est v\u00e9ritablement fortifiant, un d\u00e9salt\u00e9rant rafra\u00eechissant qui revitalise la peau comme un doux baiser de la mer. Le glyc\u00e9rol et l&rsquo;acide hyaluronique, tels des joyaux \u00e9tincelants, hydratent g\u00e9n\u00e9reusement la peau, l&rsquo;enveloppant de velours et de soie.<\/p>\n<p>SKIN VITALIZER est l&rsquo;\u00e9lu pour les peaux s\u00e8ches et d\u00e9shydrat\u00e9es du visage &#8211; un d\u00e9salt\u00e9rant royal qui plonge la peau dans un oc\u00e9an d&rsquo;hydratation royale. Un \u00e9lixir qui rafra\u00eechit la peau et la fait plonger dans un monde de rafra\u00eechissement majestueux.<\/p>\n<p>Les ingr\u00e9dients royaux qui op\u00e8rent cette magie :<br \/>\n&#8211; Le sodium hyaluronate, majestueux, qui enveloppe la peau d&rsquo;un manteau scintillant d&rsquo;hydratation royale et la prot\u00e8ge de la d\u00e9shydratation.<br \/>\n&#8211; L&rsquo;extrait de Codium tomentosum, le tr\u00e9sor royal des profondeurs marines, qui plonge la peau dans un oc\u00e9an d&rsquo;hydratation royale. Riche en polysaccharides, en acide glucuronique, en prot\u00e9ines et en min\u00e9raux, cet hydratant marin royal renforce la barri\u00e8re protectrice de la peau et lui conf\u00e8re une brillance sublime.<\/p>\n<p>Vivez la magie royale de SKIN VITALIZER &#8211; un voyage majestueux dans le monde de l&rsquo;hydratation \u00e9clatante et du rafra\u00eechissement royal. La peau sera envelopp\u00e9e d&rsquo;un manteau scintillant d&rsquo;hydratation royale qui la fera rayonner comme un joyau \u00e9tincelant dans le royaume de la beaut\u00e9.<\/p>\n","protected":false},"excerpt":{"rendered":"<p>Un \u00e9lixir intensif d&rsquo;hydratation qui enveloppe la peau d&rsquo;une puissance marine extraordinaire. L&rsquo;extrait d&rsquo;algues vertes utilis\u00e9, v\u00e9ritable coffre au tr\u00e9sor de l&rsquo;essence marine, regorge de pr\u00e9cieux min\u00e9raux, d&rsquo;acide glucuronique et de polysaccharides. Tel un secret des profondeurs marines, il retient l&rsquo;hydratation au plus profond des couches de la peau, la nourrissant pendant de nombreuses heures d&rsquo;une sensation de fra\u00eecheur \u00e9tonnante.<\/p>\n","protected":false},"featured_media":288279,"comment_status":"closed","ping_status":"closed","template":"","meta":{"_seopress_robots_primary_cat":"","_seopress_titles_title":"","_seopress_titles_desc":"","_seopress_robots_index":""},"product_brand":[],"product_cat":[565],"product_tag":[31613,362,360],"class_list":{"0":"post-288280","1":"product","2":"type-product","3":"status-publish","4":"has-post-thumbnail","6":"product_cat-soins-du-visage-h","7":"product_tag-hydratation","8":"product_tag-serum","9":"product_tag-visage","11":"first","12":"instock","13":"shipping-taxable","14":"purchasable","15":"product-type-simple"},"_links":{"self":[{"href":"https:\/\/shop24.lu\/fr\/wp-json\/wp\/v2\/product\/288280","targetHints":{"allow":["GET"]}}],"collection":[{"href":"https:\/\/shop24.lu\/fr\/wp-json\/wp\/v2\/product"}],"about":[{"href":"https:\/\/shop24.lu\/fr\/wp-json\/wp\/v2\/types\/product"}],"replies":[{"embeddable":true,"href":"https:\/\/shop24.lu\/fr\/wp-json\/wp\/v2\/comments?post=288280"}],"wp:featuredmedia":[{"embeddable":true,"href":"https:\/\/shop24.lu\/fr\/wp-json\/wp\/v2\/media\/288279"}],"wp:attachment":[{"href":"https:\/\/shop24.lu\/fr\/wp-json\/wp\/v2\/media?parent=288280"}],"wp:term":[{"taxonomy":"product_brand","embeddable":true,"href":"https:\/\/shop24.lu\/fr\/wp-json\/wp\/v2\/product_brand?post=288280"},{"taxonomy":"product_cat","embeddable":true,"href":"https:\/\/shop24.lu\/fr\/wp-json\/wp\/v2\/product_cat?post=288280"},{"taxonomy":"product_tag","embeddable":true,"href":"https:\/\/shop24.lu\/fr\/wp-json\/wp\/v2\/product_tag?post=288280"}],"curies":[{"name":"wp","href":"https:\/\/api.w.org\/{rel}","templated":true}]}}