{"id":288284,"date":"2024-11-11T15:28:17","date_gmt":"2024-11-11T13:28:17","guid":{"rendered":"https:\/\/shop24.lu\/fr\/product\/musthave-magic-drops-golden-power\/"},"modified":"2024-11-11T15:28:17","modified_gmt":"2024-11-11T13:28:17","slug":"musthave-magic-drops-golden-power","status":"publish","type":"product","link":"https:\/\/shop24.lu\/fr\/product\/musthave-magic-drops-golden-power\/","title":{"rendered":"Musthave &#8211; Magic Drops Golden Power"},"content":{"rendered":"<p>Des d\u00e9cennies de nos vies se sont \u00e9coul\u00e9es, et maintenant nous sommes ici pour c\u00e9l\u00e9brer la vie, l&rsquo;amour et la beaut\u00e9 intemporelle incarn\u00e9s dans notre v\u00e9n\u00e9r\u00e9 Golden Power. Cet \u00e9lixir exceptionnel de jeunesse est plus qu&rsquo;un simple MustHave ; c&rsquo;est un symbole d&rsquo;amour-propre et d&rsquo;auto-soin.<\/p>\n<p>Au c\u0153ur de sa formulation, Golden Power brille avec des ingr\u00e9dients pr\u00e9cieux qui chouchoutent votre peau avec la puret\u00e9 de l&rsquo;or. Commen\u00e7ons par l&rsquo;incomparable SACCHARIDE ISOMERATE, un complexe de glucides d&rsquo;une puret\u00e9 maximale. Cet ingr\u00e9dient soigneusement s\u00e9lectionn\u00e9 procure \u00e0 votre peau non seulement de l&rsquo;hydratation, mais aussi une force renouvel\u00e9e qui la fait rayonner. Les k\u00e9ratinocytes du stratum corneum sont doucement stimul\u00e9s pour renforcer la barri\u00e8re protectrice de votre peau. Le r\u00e9sultat : Une peau douce au toucher et moins sujette aux irritations.<\/p>\n<p>Mais ce n&rsquo;est que le d\u00e9but. L&rsquo;extrait des tubercules du manioc (TAPIOCA STARCH) r\u00e9v\u00e8le son enchantement magique en offrant un biopolym\u00e8re tridimensionnel \u00e0 base de sucre. Il procure un effet liftant instantan\u00e9 et durable, perceptible m\u00eame des heures apr\u00e8s l&rsquo;application. Ressentez le plaisir de tomber amoureux de votre peau lorsque vous sentez son nouvel \u00e9clat juv\u00e9nile.<\/p>\n<p>Mais ce n&rsquo;est pas tout ce que Golden Power a \u00e0 offrir. Notre produit contient le tr\u00e8s efficace PALMITOYL TRIPEPTIDE-38, un cadeau du monde de la recherche sur les peptides. Il stimule la synth\u00e8se de six constituants importants de la matrice cutan\u00e9e et laisse votre peau lisse et raffermie. Les \u00e9tudes cliniques parlent d&rsquo;elles-m\u00eames : profondeur des rides r\u00e9duite d&rsquo;environ 16 %, volume des rides sur le front diminu\u00e9 d&rsquo;environ 30 %. M\u00eame les pattes d&rsquo;oie les plus tenaces sont trait\u00e9es. La profondeur des rides diminue d&rsquo;environ 15 %, le volume des rides d&rsquo;environ 20 %. Golden Power est la cl\u00e9 d&rsquo;un \u00e9clat plus jeune.<\/p>\n<p>Nos acides hyaluroniques sp\u00e9cialement s\u00e9lectionn\u00e9s (long, court et r\u00e9ticul\u00e9) offrent \u00e0 votre peau le cadeau de l&rsquo;hydratation. Ils peuvent repulper les cellules de votre peau pour att\u00e9nuer les ridules et les rides. Votre peau est remplie de vitalit\u00e9 et rayonne de l&rsquo;int\u00e9rieur.<\/p>\n<p>Mais le meilleur est pour la fin &#8211; nos pigments dor\u00e9s scintillants. Ils donnent \u00e0 votre peau non seulement une lueur subtile et brillante, mais offrent \u00e9galement la base parfaite pour l&rsquo;absorption des ingr\u00e9dients pr\u00e9cieux. Golden Power est une f\u00eate pour les sens, un plaisir pour l&rsquo;\u00e2me.<\/p>\n<p>Cette exp\u00e9rience de luxe ultime convient \u00e0 tous les types de peau et peut \u00eatre g\u00e9n\u00e9reusement appliqu\u00e9e sur le visage, le cou et le d\u00e9collet\u00e9. Golden Power n&rsquo;est pas seulement un MustHave, c&rsquo;est une reconnaissance de votre propre beaut\u00e9, une c\u00e9l\u00e9bration de votre amour propre.<\/p>\n<p>Il est temps de confier votre peau \u00e0 Golden Power et de vivre la jeunesse radieuse que vous m\u00e9ritez. Offrez-vous le luxe et le plaisir de l&rsquo;auto-soin &#8211; d\u00e9couvrez la magie de Golden Power.<\/p>\n<p>Dans un monde o\u00f9 le temps passe, votre beaut\u00e9 reste intemporelle. D\u00e9couvrez Golden Power &#8211; une promesse dor\u00e9e pour votre peau, votre beaut\u00e9 et votre amour de soi.<\/p>\n","protected":false},"excerpt":{"rendered":"<p>Plongez dans le monde de l&rsquo;exp\u00e9rience de luxe incomparable &#8211; Golden Power.<\/p>\n","protected":false},"featured_media":288283,"comment_status":"closed","ping_status":"closed","template":"","meta":{"_seopress_robots_primary_cat":"","_seopress_titles_title":"","_seopress_titles_desc":"","_seopress_robots_index":""},"product_brand":[],"product_cat":[565],"product_tag":[362,360],"class_list":{"0":"post-288284","1":"product","2":"type-product","3":"status-publish","4":"has-post-thumbnail","6":"product_cat-soins-du-visage-h","7":"product_tag-serum","8":"product_tag-visage","10":"first","11":"instock","12":"shipping-taxable","13":"purchasable","14":"product-type-simple"},"_links":{"self":[{"href":"https:\/\/shop24.lu\/fr\/wp-json\/wp\/v2\/product\/288284","targetHints":{"allow":["GET"]}}],"collection":[{"href":"https:\/\/shop24.lu\/fr\/wp-json\/wp\/v2\/product"}],"about":[{"href":"https:\/\/shop24.lu\/fr\/wp-json\/wp\/v2\/types\/product"}],"replies":[{"embeddable":true,"href":"https:\/\/shop24.lu\/fr\/wp-json\/wp\/v2\/comments?post=288284"}],"wp:featuredmedia":[{"embeddable":true,"href":"https:\/\/shop24.lu\/fr\/wp-json\/wp\/v2\/media\/288283"}],"wp:attachment":[{"href":"https:\/\/shop24.lu\/fr\/wp-json\/wp\/v2\/media?parent=288284"}],"wp:term":[{"taxonomy":"product_brand","embeddable":true,"href":"https:\/\/shop24.lu\/fr\/wp-json\/wp\/v2\/product_brand?post=288284"},{"taxonomy":"product_cat","embeddable":true,"href":"https:\/\/shop24.lu\/fr\/wp-json\/wp\/v2\/product_cat?post=288284"},{"taxonomy":"product_tag","embeddable":true,"href":"https:\/\/shop24.lu\/fr\/wp-json\/wp\/v2\/product_tag?post=288284"}],"curies":[{"name":"wp","href":"https:\/\/api.w.org\/{rel}","templated":true}]}}