{"id":2922,"date":"2020-09-22T15:33:02","date_gmt":"2020-09-22T13:33:02","guid":{"rendered":"https:\/\/shop24.lu\/?post_type=product&#038;p=2922"},"modified":"2024-07-24T16:13:00","modified_gmt":"2024-07-24T14:13:00","slug":"thalgo-soin-hydratant-intense","status":"publish","type":"product","link":"https:\/\/shop24.lu\/fr\/product\/thalgo-soin-hydratant-intense\/","title":{"rendered":"Thalgo-Soin hydratant intense"},"content":{"rendered":"<p>Un shooter d\u00e9salt\u00e9rant pour 8 heures* de tranquillit\u00e9 top chrono ! Pur plaisir \u00e0 l&rsquo;application, son cocktail d&rsquo;actifs agit comme une v\u00e9ritable source d\u00e9salt\u00e9rante pour un confort in\u00e9gal\u00e9.<\/p>\n","protected":false},"excerpt":{"rendered":"<p>Soin hydratant intense homme<\/p>\n","protected":false},"featured_media":2923,"comment_status":"open","ping_status":"closed","template":"","meta":{"_seopress_robots_primary_cat":"","_seopress_titles_title":"","_seopress_titles_desc":"","_seopress_robots_index":""},"product_brand":[],"product_cat":[60,564,565],"product_tag":[332,569,355,348,345,328],"class_list":{"0":"post-2922","1":"product","2":"type-product","3":"status-publish","4":"has-post-thumbnail","6":"product_cat-beaute","7":"product_cat-hommes","8":"product_cat-soins-du-visage-h","9":"product_tag-eauceane","10":"product_tag-homme","11":"product_tag-hydratant","12":"product_tag-soin","13":"product_tag-soin-visage","14":"product_tag-thalgo","16":"first","17":"instock","18":"shipping-taxable","19":"purchasable","20":"product-type-simple"},"_links":{"self":[{"href":"https:\/\/shop24.lu\/fr\/wp-json\/wp\/v2\/product\/2922","targetHints":{"allow":["GET"]}}],"collection":[{"href":"https:\/\/shop24.lu\/fr\/wp-json\/wp\/v2\/product"}],"about":[{"href":"https:\/\/shop24.lu\/fr\/wp-json\/wp\/v2\/types\/product"}],"replies":[{"embeddable":true,"href":"https:\/\/shop24.lu\/fr\/wp-json\/wp\/v2\/comments?post=2922"}],"wp:featuredmedia":[{"embeddable":true,"href":"https:\/\/shop24.lu\/fr\/wp-json\/wp\/v2\/media\/2923"}],"wp:attachment":[{"href":"https:\/\/shop24.lu\/fr\/wp-json\/wp\/v2\/media?parent=2922"}],"wp:term":[{"taxonomy":"product_brand","embeddable":true,"href":"https:\/\/shop24.lu\/fr\/wp-json\/wp\/v2\/product_brand?post=2922"},{"taxonomy":"product_cat","embeddable":true,"href":"https:\/\/shop24.lu\/fr\/wp-json\/wp\/v2\/product_cat?post=2922"},{"taxonomy":"product_tag","embeddable":true,"href":"https:\/\/shop24.lu\/fr\/wp-json\/wp\/v2\/product_tag?post=2922"}],"curies":[{"name":"wp","href":"https:\/\/api.w.org\/{rel}","templated":true}]}}