{"id":39864,"date":"2021-09-24T19:28:48","date_gmt":"2021-09-24T17:28:48","guid":{"rendered":"https:\/\/shop24.lu\/?post_type=product&#038;p=39864"},"modified":"2024-07-24T10:21:11","modified_gmt":"2024-07-24T08:21:11","slug":"thalgo-serum-intensif-hyalu-procollagene","status":"publish","type":"product","link":"https:\/\/shop24.lu\/fr\/product\/thalgo-serum-intensif-hyalu-procollagene\/","title":{"rendered":"Thalgo-Serum intensif hyalu-procollagene"},"content":{"rendered":"<p>Ce gel frais ultra concentr\u00e9, lisse et d\u00e9fatigue le visage gr\u00e2ce \u00e0 l\u2019association unique de spiruline boost\u00e9e en magn\u00e9sium marin et d\u2019actif naturel d\u00e9toxifiant.<br \/>\nD\u00e8s 14 jours, la peau est comme d\u00e9toxifi\u00e9e, visiblement \u00e9clatante et les rides sont liss\u00e9es*. <\/p>\n<p>Le + produit : sa texture gel frais ultra concentr\u00e9.<\/p>\n<p>Ce s\u00e9rum frais et g\u00e9lifi\u00e9, ultra concentr\u00e9 en acides hyaluroniques et en pro-collag\u00e8ne marin, est enrichi d\u2019un actif v\u00e9g\u00e9tal \u00ab r\u00e9tinol-like \u00bb. Imm\u00e9diatement, la peau para\u00eet visiblement plus lisse.<\/p>\n<p>D\u00e8s 14 jours, les rides, m\u00eame install\u00e9es, sont comme corrig\u00e9es et le visage para\u00eet plus jeune.<\/p>\n","protected":false},"excerpt":{"rendered":"<p>Ce gel frais ultra concentr\u00e9, lisse et d\u00e9fatigue le visage gr\u00e2ce \u00e0 l\u2019association unique de spiruline boost\u00e9e en magn\u00e9sium marin et d\u2019actif naturel d\u00e9toxifiant.<br \/>\nD\u00e8s 14 jours, la peau est comme d\u00e9toxifi\u00e9e, visiblement \u00e9clatante et les rides sont liss\u00e9es*. <\/p>\n<p>Le + produit : sa texture gel frais ultra concentr\u00e9.<\/p>\n<p>&nbsp;<\/p>\n","protected":false},"featured_media":39865,"comment_status":"closed","ping_status":"closed","template":"","meta":{"_seopress_robots_primary_cat":"","_seopress_titles_title":"","_seopress_titles_desc":"","_seopress_robots_index":""},"product_brand":[],"product_cat":[60,29840,339],"product_tag":[30273,30275,362,348,328],"class_list":{"0":"post-39864","1":"product","2":"type-product","3":"status-publish","4":"has-post-thumbnail","6":"product_cat-beaute","7":"product_cat-serum","8":"product_cat-soins-du-visage","9":"product_tag-anti","10":"product_tag-rides","11":"product_tag-serum","12":"product_tag-soin","13":"product_tag-thalgo","15":"first","16":"instock","17":"shipping-taxable","18":"purchasable","19":"product-type-simple"},"_links":{"self":[{"href":"https:\/\/shop24.lu\/fr\/wp-json\/wp\/v2\/product\/39864","targetHints":{"allow":["GET"]}}],"collection":[{"href":"https:\/\/shop24.lu\/fr\/wp-json\/wp\/v2\/product"}],"about":[{"href":"https:\/\/shop24.lu\/fr\/wp-json\/wp\/v2\/types\/product"}],"replies":[{"embeddable":true,"href":"https:\/\/shop24.lu\/fr\/wp-json\/wp\/v2\/comments?post=39864"}],"wp:featuredmedia":[{"embeddable":true,"href":"https:\/\/shop24.lu\/fr\/wp-json\/wp\/v2\/media\/39865"}],"wp:attachment":[{"href":"https:\/\/shop24.lu\/fr\/wp-json\/wp\/v2\/media?parent=39864"}],"wp:term":[{"taxonomy":"product_brand","embeddable":true,"href":"https:\/\/shop24.lu\/fr\/wp-json\/wp\/v2\/product_brand?post=39864"},{"taxonomy":"product_cat","embeddable":true,"href":"https:\/\/shop24.lu\/fr\/wp-json\/wp\/v2\/product_cat?post=39864"},{"taxonomy":"product_tag","embeddable":true,"href":"https:\/\/shop24.lu\/fr\/wp-json\/wp\/v2\/product_tag?post=39864"}],"curies":[{"name":"wp","href":"https:\/\/api.w.org\/{rel}","templated":true}]}}