{"id":40761,"date":"2021-12-29T22:21:21","date_gmt":"2021-12-29T20:21:21","guid":{"rendered":"https:\/\/shop24.lu\/de\/product\/terra-mobile-1460q\/"},"modified":"2023-12-25T17:40:09","modified_gmt":"2023-12-25T15:40:09","slug":"terra-mobile-1460q","status":"publish","type":"product","link":"https:\/\/shop24.lu\/fr\/product\/terra-mobile-1460q\/","title":{"rendered":"TERRA MOBILE 1460Q [DE]"},"content":{"rendered":"<p><strong>G\u00e9n\u00e9ralit\u00e9s<\/strong><br \/>\nProcesseur Processeur Intel\u00ae Core\u2122 i5-10210Y (6 Mo de cache, jusqu&rsquo;\u00e0 4,00 GHz)<br \/>\nSyst\u00e8me d&rsquo;exploitation Windows 10 (Mise \u00e0 jour gratuite vers Windows 11 si disponible*.)<br \/>\n<strong>Logiciel<\/strong><br \/>\nLogiciel pr\u00e9install\u00e9 1 mois de version d&rsquo;essai pour les nouveaux clients Microsoft\u00ae 365.<br \/>\n<strong>\u00c9cran<\/strong><br \/>\nTaille de l&rsquo;\u00e9cran <strong>35.6 cm ( 14&Prime; )<\/strong><br \/>\nR\u00e9solution d&rsquo;\u00e9cran 1920 x 1080<br \/>\nType d&rsquo;\u00e9cran Non Glare<br \/>\nType de r\u00e9tro-\u00e9clairage R\u00e9tro-\u00e9clairage LED<br \/>\n<strong>Processeur<\/strong><br \/>\nFamille de processeurs Core i5<br \/>\nNombre de c\u0153urs de processeur Quad-Core<br \/>\n<strong>M\u00e9moire<\/strong><br \/>\nM\u00e9moire RAM 8 Go<br \/>\nM\u00e9moire RAM maximum 8 Go<br \/>\nType de m\u00e9moire interne DDR3 SDRAM<br \/>\nEmplacements m\u00e9moire Non \u00e9volutif<br \/>\n<strong>Graphique<\/strong><br \/>\nCarte graphique Intel\u00ae UHD Graphics<br \/>\nMod\u00e8le d&rsquo;adaptateur graphique embarqu\u00e9 Intel\u00ae UHD Graphics<br \/>\n<strong>Lecteur optique<\/strong><br \/>\nLecteur optique &#8211; type Aucun(e)<br \/>\n<strong>Performances<\/strong><br \/>\nS\u00e9rie Allround<br \/>\nCouleur du produit Argent<br \/>\n<strong>R\u00e9seau<\/strong><br \/>\nBluetooth 4.0<br \/>\nNormes WLAN Bluetooth 4.0, Wi-Fi 802.11a\/b\/g\/n\/ac<br \/>\nNormes de t\u00e9l\u00e9phonie mobile Mise \u00e0 niveau LTE possible<br \/>\n<strong>Support de stockage<\/strong><br \/>\nLecteur de carte int\u00e9gr\u00e9 Oui<br \/>\nInterface SSD PCIe (NVMe)<br \/>\nCapacit\u00e9 de stockage SSD 256 Go<br \/>\nEmplacements m\u00e9moire 1 x SSD M.2 2280, interface SATA\/PCIe Gen3x4<br \/>\nCapacit\u00e9 de stockage totale 256 Go<br \/>\n<strong>D\u00e9tails techniques<\/strong><br \/>\nLocalisation <strong>Allemagne<\/strong><br \/>\nClavier r\u00e9tro-\u00e9clair\u00e9 oui<br \/>\n<strong>Poids et dimensions<\/strong><br \/>\nhauteur 1.49 cm<br \/>\nlargeur 34.0 cm<br \/>\nprofondeur 23.2 cm<br \/>\nPoids 1.49 kg<br \/>\n<strong>Batterie<\/strong><br \/>\nBatterie (dur\u00e9e d&rsquo;utilisation de la batterie) 10 h<br \/>\nTechnologie de la batterie Lithium-Polym\u00e8re<br \/>\n<strong>Autres fonctions<\/strong><br \/>\nInterface 1 x USB 3.2 Gen1 Type C<br \/>\n1 x USB 3.2 Type A<br \/>\n2 x USB 2.0<br \/>\nMicro HDMI<br \/>\nLecteur de carte Micro SD<br \/>\nCasque\/microphone<br \/>\n<strong>S\u00e9curit\u00e9<\/strong><br \/>\nCaract\u00e9ristiques de s\u00e9curit\u00e9 TPM 2.0<br \/>\n<strong>Appareil photo<\/strong><br \/>\nR\u00e9solution de la cam\u00e9ra principale 1 m\u00e9gapixel<br \/>\n<strong>Notes<\/strong><br \/>\nInformations compl\u00e9mentaires<\/p>\n<p>*Le processus de mise \u00e0 niveau est en phase de finalisation et devrait commencer fin 2021. Le d\u00e9roulement et le calendrier exacts peuvent varier en fonction de l&rsquo;appareil. Pour conna\u00eetre la configuration minimale requise pour une mise \u00e0 jour gratuite, consultez le site : https:\/\/www.microsoft.com\/de-de\/windows\/windows-11-specifications<\/p>\n","protected":false},"excerpt":{"rendered":"<p>Le TERRA MOBILE 1460Q, d&rsquo;une \u00e9paisseur de 15 millim\u00e8tres, avec un refroidissement passif et un bo\u00eetier en aluminium de haute qualit\u00e9, est optimis\u00e9 pour une utilisation mobile dans le domaine professionnel. Le processeur Intel Core de 10e g\u00e9n\u00e9ration, associ\u00e9 \u00e0 un SSD, vous offre une disponibilit\u00e9 rapide et une grande puissance de calcul. L&rsquo;ordinateur portable est \u00e9quip\u00e9 d&rsquo;un \u00e9cran Full-HD de 14 pouces et d&rsquo;un clavier r\u00e9tro-\u00e9clair\u00e9. Avec seulement 1,49 kg, le TERRA MOBILE 1460Q convainc en termes de poids et de maniabilit\u00e9.<\/p>\n<p>Processeur <strong>Intel\u00ae Core\u2122 i5-10210Y<\/strong> (6 Mo de cache, jusqu&rsquo;\u00e0 4,00 GHz)<br \/>\nWindows 10 (Mise \u00e0 jour gratuite vers Windows 11 si disponible*.)<br \/>\nTaille de l&rsquo;\u00e9cran 35.6 cm ( <strong>14&Prime;<\/strong> )<br \/>\n<strong>1920 x 1080<\/strong> R\u00e9solution d&rsquo;\u00e9cran<br \/>\nType d&rsquo;\u00e9cran Non Glare<br \/>\n<strong>8 Go de m\u00e9moire RAM<\/strong><br \/>\nGraphique Intel\u00ae UHD<br \/>\n<strong>256 Go<\/strong> Capacit\u00e9 de stockage totale<\/p>\n<p><strong>Attention: Clavier<\/strong> allemand <strong>QWERTZ<\/strong><\/p>\n","protected":false},"featured_media":40753,"comment_status":"closed","ping_status":"closed","template":"","meta":{"_seopress_robots_primary_cat":"none","_seopress_titles_title":"","_seopress_titles_desc":"","_seopress_robots_index":""},"product_brand":[],"product_cat":[1510,82,31004],"product_tag":[30799,30798,30794,30795,126,1476,138,30797,30793,30823],"class_list":{"0":"post-40761","1":"product","2":"type-product","3":"status-publish","4":"has-post-thumbnail","6":"product_cat-informatique","7":"product_cat-ordinateurs","8":"product_cat-portables","9":"product_tag-i5","10":"product_tag-intel","11":"product_tag-it","12":"product_tag-laptop","13":"product_tag-mobile","14":"product_tag-notebook","15":"product_tag-pc","16":"product_tag-tech","17":"product_tag-terra","18":"product_tag-wortmann","20":"first","21":"instock","22":"featured","23":"shipping-taxable","24":"purchasable","25":"product-type-simple"},"_links":{"self":[{"href":"https:\/\/shop24.lu\/fr\/wp-json\/wp\/v2\/product\/40761","targetHints":{"allow":["GET"]}}],"collection":[{"href":"https:\/\/shop24.lu\/fr\/wp-json\/wp\/v2\/product"}],"about":[{"href":"https:\/\/shop24.lu\/fr\/wp-json\/wp\/v2\/types\/product"}],"replies":[{"embeddable":true,"href":"https:\/\/shop24.lu\/fr\/wp-json\/wp\/v2\/comments?post=40761"}],"wp:featuredmedia":[{"embeddable":true,"href":"https:\/\/shop24.lu\/fr\/wp-json\/wp\/v2\/media\/40753"}],"wp:attachment":[{"href":"https:\/\/shop24.lu\/fr\/wp-json\/wp\/v2\/media?parent=40761"}],"wp:term":[{"taxonomy":"product_brand","embeddable":true,"href":"https:\/\/shop24.lu\/fr\/wp-json\/wp\/v2\/product_brand?post=40761"},{"taxonomy":"product_cat","embeddable":true,"href":"https:\/\/shop24.lu\/fr\/wp-json\/wp\/v2\/product_cat?post=40761"},{"taxonomy":"product_tag","embeddable":true,"href":"https:\/\/shop24.lu\/fr\/wp-json\/wp\/v2\/product_tag?post=40761"}],"curies":[{"name":"wp","href":"https:\/\/api.w.org\/{rel}","templated":true}]}}