{"id":40767,"date":"2021-12-29T22:21:17","date_gmt":"2021-12-29T20:21:17","guid":{"rendered":"https:\/\/shop24.lu\/?post_type=product&#038;p=40767"},"modified":"2023-12-25T17:42:50","modified_gmt":"2023-12-25T15:42:50","slug":"terra-mobile-1551","status":"publish","type":"product","link":"https:\/\/shop24.lu\/fr\/product\/terra-mobile-1551\/","title":{"rendered":"TERRA MOBILE 1551P i5 [CH]"},"content":{"rendered":"<p><strong>G\u00e9n\u00e9ralit\u00e9s<\/strong><br \/>\nProcesseur Processeur <strong>Intel\u00ae Core\u2122 i5<\/strong>-1135G7 (8M Cache, jusqu&rsquo;\u00e0 4.20 GHz)<br \/>\nSyst\u00e8me d&rsquo;exploitation Windows 11 Pro<br \/>\n<strong>Logiciel<\/strong><br \/>\nLogiciel pr\u00e9install\u00e9 1 mois de version d&rsquo;essai pour les nouveaux clients Microsoft\u00ae 365.<br \/>\n<strong>\u00c9cran<\/strong><br \/>\nTaille de l&rsquo;\u00e9cran 39.6 cm ( 15.6&Prime; )<br \/>\nR\u00e9solution d&rsquo;\u00e9cran 1920 x 1080<br \/>\nType d&rsquo;\u00e9cran Non Glare<br \/>\nRapport d&rsquo;aspect 16:9<br \/>\nType de r\u00e9tro-\u00e9clairage R\u00e9tro-\u00e9clairage LED<br \/>\n<strong>Processeur<\/strong><br \/>\nFamille de processeurs Core i5<br \/>\nNombre de c\u0153urs de processeur Quad-Core<br \/>\n<strong>M\u00e9moire<\/strong><br \/>\nM\u00e9moire RAM 8 Go<br \/>\nM\u00e9moire RAM 32 Go maximum<br \/>\nType de m\u00e9moire interne DDR4 RAM<br \/>\nEmplacements m\u00e9moire 2 sockets, dont 1 libre<br \/>\n<strong>Graphique<\/strong><br \/>\nCarte graphique Intel\u00ae Iris\u00ae XE Graphics<br \/>\n<strong>Lecteur optique<\/strong><br \/>\nLecteur optique &#8211; type Aucun(e)<br \/>\n<strong>Performances<\/strong><br \/>\nS\u00e9rie Office<br \/>\nCouleur du produit Argent<br \/>\n<strong>R\u00e9seau<\/strong><br \/>\nBluetooth 5.2<br \/>\nNormes WLAN Bluetooth 5.2, WiFi 6 (802.11ax)<br \/>\nNormes de t\u00e9l\u00e9phonie mobile non<br \/>\nInterface Gigabit Ethernet<br \/>\n<strong>Support de stockage<\/strong><br \/>\nLecteur de cartes int\u00e9gr\u00e9 6 en 1<br \/>\nSSD Interface PCIe (NVMe)<br \/>\nCapacit\u00e9 de stockage SSD 512 Go<br \/>\nCapacit\u00e9 de stockage totale 512 Go<br \/>\n<strong>D\u00e9tails techniques<\/strong><br \/>\nLocalisation <strong>Suisse \/ Allemand<\/strong><br \/>\nClavier r\u00e9tro-\u00e9clair\u00e9 oui<br \/>\n<strong>Poids et dimensions<\/strong><br \/>\nhauteur 1.99 cm<br \/>\nlargeur 35.7 cm<br \/>\nprofondeur 22 cm<br \/>\nPoids 1.7 kg<br \/>\n<strong>Batterie<\/strong><br \/>\nBatterie (dur\u00e9e de fonctionnement de la batterie) 16 h<br \/>\nTechnologie de la batterie Lithium-Ion (garantie de 6 mois sur la batterie)<br \/>\n<strong>Autres fonctions<\/strong><br \/>\nInterface 1 x USB 3.2 Gen2 Type A<br \/>\n1 x USB 3.2 Gen2 Type C<br \/>\n1 x USB 2.0 Type A<br \/>\nThunderbolt4 avec Power Delivery<br \/>\n1 x HDMI<br \/>\nlecteur de cartes microSDC<br \/>\nLAN<br \/>\n1x casque\/microphone<br \/>\n<strong>S\u00e9curit\u00e9<\/strong><br \/>\nCaract\u00e9ristiques de s\u00e9curit\u00e9 Capteur d&#8217;empreintes digitales<br \/>\nTPM 2.0<br \/>\n<strong>Cam\u00e9ra<\/strong><br \/>\nAppareil photo int\u00e9gr\u00e9 Oui<br \/>\nR\u00e9solution de la cam\u00e9ra principale 1 m\u00e9gapixel<\/p>\n","protected":false},"excerpt":{"rendered":"<p>Processeur <strong>Intel\u00ae Core\u2122 i5-1135G7<\/strong> (8M Cache, jusqu&rsquo;\u00e0 4.20 GHz)<br \/>\n<strong>Windows 11 Pro<\/strong><br \/>\nTaille de l&rsquo;\u00e9cran 39.6 cm ( <strong>15.6&Prime;<\/strong> )<br \/>\n<strong>1920 x 1080<\/strong> R\u00e9solution d&rsquo;\u00e9cran<br \/>\nType d&rsquo;\u00e9cran Non Glare<br \/>\n<strong>8 Go<\/strong> de m\u00e9moire <strong>RAM<\/strong><br \/>\nGraphique Intel\u00ae Iris\u00ae XE<br \/>\n<strong>512 Go<\/strong> Capacit\u00e9 de m\u00e9moire totale<br \/>\n<strong>Clavier<\/strong> <strong>Suisse\/Allemand<\/strong> QWERTZ<\/p>\n","protected":false},"featured_media":40768,"comment_status":"closed","ping_status":"closed","template":"","meta":{"_seopress_robots_primary_cat":"none","_seopress_titles_title":"","_seopress_titles_desc":"","_seopress_robots_index":""},"product_brand":[],"product_cat":[1510,82,31004],"product_tag":[30795,126,1476,30793],"class_list":{"0":"post-40767","1":"product","2":"type-product","3":"status-publish","4":"has-post-thumbnail","6":"product_cat-informatique","7":"product_cat-ordinateurs","8":"product_cat-portables","9":"product_tag-laptop","10":"product_tag-mobile","11":"product_tag-notebook","12":"product_tag-terra","14":"first","15":"instock","16":"shipping-taxable","17":"purchasable","18":"product-type-simple"},"_links":{"self":[{"href":"https:\/\/shop24.lu\/fr\/wp-json\/wp\/v2\/product\/40767","targetHints":{"allow":["GET"]}}],"collection":[{"href":"https:\/\/shop24.lu\/fr\/wp-json\/wp\/v2\/product"}],"about":[{"href":"https:\/\/shop24.lu\/fr\/wp-json\/wp\/v2\/types\/product"}],"replies":[{"embeddable":true,"href":"https:\/\/shop24.lu\/fr\/wp-json\/wp\/v2\/comments?post=40767"}],"wp:featuredmedia":[{"embeddable":true,"href":"https:\/\/shop24.lu\/fr\/wp-json\/wp\/v2\/media\/40768"}],"wp:attachment":[{"href":"https:\/\/shop24.lu\/fr\/wp-json\/wp\/v2\/media?parent=40767"}],"wp:term":[{"taxonomy":"product_brand","embeddable":true,"href":"https:\/\/shop24.lu\/fr\/wp-json\/wp\/v2\/product_brand?post=40767"},{"taxonomy":"product_cat","embeddable":true,"href":"https:\/\/shop24.lu\/fr\/wp-json\/wp\/v2\/product_cat?post=40767"},{"taxonomy":"product_tag","embeddable":true,"href":"https:\/\/shop24.lu\/fr\/wp-json\/wp\/v2\/product_tag?post=40767"}],"curies":[{"name":"wp","href":"https:\/\/api.w.org\/{rel}","templated":true}]}}