{"id":40772,"date":"2021-12-21T22:27:48","date_gmt":"2021-12-21T20:27:48","guid":{"rendered":"https:\/\/shop24.lu\/?post_type=product&#038;p=40772"},"modified":"2022-04-24T20:29:13","modified_gmt":"2022-04-24T18:29:13","slug":"sacoche-terra-pro814-pour-nb-jusqua-156-pouces","status":"publish","type":"product","link":"https:\/\/shop24.lu\/fr\/product\/sacoche-terra-pro814-pour-nb-jusqua-156-pouces\/","title":{"rendered":"Sacoche TERRA PRO814 pour NB jusqu&rsquo;\u00e0 15,6 pouces"},"content":{"rendered":"","protected":false},"excerpt":{"rendered":"<p>&nbsp;<\/p>\n<p>La sacoche pour ordinateur portable TERRA PRO814 est une sacoche de qualit\u00e9 sup\u00e9rieure avec un cadre rigide et une poign\u00e9e stable pour les ordinateurs portables jusqu&rsquo;\u00e0 15,6 pouces.<\/p>\n<p>Cette sacoche au design moderne est fabriqu\u00e9e en polyester de haute qualit\u00e9. La poign\u00e9e renforc\u00e9e est envelopp\u00e9e d&rsquo;un mat\u00e9riau souple et offre confort et stabilit\u00e9. La poche zipp\u00e9e \u00e0 l&rsquo;avant, facile d&rsquo;acc\u00e8s et fonctionnelle, vous permet de ranger votre t\u00e9l\u00e9phone portable, vos stylos, vos c\u00e2bles, vos \u00e9couteurs, etc. Le sac est livr\u00e9 avec une bandouli\u00e8re confortable et r\u00e9glable pour le porter \u00e0 l&rsquo;\u00e9paule.<\/p>\n<p>&nbsp;<\/p>\n","protected":false},"featured_media":40773,"comment_status":"closed","ping_status":"closed","template":"","meta":{"_seopress_robots_primary_cat":"","_seopress_titles_title":"","_seopress_titles_desc":"","_seopress_robots_index":""},"product_brand":[],"product_cat":[1506,1510],"product_tag":[58,30795,126,30800,1394],"class_list":{"0":"post-40772","1":"product","2":"type-product","3":"status-publish","4":"has-post-thumbnail","6":"product_cat-accessoires-informatiques","7":"product_cat-informatique","8":"product_tag-bag","9":"product_tag-laptop","10":"product_tag-mobile","11":"product_tag-sacoche","12":"product_tag-tasche","14":"first","15":"instock","16":"shipping-taxable","17":"purchasable","18":"product-type-simple"},"_links":{"self":[{"href":"https:\/\/shop24.lu\/fr\/wp-json\/wp\/v2\/product\/40772","targetHints":{"allow":["GET"]}}],"collection":[{"href":"https:\/\/shop24.lu\/fr\/wp-json\/wp\/v2\/product"}],"about":[{"href":"https:\/\/shop24.lu\/fr\/wp-json\/wp\/v2\/types\/product"}],"replies":[{"embeddable":true,"href":"https:\/\/shop24.lu\/fr\/wp-json\/wp\/v2\/comments?post=40772"}],"wp:featuredmedia":[{"embeddable":true,"href":"https:\/\/shop24.lu\/fr\/wp-json\/wp\/v2\/media\/40773"}],"wp:attachment":[{"href":"https:\/\/shop24.lu\/fr\/wp-json\/wp\/v2\/media?parent=40772"}],"wp:term":[{"taxonomy":"product_brand","embeddable":true,"href":"https:\/\/shop24.lu\/fr\/wp-json\/wp\/v2\/product_brand?post=40772"},{"taxonomy":"product_cat","embeddable":true,"href":"https:\/\/shop24.lu\/fr\/wp-json\/wp\/v2\/product_cat?post=40772"},{"taxonomy":"product_tag","embeddable":true,"href":"https:\/\/shop24.lu\/fr\/wp-json\/wp\/v2\/product_tag?post=40772"}],"curies":[{"name":"wp","href":"https:\/\/api.w.org\/{rel}","templated":true}]}}