{"id":40775,"date":"2021-12-29T22:37:47","date_gmt":"2021-12-29T20:37:47","guid":{"rendered":"https:\/\/shop24.lu\/?post_type=product&#038;p=40775"},"modified":"2023-12-25T17:32:12","modified_gmt":"2023-12-25T15:32:12","slug":"terra-pad-1006-10-1-ips-2gb-32g-4g-android-10","status":"publish","type":"product","link":"https:\/\/shop24.lu\/fr\/product\/terra-pad-1006-10-1-ips-2gb-32g-4g-android-10\/","title":{"rendered":"TERRA PAD 1006V2 10.1&Prime; IPS\/2GB\/32G\/4G\/Android 12"},"content":{"rendered":"<p>TERRA PAD 1006 Panneau IPS 10&Prime; avec Octa-Core, LTE int\u00e9gr\u00e9, cam\u00e9ra 2M\/5M, GPS, WLAN, Bluetooth, 4GB de m\u00e9moire et 64GB Nand Flash. Tr\u00e8s longue dur\u00e9e de vie de la batterie et transmission vid\u00e9o sans fil (Miracast)<\/p>\n","protected":false},"excerpt":{"rendered":"<p>TERRA PAD 1006 Panneau IPS 10&Prime; avec Octa-Core, LTE int\u00e9gr\u00e9, cam\u00e9ra 2M\/5M, GPS, WLAN, Bluetooth, 4GB de m\u00e9moire et 64GB Nand Flash. Tr\u00e8s longue dur\u00e9e de vie de la batterie et transmission vid\u00e9o sans fil (Miracast)<\/p>\n","protected":false},"featured_media":40776,"comment_status":"closed","ping_status":"closed","template":"","meta":{"_seopress_robots_primary_cat":"none","_seopress_titles_title":"","_seopress_titles_desc":"","_seopress_robots_index":""},"product_brand":[],"product_cat":[1510,30801],"product_tag":[30804,30802,30803],"class_list":{"0":"post-40775","1":"product","2":"type-product","3":"status-publish","4":"has-post-thumbnail","6":"product_cat-informatique","7":"product_cat-tablettes","8":"product_tag-android","9":"product_tag-tablette","10":"product_tag-tablettes","12":"first","13":"instock","14":"sold-individually","15":"shipping-taxable","16":"purchasable","17":"product-type-simple"},"_links":{"self":[{"href":"https:\/\/shop24.lu\/fr\/wp-json\/wp\/v2\/product\/40775","targetHints":{"allow":["GET"]}}],"collection":[{"href":"https:\/\/shop24.lu\/fr\/wp-json\/wp\/v2\/product"}],"about":[{"href":"https:\/\/shop24.lu\/fr\/wp-json\/wp\/v2\/types\/product"}],"replies":[{"embeddable":true,"href":"https:\/\/shop24.lu\/fr\/wp-json\/wp\/v2\/comments?post=40775"}],"wp:featuredmedia":[{"embeddable":true,"href":"https:\/\/shop24.lu\/fr\/wp-json\/wp\/v2\/media\/40776"}],"wp:attachment":[{"href":"https:\/\/shop24.lu\/fr\/wp-json\/wp\/v2\/media?parent=40775"}],"wp:term":[{"taxonomy":"product_brand","embeddable":true,"href":"https:\/\/shop24.lu\/fr\/wp-json\/wp\/v2\/product_brand?post=40775"},{"taxonomy":"product_cat","embeddable":true,"href":"https:\/\/shop24.lu\/fr\/wp-json\/wp\/v2\/product_cat?post=40775"},{"taxonomy":"product_tag","embeddable":true,"href":"https:\/\/shop24.lu\/fr\/wp-json\/wp\/v2\/product_tag?post=40775"}],"curies":[{"name":"wp","href":"https:\/\/api.w.org\/{rel}","templated":true}]}}