{"id":40780,"date":"2021-12-29T22:51:28","date_gmt":"2021-12-29T20:51:28","guid":{"rendered":"https:\/\/shop24.lu\/?post_type=product&#038;p=40780"},"modified":"2023-12-25T16:58:52","modified_gmt":"2023-12-25T14:58:52","slug":"terra-pad-1162-n4120-w10-pro","status":"publish","type":"product","link":"https:\/\/shop24.lu\/fr\/product\/terra-pad-1162-n4120-w10-pro\/","title":{"rendered":"TERRA PAD 1162 N5100 W11 Pro"},"content":{"rendered":"<p><strong>G\u00e9n\u00e9ralit\u00e9s<\/strong><br \/>\nProcesseur Processeur Intel\u00ae Celeron\u00ae N5100 (4M Cache, jusqu&rsquo;\u00e0 2.80 GHz)<br \/>\nSyst\u00e8me d&rsquo;exploitation Windows 11 Pro<br \/>\n<strong>\u00c9cran<\/strong><br \/>\nR\u00e9solution d&rsquo;\u00e9cran 1920 x 1080 pixels<br \/>\nTechnologie tactile Multi-Touch FHD Display<br \/>\nDiagonale d&rsquo;\u00e9cran 11.6 pouces<br \/>\n<strong>Processeur<\/strong><br \/>\nFamille de processeurs Quad Core<br \/>\n<strong>M\u00e9moire<\/strong><br \/>\nM\u00e9moire RAM 4 Go<br \/>\n<strong>Performances<\/strong><br \/>\nS\u00e9rie Business<br \/>\nGPS non<br \/>\n<strong>Contenu de la livraison<\/strong><br \/>\nAccessoires fournis Adaptateur secteur (36W, 12V, 3A)<br \/>\n<strong>Connexions et interfaces<\/strong><br \/>\nInterface 1 x USB-C 3.1 Gen1 (PD\/DP)<br \/>\n2 x USB 3.0<br \/>\nMicroHDMI<br \/>\nCasque<br \/>\nLecteur de cartes (cartes micro SD,max.256GB)<br \/>\nNombre de ports HDMI Micro HDMI<br \/>\n<strong>Poids et dimensions<\/strong><br \/>\nhauteur 9 mm<br \/>\nlargeur 290.4 mm<br \/>\nprofondeur 179.3 mm<br \/>\nPoids 800 g<br \/>\n<strong>Batterie<\/strong><br \/>\nBatterie (dur\u00e9e d&rsquo;utilisation de la batterie) 6 h<br \/>\nTechnologie de la batterie Lithium-Polym\u00e8re 38Wh<br \/>\n<strong>R\u00e9seau<\/strong><br \/>\nNorme 4G non<br \/>\nNormes WLAN IEEE 802.11 b\/g\/n\/ac<br \/>\nBluetooth 4.2<br \/>\n<strong>Support de stockage<\/strong><br \/>\nCapacit\u00e9 de m\u00e9moire interne 64 Go<br \/>\n<strong>Appareil photo<\/strong><br \/>\nR\u00e9solution de la cam\u00e9ra arri\u00e8re (num\u00e9rique) 5 MP<br \/>\nR\u00e9solution de la cam\u00e9ra avant (num\u00e9rique) 2 MP<\/p>\n<p>&nbsp;<\/p>\n","protected":false},"excerpt":{"rendered":"<p>Processeur Processeur Intel\u00ae Celeron\u00ae N4120 (4M Cache, jusqu&rsquo;\u00e0 2.60 GHz)<br \/>\nSyst\u00e8me d&rsquo;exploitation <strong>Windows 10 Pro<\/strong><\/p>\n","protected":false},"featured_media":40781,"comment_status":"closed","ping_status":"closed","template":"","meta":{"_seopress_robots_primary_cat":"none","_seopress_titles_title":"","_seopress_titles_desc":"","_seopress_robots_index":""},"product_brand":[],"product_cat":[1510,30801],"product_tag":[30825,30827,30828,1231,30802,30793,30826,30805,30823],"class_list":{"0":"post-40780","1":"product","2":"type-product","3":"status-publish","4":"has-post-thumbnail","6":"product_cat-informatique","7":"product_cat-tablettes","8":"product_tag-econcet","9":"product_tag-ipad","10":"product_tag-pad","11":"product_tag-tablet","12":"product_tag-tablette","13":"product_tag-terra","14":"product_tag-win10","15":"product_tag-windows","16":"product_tag-wortmann","18":"first","19":"instock","20":"featured","21":"sold-individually","22":"shipping-taxable","23":"purchasable","24":"product-type-simple"},"_links":{"self":[{"href":"https:\/\/shop24.lu\/fr\/wp-json\/wp\/v2\/product\/40780","targetHints":{"allow":["GET"]}}],"collection":[{"href":"https:\/\/shop24.lu\/fr\/wp-json\/wp\/v2\/product"}],"about":[{"href":"https:\/\/shop24.lu\/fr\/wp-json\/wp\/v2\/types\/product"}],"replies":[{"embeddable":true,"href":"https:\/\/shop24.lu\/fr\/wp-json\/wp\/v2\/comments?post=40780"}],"wp:featuredmedia":[{"embeddable":true,"href":"https:\/\/shop24.lu\/fr\/wp-json\/wp\/v2\/media\/40781"}],"wp:attachment":[{"href":"https:\/\/shop24.lu\/fr\/wp-json\/wp\/v2\/media?parent=40780"}],"wp:term":[{"taxonomy":"product_brand","embeddable":true,"href":"https:\/\/shop24.lu\/fr\/wp-json\/wp\/v2\/product_brand?post=40780"},{"taxonomy":"product_cat","embeddable":true,"href":"https:\/\/shop24.lu\/fr\/wp-json\/wp\/v2\/product_cat?post=40780"},{"taxonomy":"product_tag","embeddable":true,"href":"https:\/\/shop24.lu\/fr\/wp-json\/wp\/v2\/product_tag?post=40780"}],"curies":[{"name":"wp","href":"https:\/\/api.w.org\/{rel}","templated":true}]}}