{"id":40804,"date":"2021-12-22T21:01:27","date_gmt":"2021-12-22T19:01:27","guid":{"rendered":"https:\/\/shop24.lu\/?post_type=product&#038;p=40804"},"modified":"2022-07-11T14:27:37","modified_gmt":"2022-07-11T12:27:37","slug":"terra-led-3280w-silver-white-curved-dp-hdmi","status":"publish","type":"product","link":"https:\/\/shop24.lu\/fr\/product\/terra-led-3280w-silver-white-curved-dp-hdmi\/","title":{"rendered":"TERRA LED 3280W silver\/white CURVED DP\/HDMI"},"content":{"rendered":"<p><strong>Confort et pur plaisir visuel dans un design CURVED !<\/strong><\/p>\n<p>Le nouveau TERRA LCD\/LED 3280W au design CURVED sans cadre avec r\u00e9solution WQHD et technologie de dalle Advanced VA offre un travail ergonomique ainsi qu&rsquo;une exp\u00e9rience visuelle captivante dans le monde de la t\u00e9l\u00e9vision, du cin\u00e9ma, de la vid\u00e9o et des jeux.<\/p>\n<p>Gr\u00e2ce \u00e0 un rayon de courbure de 1800 mm, le grand \u00e9cran de 31,5&Prime; cr\u00e9e un champ de vision large et complet, adapt\u00e9 \u00e0 la forme naturelle des yeux, ce qui soulage les yeux et permet un travail agr\u00e9able et sans fatigue. De plus, la technologie Flicker-Free, qui m\u00e9nage les yeux, assure un r\u00e9tro\u00e9clairage continu sans aucun scintillement.<\/p>\n<p>En combinaison avec la technologie de dalle Advanced VA, vous profitez d&rsquo;un plaisir visuel particulier pour tous les contenus multim\u00e9dias. Les taux de contraste dynamiques allant jusqu&rsquo;\u00e0 30 000 000:1 garantissent des images d&rsquo;un noir profond ou d&rsquo;un blanc lumineux ainsi qu&rsquo;une repr\u00e9sentation brillante des couleurs.<\/p>\n<p>La technologie AMD FreeSync\u2122 et des taux de rafra\u00eechissement d&rsquo;image jusqu&rsquo;\u00e0 144Hz apportent plus de vie \u00e0 vos applications et jeux gr\u00e2ce \u00e0 des mouvements particuli\u00e8rement fluides et des images fluides.<br \/>\nhttps:\/\/www.amd.com\/en\/products\/freesync-monitors<\/p>\n<p>La triple connexion de signal (DVI, HDMI et DisplayPort) permet de connecter facilement tous les appareils multim\u00e9dias tels que les PC, les consoles de jeux, les lecteurs Blu-Ray, etc. Le son peut \u00eatre transmis num\u00e9riquement aux haut-parleurs int\u00e9gr\u00e9s en mode HDMI ou DisplayPort.<\/p>\n<p>Outre le design CURVED \u00e9lanc\u00e9 et les bords lat\u00e9raux particuli\u00e8rement fins, le pied en aluminium ainsi que le bo\u00eetier argent\u00e9 et blanc sont les points forts visuels du TERRA LCD\/LED 3280W. Gr\u00e2ce \u00e0 son logement VESA, il peut \u00eatre mont\u00e9 sur divers supports muraux, de table ou de plafond.<\/p>\n<p>Compatibilit\u00e9 de l&rsquo;interface :<br \/>\n&#8211; HDMI : jusqu&rsquo;\u00e0 2560&#215;1440, audio num\u00e9rique ou analogique<br \/>\n&#8211; Duallink-DVI : jusqu&rsquo;\u00e0 2560&#215;1440, audio analogique<br \/>\n&#8211; Displayport : jusqu&rsquo;\u00e0 2560&#215;1440, audio num\u00e9rique ou analogique<\/p>\n<p><strong>\u00c9cran<\/strong><br \/>\nDiagonale d&rsquo;\u00e9cran 31.5 pouces<br \/>\nDiagonale d&rsquo;\u00e9cran (cm) 80.0 cm<br \/>\nR\u00e9solution d&rsquo;\u00e9cran 2560 x 1440 (WQHD)<br \/>\nLuminosit\u00e9 250 cd\/m\u00b2.<br \/>\nTemps de r\u00e9ponse 5 ms (G\/G)<br \/>\nAngle d&rsquo;inclinaison \u00e0 l&rsquo;arri\u00e8re 15 \u00b0.<br \/>\nAngle d&rsquo;inclinaison \u00e0 l&rsquo;avant 5 \u00b0.<br \/>\n\u00c9cran antireflet Oui<br \/>\nNombre de couleurs de l&rsquo;\u00e9cran 16,7 millions de couleurs<br \/>\nTaille des pixels 0.2724 mm<br \/>\nTaux de contraste 30.000.000:1 (DCR)<br \/>\nAngle de vision, horizontal 178 \u00b0.<br \/>\nAngle de vision, vertical 178 \u00b0.<br \/>\nRapport d&rsquo;aspect 16:9<br \/>\nType de r\u00e9tro\u00e9clairage R\u00e9tro\u00e9clairage LED<br \/>\nTechnologie du panneau Advanced VA<br \/>\n<strong>Connexions et interfaces<\/strong><br \/>\nInterface DVI (Duallink) HDMI Displayport 1.2<br \/>\nEntr\u00e9e audio PC jack 3.5mm (Line in)<br \/>\nHDCP Oui<br \/>\n<strong>Design<\/strong><br \/>\nCouleur du produit argent \/ blanc<br \/>\n<strong>Poids et dimensions<\/strong><br \/>\nHauteur (pied inclus) 50.5 cm<br \/>\nLargeur (pied inclus) 71.3 cm<br \/>\nProfondeur (pied inclus) 17.7 cm<br \/>\nPoids (pied inclus) 6.1 kg<br \/>\nhauteur 41.9 cm<br \/>\nlargeur 71.3 cm<br \/>\nprofondeur 8.5 cm<br \/>\nPoids 5.2 kg<br \/>\n<strong>Puissance<\/strong><br \/>\nConsommation \u00e9lectrique (\u00e9teint) &lt; 0.5 W<br \/>\nConsommation \u00e9lectrique (en veille) &lt; 0.5 W<br \/>\nClasse d&rsquo;efficacit\u00e9 \u00e9nerg\u00e9tique F (classe A selon l&rsquo;ancienne classification \u00e9nerg\u00e9tique jusqu&rsquo;\u00e0 02\/2021)<br \/>\nPuissance nominale 32 W<br \/>\nTension d&rsquo;entr\u00e9e AC 100 &#8211; 240 V, 50 &#8211; 60 Hz<br \/>\nAlimentation \u00e9lectrique Interne<br \/>\n<strong>Ergonomie<\/strong><br \/>\nVerrou Kensington Oui<br \/>\nR\u00e9glage de la hauteur Non<br \/>\nPivot Non<br \/>\nInterface de montage VESA 100 x 100 mm<br \/>\nPlug &amp; Play DDC 1\/2B\/CI<br \/>\n<strong>Certifications<\/strong><br \/>\nConformit\u00e9 aux normes industrielles CE, Energy Star 7.0<br \/>\nCertifi\u00e9 Energy Star Oui<br \/>\n<strong>Autres caract\u00e9ristiques<\/strong><br \/>\nCaract\u00e9ristiques sp\u00e9ciales &#8211; CURVED Design avec un rayon d&rsquo;arc de 1800mm<br \/>\n&#8211; Sans cadre<br \/>\n&#8211; Technologie de dalle VA avanc\u00e9e<br \/>\n&#8211; R\u00e9solution WQHD 2560&#215;1440<br \/>\n&#8211; FreeSync<br \/>\n&#8211; Taux de rafra\u00eechissement de 144 Hz<br \/>\n&#8211; R\u00e9tro-\u00e9clairage LED sans scintillement (Flicker-Free)<br \/>\n&#8211; Fonction anti-lumi\u00e8re bleue, r\u00e9glable par acc\u00e8s DeepL<br \/>\n&#8211; Pied en aluminium<br \/>\n&#8211; Fonctionnement multi-ordinateur possible (1x DVI, 1x HDMI, 1x Displayport, commutation par combinaison de touches)<br \/>\n<strong>Multim\u00e9dia<\/strong><br \/>\nHaut-parleurs int\u00e9gr\u00e9s Oui, 2x 3 watts<br \/>\n<strong>Thin Client<\/strong><br \/>\nMontage de client l\u00e9ger Non<br \/>\n<strong>Contenu de la livraison<\/strong><br \/>\nAccessoires fournis C\u00e2ble d&rsquo;alimentation, c\u00e2ble Displayport, c\u00e2ble audio, mode d&#8217;emploi sur CD (D, UK, F, ES, IT, RUS)<br \/>\n<strong>D\u00e9tails techniques<\/strong><br \/>\nGarantie du fabricant 24 mois de garantie avec service d&rsquo;\u00e9change sur site<br \/>\nHotline de service : 05744 \/ 944-595<\/p>\n","protected":false},"excerpt":{"rendered":"<p>Diagonale d&rsquo;\u00e9cran de <strong>31,5 pouces<\/strong><br \/>\n<strong>2560 x 1440 (WQHD)<\/strong> R\u00e9solution d&rsquo;\u00e9cran<br \/>\nRapport d&rsquo;aspect 16:9<br \/>\nTechnologie de la dalle Advanced VA<br \/>\nPort d&rsquo;affichage 1.2 DVI (Duallink) Interface HDMI<\/p>\n","protected":false},"featured_media":40805,"comment_status":"closed","ping_status":"closed","template":"","meta":{"_seopress_robots_primary_cat":"none","_seopress_titles_title":"","_seopress_titles_desc":"","_seopress_robots_index":""},"product_brand":[],"product_cat":[30813,1510],"product_tag":[30819,30820,30818,30816,30821,30824,30814,30822,30815,148,30793,30823,30817],"class_list":{"0":"post-40804","1":"product","2":"type-product","3":"status-publish","4":"has-post-thumbnail","6":"product_cat-ecrans","7":"product_cat-informatique","8":"product_tag-30819","9":"product_tag-30820","10":"product_tag-30818","11":"product_tag-bildschirm","12":"product_tag-dvi","13":"product_tag-econcept","14":"product_tag-ecran","15":"product_tag-hdmi","16":"product_tag-lcd","17":"product_tag-screen","18":"product_tag-terra","19":"product_tag-wortmann","20":"product_tag-wqhd","22":"first","23":"instock","24":"featured","25":"shipping-taxable","26":"purchasable","27":"product-type-simple"},"_links":{"self":[{"href":"https:\/\/shop24.lu\/fr\/wp-json\/wp\/v2\/product\/40804","targetHints":{"allow":["GET"]}}],"collection":[{"href":"https:\/\/shop24.lu\/fr\/wp-json\/wp\/v2\/product"}],"about":[{"href":"https:\/\/shop24.lu\/fr\/wp-json\/wp\/v2\/types\/product"}],"replies":[{"embeddable":true,"href":"https:\/\/shop24.lu\/fr\/wp-json\/wp\/v2\/comments?post=40804"}],"wp:featuredmedia":[{"embeddable":true,"href":"https:\/\/shop24.lu\/fr\/wp-json\/wp\/v2\/media\/40805"}],"wp:attachment":[{"href":"https:\/\/shop24.lu\/fr\/wp-json\/wp\/v2\/media?parent=40804"}],"wp:term":[{"taxonomy":"product_brand","embeddable":true,"href":"https:\/\/shop24.lu\/fr\/wp-json\/wp\/v2\/product_brand?post=40804"},{"taxonomy":"product_cat","embeddable":true,"href":"https:\/\/shop24.lu\/fr\/wp-json\/wp\/v2\/product_cat?post=40804"},{"taxonomy":"product_tag","embeddable":true,"href":"https:\/\/shop24.lu\/fr\/wp-json\/wp\/v2\/product_tag?post=40804"}],"curies":[{"name":"wp","href":"https:\/\/api.w.org\/{rel}","templated":true}]}}