{"id":40840,"date":"2021-12-28T22:41:10","date_gmt":"2021-12-28T20:41:10","guid":{"rendered":"https:\/\/shop24.lu\/?post_type=product&#038;p=40840"},"modified":"2025-05-22T11:40:50","modified_gmt":"2025-05-22T09:40:50","slug":"stylet-de-saisie-actif-pour-pad-1162-1262","status":"publish","type":"product","link":"https:\/\/shop24.lu\/fr\/product\/stylet-de-saisie-actif-pour-pad-1162-1262\/","title":{"rendered":"Stylet de saisie actif pour PAD 1162\/1262"},"content":{"rendered":"<p>Description : Stylet actif avec 2 boutons et dos actif. Reconna\u00eet, en combinaison avec le PAD, la distinction entre la paume de la main et la saisie au stylet. Mat\u00e9riau : aluminium (argent) Poids avec pile : 21g Dimensions : 9,5 x 142mm Pointe rempla\u00e7able : Non Accessoires : Pile AAAA<\/p>\n","protected":false},"excerpt":{"rendered":"<table id=\"ctl00_ctl00_ctl00_SiteContent_SiteContent_SiteContent_articleFeatureDisplayDetails_gridViewProductAttributes\" class=\"table table-condensed\" border=\"0\" cellspacing=\"0\">\n<tbody>\n<tr>\n<td class=\"col-xs-3\"><\/td>\n<td><strong>D\u00e9tails techniques<\/strong><\/td>\n<\/tr>\n<tr>\n<td class=\"col-xs-3\">Nombre de<\/td>\n<td>1<\/td>\n<\/tr>\n<tr>\n<td class=\"col-xs-3\">Couleur du produit<\/td>\n<td>Gris<\/td>\n<\/tr>\n<tr>\n<td class=\"col-xs-3\">Applicabilit\u00e9<\/td>\n<td>TERRA PAD 1162\/ 1262<\/td>\n<\/tr>\n<tr>\n<td class=\"col-xs-3\">Compatibilit\u00e9<\/td>\n<td>TERRA MOBILE PAD 1162\/ TERRA MOBILE PAD 1262<\/td>\n<\/tr>\n<tr>\n<td class=\"col-xs-3\">Batterie (type de batterie)<\/td>\n<td>AAAA<\/td>\n<\/tr>\n<\/tbody>\n<\/table>\n","protected":false},"featured_media":40842,"comment_status":"closed","ping_status":"closed","template":"","meta":{"_seopress_robots_primary_cat":"none","_seopress_titles_title":"","_seopress_titles_desc":"","_seopress_robots_index":""},"product_brand":[],"product_cat":[1506,1510,30801],"product_tag":[746,260,30835,261,30836,30828,30834,867,30837,30793],"class_list":{"0":"post-40840","1":"product","2":"type-product","3":"status-publish","4":"has-post-thumbnail","6":"product_cat-accessoires-informatiques","7":"product_cat-informatique","8":"product_cat-tablettes","9":"product_tag-active","10":"product_tag-grau","11":"product_tag-gray","12":"product_tag-gris","13":"product_tag-gro","14":"product_tag-pad","15":"product_tag-pad-1162","16":"product_tag-pen","17":"product_tag-stylus","18":"product_tag-terra","20":"first","21":"outofstock","22":"shipping-taxable","23":"purchasable","24":"product-type-simple"},"_links":{"self":[{"href":"https:\/\/shop24.lu\/fr\/wp-json\/wp\/v2\/product\/40840","targetHints":{"allow":["GET"]}}],"collection":[{"href":"https:\/\/shop24.lu\/fr\/wp-json\/wp\/v2\/product"}],"about":[{"href":"https:\/\/shop24.lu\/fr\/wp-json\/wp\/v2\/types\/product"}],"replies":[{"embeddable":true,"href":"https:\/\/shop24.lu\/fr\/wp-json\/wp\/v2\/comments?post=40840"}],"wp:featuredmedia":[{"embeddable":true,"href":"https:\/\/shop24.lu\/fr\/wp-json\/wp\/v2\/media\/40842"}],"wp:attachment":[{"href":"https:\/\/shop24.lu\/fr\/wp-json\/wp\/v2\/media?parent=40840"}],"wp:term":[{"taxonomy":"product_brand","embeddable":true,"href":"https:\/\/shop24.lu\/fr\/wp-json\/wp\/v2\/product_brand?post=40840"},{"taxonomy":"product_cat","embeddable":true,"href":"https:\/\/shop24.lu\/fr\/wp-json\/wp\/v2\/product_cat?post=40840"},{"taxonomy":"product_tag","embeddable":true,"href":"https:\/\/shop24.lu\/fr\/wp-json\/wp\/v2\/product_tag?post=40840"}],"curies":[{"name":"wp","href":"https:\/\/api.w.org\/{rel}","templated":true}]}}