{"id":40850,"date":"2021-12-29T19:45:49","date_gmt":"2021-12-29T17:45:49","guid":{"rendered":"https:\/\/shop24.lu\/?post_type=product&#038;p=40850"},"modified":"2022-04-24T20:29:11","modified_gmt":"2022-04-24T18:29:11","slug":"terra-pc-home-6000","status":"publish","type":"product","link":"https:\/\/shop24.lu\/fr\/product\/terra-pc-home-6000\/","title":{"rendered":"TERRA PC-HOME 6000"},"content":{"rendered":"<p><strong>G\u00e9n\u00e9ralit\u00e9s<\/strong><br \/>\nProcesseur Intel Core i5 (11e g\u00e9n\u00e9ration) 11400 \/ 2.6 GHz (12 MB Smart Cache, max. 4.4 GHz avec Intel Turbo Boost Technology)<br \/>\nSyst\u00e8me d&rsquo;exploitation Windows 11 Home<br \/>\n<strong>Logiciel<\/strong><br \/>\nLogiciel pr\u00e9install\u00e9 1 mois d&rsquo;essai pour les nouveaux clients Microsoft\u00ae 365<br \/>\n<strong>Processeur<\/strong><br \/>\nFamille de processeurs Core i5<br \/>\nNombre de c\u0153urs de processeur Hexa-Core (6 c\u0153urs)<br \/>\nSocle de processeur FCLGA1200 Socket<br \/>\nNombre de processeurs 1<br \/>\n<strong>M\u00e9moire<\/strong><br \/>\nM\u00e9moire RAM 16 Go<br \/>\nDisposition de la m\u00e9moire 2 x 8 Go<br \/>\nM\u00e9moire RAM 64 Go maximum<br \/>\nFr\u00e9quence d&rsquo;horloge de la m\u00e9moire 3200 MHz<br \/>\nType de m\u00e9moire interne DDR4 SDRAM<br \/>\nEmplacements m\u00e9moire 2 pi\u00e8ce(s)<br \/>\nFacteur de forme de la m\u00e9moire DIMM 288-PIN<br \/>\n<strong>Support de stockage<\/strong><br \/>\nCapacit\u00e9 de stockage totale 500 Go<br \/>\nInterface HDD 4x ports SATA 6Gb\/s, 1x slot M.2 (Key M) (supporte PCIe 3.0 x4)<br \/>\nNiveau RAID Pas de support Raid<br \/>\nLecteur de carte int\u00e9gr\u00e9 multifonction<br \/>\nInterface SSD PCIe (NVMe)<br \/>\nCapacit\u00e9 de stockage SSD 500 Go<br \/>\nCapacit\u00e9 du disque dur 1 x 500 Go &#8211; SSD<br \/>\nCartes m\u00e9moire compatibles Carte m\u00e9moire SD, carte m\u00e9moire SDHC<br \/>\nSupport de stockage SSD M.2<br \/>\n<strong>Performances<\/strong><br \/>\nS\u00e9rie Home<br \/>\nType de produit Ordinateur personnel<br \/>\nNiveau sonore 23,8 dB en mode inactif<br \/>\nCanaux audio 8 canaux<br \/>\nCarte m\u00e8re Chipset Intel H510<br \/>\nSyst\u00e8me audio Haute D\u00e9finition Audio<br \/>\n<strong>Design<\/strong><br \/>\nType de bo\u00eetier Midi Tower<br \/>\nCertification Assemblage selon ISO9001 en Allemagne<br \/>\nCompatibilit\u00e9 : SMBios (DMI), EnergyStar (Valid only for U.S.), EN62368-1, EN55032, EN55035, EN61000-3-2\/3, EN62623, 89\/336\/ECC<br \/>\nLe produit r\u00e9pond aux crit\u00e8res du RAL UZ 78 (Ange bleu).<br \/>\nFacteur de forme du clavier TERRA Keyboard by Cherry<br \/>\n<strong>Clavier<\/strong><br \/>\nTechnique de transmission C\u00e2ble<br \/>\nInterface de l&rsquo;appareil USB<br \/>\n<strong>D\u00e9tails techniques<\/strong><br \/>\nLocalisation Allemagne\/ Autriche\/ Luxembourg<br \/>\n<strong>Contenu de la livraison<\/strong><br \/>\nAccessoires fournis Guide de d\u00e9marrage rapide, c\u00e2ble d&rsquo;alimentation<br \/>\nDisposition du <strong>clavier<\/strong> en <strong>allemand<\/strong><br \/>\n<strong>Emplacements d&rsquo;extension<\/strong><br \/>\nEmplacements d&rsquo;extension 1x slot PCIe 4.0 (11th Gen) \/3.0 (10th Gen) x16, 2x slots PCIe 3.0 x1<br \/>\nLes processeurs Intel 11th Gen supportent PCIe 4.0 x16. Processeurs 10th Gen support PCIe 3.0 x16<br \/>\n<strong>Poids et dimensions<\/strong><br \/>\nhauteur 44 cm<br \/>\nlargeur 18 cm<br \/>\nprofondeur 42 cm<br \/>\nPoids 10 kg<br \/>\n<strong>Autres fonctions<\/strong><br \/>\nNombre de tiroirs d&rsquo;extension 1 accessible par l&rsquo;avant &#8211; 13.3 cm ( 5.25&Prime; )<br \/>\n2 accessibles par l&rsquo;avant &#8211; 8.9 cm ( 3.5&Prime; )<br \/>\n2 interne &#8211; 8.9 cm ( 3.5&Prime;\/ 2.5&Prime; avec adaptateur)<br \/>\n1 interne 6.4 cm (pour SSD 2.5&Prime;)<br \/>\nInterface 4x ports USB 3.2 Gen 1 (2x en fa\u00e7ade), 6x ports USB 2.0 (2x en fa\u00e7ade)\/ (tous de type A)<br \/>\n1x DisplayPort, 1x D-Sub (VGA), 1x HDMI, 1x LAN RJ5, 3x audio, 2x PS\/2<br \/>\n<strong>En option<\/strong> : 1x COM<br \/>\nSyst\u00e8mes d&rsquo;exploitation compatibles Windows 10, Windows 11<br \/>\nFabricant de la carte m\u00e8re Asus Prime H510M-A<br \/>\nConformit\u00e9 aux normes industrielles Cet appareil est class\u00e9 comme \u00e9quipement de technologie de l&rsquo;information (ITE) de classe B et est principalement destin\u00e9 \u00e0 un usage r\u00e9sidentiel ou de bureau. Le marquage CE atteste de la conformit\u00e9 aux directives europ\u00e9ennes suivantes : (1) Directive CEM 2004\/108\/CE Compatibilit\u00e9 \u00e9lectromagn\u00e9tique (2) Directive basse tension 2006\/95\/CE Mat\u00e9riel \u00e9lectrique destin\u00e9 \u00e0 \u00eatre employ\u00e9 dans certaines limites de tension.<br \/>\nCaract\u00e9ristiques sp\u00e9ciales TPM 2.0<br \/>\nD\u00e9marrage s\u00e9curis\u00e9<br \/>\n4x USB en fa\u00e7ade<br \/>\n<strong>Souris<\/strong><br \/>\nSouris incluse TERRA Wheel optical by Cherry<br \/>\n<strong>Graphique<\/strong><br \/>\nInterfaces graphiques 1x DP, 1x HDMI, 1x VGA<br \/>\nSupporte le double monitoring<br \/>\nM\u00e9moire de l&rsquo;adaptateur graphique int\u00e9gr\u00e9 Dynamique<br \/>\nAdaptateur graphique int\u00e9gr\u00e9 R\u00e9solution maximale HDMI 4096 x 2160 @ 60Hz (CPU 11th Gen), 4096 x 2160 @ 24Hz (CPU 10th Gen)<br \/>\nDP 4096 x 2304 @60Hz<br \/>\nVGA max. 1920&#215;1200<br \/>\nCarte graphique Intel UHD Graphics 730 (1130 MHz)<br \/>\nMod\u00e8le d&rsquo;adaptateur graphique embarqu\u00e9 Intel UHD Graphics 730 (1130 MHz)<br \/>\n<strong>Puissance<\/strong><br \/>\nSource d&rsquo;\u00e9nergie Bloc d&rsquo;alimentation ATX meets 80 Plus Bronze, adapt\u00e9 \u00e0 un fonctionnement standard max. 60 heures\/semaine<br \/>\nEfficacit\u00e9 \u00e9nerg\u00e9tique \u00e0 charge 10 % \/ 20 % \/ 50 % \/ 100 %) : 82 % \/ 82 % \/ 85 % \/ 82 %.<br \/>\nConsommation \u00e9lectrique (en veille) \u00d8 1,8 watt (mode S3, Suspend to RAM, WOL activ\u00e9)<br \/>\nPuissance d&rsquo;entr\u00e9e maximale 350 Watt<br \/>\nPuissance nominale \u00d8 33 watts<br \/>\n\u00d8 116 kWh par an (TEC = Typical Energy Consumption)<br \/>\nPour plus d&rsquo;informations sur la consommation \u00e9lectrique, voir www.wortmann.de\/green et\/ou les liens rapides vers ce produit (si disponibles).<br \/>\nBloc d&rsquo;alimentation Tension d&rsquo;entr\u00e9e courant alternatif 230 V ( 50 Hz )<br \/>\n<strong>Conditions de fonctionnement<\/strong><br \/>\nPlage de temp\u00e9rature en fonctionnement 5 \u00b0C &#8211; 35 \u00b0C<br \/>\nPlage d&rsquo;humidit\u00e9 recommand\u00e9e 10-75% (sans condensation)<br \/>\n<strong>R\u00e9seau<\/strong><br \/>\nPort Ethernet int\u00e9gr\u00e9 Adaptateur r\u00e9seau &#8211; int\u00e9gr\u00e9<br \/>\nContr\u00f4leur LAN Intel I219V, WOL\/PXE<br \/>\nProtocoles de liaison de donn\u00e9es Ethernet<br \/>\nFast Ethernet<br \/>\nGigabit Ethernet<br \/>\nLecteur optique<br \/>\nLecteur optique &#8211; type DVD\u00b1RW<br \/>\nP\u00e9riph\u00e9rique d&rsquo;entr\u00e9e<br \/>\nTechnologie de d\u00e9tection de mouvement Optique<br \/>\nInterface du p\u00e9riph\u00e9rique USB<\/p>\n","protected":false},"excerpt":{"rendered":"<p>&#8211;<strong> Intel Core i5<\/strong> (11e g\u00e9n\u00e9ration) 11400 \/ 2,6 GHz (12 Mo Smart Cache, max. 4,4 GHz avec Intel Turbo Boost Technology)<br \/>\n&#8211; <strong>Windows 11<\/strong> Home<br \/>\n&#8211; <strong>16 Go<\/strong> de m\u00e9moire RAM<br \/>\n&#8211; S\u00e9rie Home<br \/>\n&#8211; Intel UHD Graphics 730 (1130 MHz)<br \/>\n&#8211; Capacit\u00e9 du disque dur 1 x <strong>500 Go &#8211; SSD<\/strong><\/p>\n","protected":false},"featured_media":40852,"comment_status":"closed","ping_status":"closed","template":"","meta":{"_seopress_robots_primary_cat":"none","_seopress_titles_title":"","_seopress_titles_desc":"","_seopress_robots_index":""},"product_brand":[],"product_cat":[1510,82],"product_tag":[30843,30844,30840,30824,30799,30798,30839,138,30842,30845,30793,30841],"class_list":{"0":"post-40850","1":"product","2":"type-product","3":"status-publish","4":"has-post-thumbnail","6":"product_cat-informatique","7":"product_cat-ordinateurs","8":"product_tag-16gb","9":"product_tag-500gb","10":"product_tag-computer","11":"product_tag-econcept","12":"product_tag-i5","13":"product_tag-intel","14":"product_tag-ordinateur","15":"product_tag-pc","16":"product_tag-qwertz","17":"product_tag-ssd","18":"product_tag-terra","19":"product_tag-win11","21":"first","22":"instock","23":"featured","24":"shipping-taxable","25":"purchasable","26":"product-type-simple"},"_links":{"self":[{"href":"https:\/\/shop24.lu\/fr\/wp-json\/wp\/v2\/product\/40850","targetHints":{"allow":["GET"]}}],"collection":[{"href":"https:\/\/shop24.lu\/fr\/wp-json\/wp\/v2\/product"}],"about":[{"href":"https:\/\/shop24.lu\/fr\/wp-json\/wp\/v2\/types\/product"}],"replies":[{"embeddable":true,"href":"https:\/\/shop24.lu\/fr\/wp-json\/wp\/v2\/comments?post=40850"}],"wp:featuredmedia":[{"embeddable":true,"href":"https:\/\/shop24.lu\/fr\/wp-json\/wp\/v2\/media\/40852"}],"wp:attachment":[{"href":"https:\/\/shop24.lu\/fr\/wp-json\/wp\/v2\/media?parent=40850"}],"wp:term":[{"taxonomy":"product_brand","embeddable":true,"href":"https:\/\/shop24.lu\/fr\/wp-json\/wp\/v2\/product_brand?post=40850"},{"taxonomy":"product_cat","embeddable":true,"href":"https:\/\/shop24.lu\/fr\/wp-json\/wp\/v2\/product_cat?post=40850"},{"taxonomy":"product_tag","embeddable":true,"href":"https:\/\/shop24.lu\/fr\/wp-json\/wp\/v2\/product_tag?post=40850"}],"curies":[{"name":"wp","href":"https:\/\/api.w.org\/{rel}","templated":true}]}}