{"id":40857,"date":"2021-12-29T19:51:37","date_gmt":"2021-12-29T17:51:37","guid":{"rendered":"https:\/\/shop24.lu\/?post_type=product&#038;p=40857"},"modified":"2022-01-04T00:27:34","modified_gmt":"2022-01-03T22:27:34","slug":"terra-pc-micro-3000-silent-greenline-mui","status":"publish","type":"product","link":"https:\/\/shop24.lu\/fr\/product\/terra-pc-micro-3000-silent-greenline-mui\/","title":{"rendered":"TERRA PC-MICRO 3000 SILENT GREENLINE MUI"},"content":{"rendered":"<table id=\"ctl00_ctl00_ctl00_SiteContent_SiteContent_SiteContent_articleFeatureDisplayDetails_gridViewProductAttributes\" class=\"table table-condensed\" border=\"0\" cellspacing=\"0\">\n<tbody>\n<tr>\n<td><strong>G\u00e9n\u00e9ralit\u00e9s<\/strong><\/td>\n<\/tr>\n<tr>\n<td class=\"col-xs-3\">Processeur<\/td>\n<td>Processeur Intel\u00ae Celeron\u00ae J4005 (4M Cache, jusqu&rsquo;\u00e0 2.70 GHz)<\/td>\n<\/tr>\n<tr>\n<td class=\"col-xs-3\">Syst\u00e8me d&rsquo;exploitation<\/td>\n<td>Windows 10 Home Mise \u00e0 jour gratuite vers Windows 11 si disponible*<\/td>\n<\/tr>\n<tr>\n<td class=\"col-xs-3\"><\/td>\n<td><strong>Logiciel<\/strong><\/td>\n<\/tr>\n<tr>\n<td class=\"col-xs-3\">logiciels pr\u00e9install\u00e9s<\/td>\n<td>1 mois d&rsquo;essai pour les nouveaux clients Microsoft\u00ae 365<\/td>\n<\/tr>\n<tr>\n<td class=\"col-xs-3\"><\/td>\n<td><strong>Processeur<\/strong><\/td>\n<\/tr>\n<tr>\n<td class=\"col-xs-3\">Famille de processeur<\/td>\n<td>Celeron<\/td>\n<\/tr>\n<tr>\n<td class=\"col-xs-3\">Nombre de c\u0153urs de processeur<\/td>\n<td>Double c\u0153ur (2 c\u0153urs)<\/td>\n<\/tr>\n<tr>\n<td class=\"col-xs-3\">Nombre de processeurs<\/td>\n<td>1<\/td>\n<\/tr>\n<tr>\n<td class=\"col-xs-3\"><\/td>\n<td><strong>M\u00e9moire<\/strong><\/td>\n<\/tr>\n<tr>\n<td class=\"col-xs-3\">M\u00e9moire RAM<\/td>\n<td>4 GO<\/td>\n<\/tr>\n<tr>\n<td class=\"col-xs-3\">Disposition de la m\u00e9moire<\/td>\n<td>1 x 4 Go<\/td>\n<\/tr>\n<tr>\n<td class=\"col-xs-3\">M\u00e9moire RAM maximale<\/td>\n<td>8 GO<\/td>\n<\/tr>\n<tr>\n<td class=\"col-xs-3\">Type de m\u00e9moire interne<\/td>\n<td>DDR4<\/td>\n<\/tr>\n<tr>\n<td class=\"col-xs-3\">Emplacements m\u00e9moire<\/td>\n<td>2<\/td>\n<\/tr>\n<tr>\n<td class=\"col-xs-3\">Facteur de forme de la m\u00e9moire<\/td>\n<td>SO-DIMM, 260 p\u00f4les<\/td>\n<\/tr>\n<tr>\n<td class=\"col-xs-3\"><\/td>\n<td><strong>Support de stockage<\/strong><\/td>\n<\/tr>\n<tr>\n<td class=\"col-xs-3\">Capacit\u00e9 de m\u00e9moire totale<\/td>\n<td>240 GO<\/td>\n<\/tr>\n<tr>\n<td class=\"col-xs-3\">Interface du disque dur<\/td>\n<td>SATA 6Gb\/s<\/td>\n<\/tr>\n<tr>\n<td class=\"col-xs-3\">Interface SSD<\/td>\n<td>SATA<\/td>\n<\/tr>\n<tr>\n<td class=\"col-xs-3\">Capacit\u00e9 de stockage SSD<\/td>\n<td>240 GO<\/td>\n<\/tr>\n<tr>\n<td class=\"col-xs-3\">Capacit\u00e9 du disque dur<\/td>\n<td>1 x 240 Go &#8211; SSD<\/td>\n<\/tr>\n<tr>\n<td class=\"col-xs-3\">Cartes m\u00e9moire compatibles<\/td>\n<td>Carte m\u00e9moire SDXC<\/td>\n<\/tr>\n<tr>\n<td class=\"col-xs-3\">Nombre de slots<\/td>\n<td>1<\/td>\n<\/tr>\n<tr>\n<td class=\"col-xs-3\">Support de stockage<\/td>\n<td>SSD 2.5<\/td>\n<\/tr>\n<tr>\n<td class=\"col-xs-3\"><\/td>\n<td><strong>Performances<\/strong><\/td>\n<\/tr>\n<tr>\n<td class=\"col-xs-3\">S\u00e9rie<\/td>\n<td>Home Micro\/ Mini Format<\/td>\n<\/tr>\n<tr>\n<td class=\"col-xs-3\">Type de produit<\/td>\n<td>Ordinateur personnel<\/td>\n<\/tr>\n<tr>\n<td class=\"col-xs-3\">Canaux audio<\/td>\n<td>St\u00e9r\u00e9o<\/td>\n<\/tr>\n<tr>\n<td class=\"col-xs-3\">Syst\u00e8me audio<\/td>\n<td>Audio haute d\u00e9finition<\/td>\n<\/tr>\n<tr>\n<td class=\"col-xs-3\"><\/td>\n<td><strong>Design<\/strong><\/td>\n<\/tr>\n<tr>\n<td class=\"col-xs-3\">Type de bo\u00eetier<\/td>\n<td>Micro format<\/td>\n<\/tr>\n<tr>\n<td class=\"col-xs-3\">Certification<\/td>\n<td>Assemblage selon ISO9001 en Allemagne Compatibilit\u00e9 : SMBios (DMI), EnergyStar (Valid only for U.S.), EN60950, EN55022,EN55024, EN61000-3-2\/3, 89\/336\/ECC<\/td>\n<\/tr>\n<tr>\n<td class=\"col-xs-3\">Facteur de forme du clavier<\/td>\n<td>En option<\/td>\n<\/tr>\n<tr>\n<td class=\"col-xs-3\"><\/td>\n<td><strong>D\u00e9tails techniques<\/strong><\/td>\n<\/tr>\n<tr>\n<td class=\"col-xs-3\">Localisation<\/td>\n<td>International<\/td>\n<\/tr>\n<tr>\n<td class=\"col-xs-3\"><\/td>\n<td><strong>Contenu de la livraison<\/strong><\/td>\n<\/tr>\n<tr>\n<td class=\"col-xs-3\">Accessoires fournis<\/td>\n<td>Guide d&rsquo;installation rapide, adaptateur secteur, support VESA pour \u00e9cran LCD<\/td>\n<\/tr>\n<tr>\n<td class=\"col-xs-3\"><\/td>\n<td><strong>Poids et dimensions<\/strong><\/td>\n<\/tr>\n<tr>\n<td class=\"col-xs-3\">Hauteur<\/td>\n<td>5.16 cm<\/td>\n<\/tr>\n<tr>\n<td class=\"col-xs-3\">Largeur<\/td>\n<td>11.5 cm<\/td>\n<\/tr>\n<tr>\n<td class=\"col-xs-3\">Profondeur<\/td>\n<td>11.1 cm<\/td>\n<\/tr>\n<tr>\n<td class=\"col-xs-3\">Poids<\/td>\n<td>1.3 kg<\/td>\n<\/tr>\n<tr>\n<td class=\"col-xs-3\"><\/td>\n<td><strong>Autres fonctions<\/strong><\/td>\n<\/tr>\n<tr>\n<td class=\"col-xs-3\">Nombre de tiroirs d&rsquo;extension<\/td>\n<td>1 interne &#8211; 2.5&Prime; pour SSD<\/td>\n<\/tr>\n<tr>\n<td class=\"col-xs-3\">Interface<\/td>\n<td>4x USB 3.0 (2x \u00e0 l&rsquo;avant ; 2x \u00e0 l&rsquo;arri\u00e8re) 1x RJ45 1x DC in 2x HDMI<\/td>\n<\/tr>\n<tr>\n<td class=\"col-xs-3\">Syst\u00e8mes d&rsquo;exploitation compatibles<\/td>\n<td>Windows 10 (64 bits)<\/td>\n<\/tr>\n<tr>\n<td class=\"col-xs-3\">Refroidissement<\/td>\n<td>Actif<\/td>\n<\/tr>\n<tr>\n<td class=\"col-xs-3\">Caract\u00e9ristiques sp\u00e9ciales<\/td>\n<td>Verrouillage Kensington Micro frontal \u00e0 double rang\u00e9e<\/td>\n<\/tr>\n<tr>\n<td class=\"col-xs-3\"><\/td>\n<td><strong>Souris<\/strong><\/td>\n<\/tr>\n<tr>\n<td class=\"col-xs-3\">Souris incluse<\/td>\n<td>En option<\/td>\n<\/tr>\n<tr>\n<td class=\"col-xs-3\"><\/td>\n<td><strong>Graphique<\/strong><\/td>\n<\/tr>\n<tr>\n<td class=\"col-xs-3\">Interfaces graphiques<\/td>\n<td>2 x HDMI Supporte le double monitoring<\/td>\n<\/tr>\n<tr>\n<td class=\"col-xs-3\">Adaptateur graphique int\u00e9gr\u00e9 R\u00e9solution maximale<\/td>\n<td>Max. 4096 x 2160 @ 60 Hz<\/td>\n<\/tr>\n<tr>\n<td class=\"col-xs-3\">Carte graphique<\/td>\n<td>Intel HD Graphics 600<\/td>\n<\/tr>\n<tr>\n<td class=\"col-xs-3\">Mod\u00e8le d&rsquo;adaptateur graphique embarqu\u00e9<\/td>\n<td>Int\u00e9gr\u00e9<\/td>\n<\/tr>\n<tr>\n<td class=\"col-xs-3\">Adaptateur graphique int\u00e9gr\u00e9<\/td>\n<td>Int\u00e9gr\u00e9<\/td>\n<\/tr>\n<tr>\n<td class=\"col-xs-3\"><\/td>\n<td><strong>Puissance<\/strong><\/td>\n<\/tr>\n<tr>\n<td class=\"col-xs-3\">Source d&rsquo;alimentation<\/td>\n<td>Alimentation externe sans ventilateur<\/td>\n<\/tr>\n<tr>\n<td class=\"col-xs-3\">Consommation \u00e9lectrique (en veille)<\/td>\n<td>\u00d8 0,67 watt (mode S3. Suspend to RAM. WOL activ\u00e9) 0.43 Watt Soft off (mode S5) W<\/td>\n<\/tr>\n<tr>\n<td class=\"col-xs-3\">Puissance d&rsquo;entr\u00e9e maximale<\/td>\n<td>36 watts<\/td>\n<\/tr>\n<tr>\n<td class=\"col-xs-3\">Puissance nominale<\/td>\n<td>\u00d8 4.69 Watt mode inactif \u00d8 19,58 kWh par an (TEC = Typical Energy Consumption)<\/td>\n<\/tr>\n<tr>\n<td class=\"col-xs-3\">Bloc d&rsquo;alimentation Tension d&rsquo;entr\u00e9e<\/td>\n<td>Courant alternatif 100\/240 V ( 50\/60 Hz )<\/td>\n<\/tr>\n<tr>\n<td class=\"col-xs-3\"><\/td>\n<td><strong>Conditions de fonctionnement<\/strong><\/td>\n<\/tr>\n<tr>\n<td class=\"col-xs-3\">Plage de temp\u00e9rature en fonctionnement<\/td>\n<td>0 \u00b0C &#8211; 40 \u00b0C<\/td>\n<\/tr>\n<tr>\n<td class=\"col-xs-3\"><\/td>\n<td><strong>R\u00e9seau<\/strong><\/td>\n<\/tr>\n<tr>\n<td class=\"col-xs-3\">Connexion Ethernet int\u00e9gr\u00e9e<\/td>\n<td>Adaptateur r\u00e9seau &#8211; int\u00e9gr\u00e9<\/td>\n<\/tr>\n<tr>\n<td class=\"col-xs-3\">Contr\u00f4leur LAN<\/td>\n<td>Realtek RTL8111H, 10\/100\/1000 Mbps, WOL\/PXE<\/td>\n<\/tr>\n<tr>\n<td class=\"col-xs-3\">Normes WLAN<\/td>\n<td>Intel Wireless-AC 9462 Bande de fr\u00e9quence : 2.4 GHz + 5 GHz<\/td>\n<\/tr>\n<tr>\n<td class=\"col-xs-3\">Protocoles de liaison de donn\u00e9es<\/td>\n<td>Ethernet, Fast Ethernet, Gigabit Ethernet, IEEE 802.11b, IEEE 802.11g, IEEE 802.11n Bluetooth 5.0<\/td>\n<\/tr>\n<tr>\n<td class=\"col-xs-3\"><\/td>\n<td><strong>Lecteur optique<\/strong><\/td>\n<\/tr>\n<tr>\n<td class=\"col-xs-3\">Lecteur optique &#8211; type<\/td>\n<td>Sans lecteur optique<\/td>\n<\/tr>\n<tr>\n<td class=\"col-xs-3\"><\/td>\n<td><strong>Remarques<\/strong><\/td>\n<\/tr>\n<tr>\n<td class=\"col-xs-3\">Informations compl\u00e9mentaires<\/td>\n<td>*Le processus de mise \u00e0 niveau est en phase de finalisation et devrait commencer fin 2021. Le d\u00e9roulement et le calendrier exacts peuvent varier en fonction de l&rsquo;appareil. Les exigences minimales pour une mise \u00e0 jour gratuite sont disponibles sur : https:\/\/www.microsoft.com\/de-de\/windows\/windows-11-specifications<\/td>\n<\/tr>\n<\/tbody>\n<\/table>\n","protected":false},"excerpt":{"rendered":"<p>Le TERRA MicroPC dans un bo\u00eetier extr\u00eamement compact et peu encombrant de seulement 0,6 litre. Puissant et silencieux gr\u00e2ce \u00e0 l&rsquo;utilisation d&rsquo;un Solid-state-Drive (SSD). Kit de montage VESA inclus pour le montage \u00e0 l&rsquo;arri\u00e8re sur un \u00e9cran appropri\u00e9.<\/p>\n<ul>\n<li>Processeur <strong>Intel\u00ae Celeron\u00ae J4005<\/strong> (4M Cache, jusqu&rsquo;\u00e0 2.70 GHz)<\/li>\n<li><strong>Windows 10 Home<\/strong> (Mise \u00e0 jour gratuite vers Windows 11 si disponible*)<\/li>\n<li><strong>4 Go<\/strong> de m\u00e9moire RAM<\/li>\n<li>S\u00e9rie Home Micro\/ Mini Format<\/li>\n<li>Intel HD Graphics 600<\/li>\n<li>Capacit\u00e9 du disque dur 1 x <strong>240 Go &#8211; SSD<\/strong><\/li>\n<\/ul>\n","protected":false},"featured_media":40859,"comment_status":"closed","ping_status":"closed","template":"","meta":{"_seopress_robots_primary_cat":"none","_seopress_titles_title":"","_seopress_titles_desc":"","_seopress_robots_index":""},"product_brand":[],"product_cat":[1510,82],"product_tag":[30847,30840,30848,1539,30839,138,30846,30845,30793],"class_list":{"0":"post-40857","1":"product","2":"type-product","3":"status-publish","4":"has-post-thumbnail","6":"product_cat-informatique","7":"product_cat-ordinateurs","8":"product_tag-240gb","9":"product_tag-computer","10":"product_tag-ddr4","11":"product_tag-micro","12":"product_tag-ordinateur","13":"product_tag-pc","14":"product_tag-silent","15":"product_tag-ssd","16":"product_tag-terra","18":"first","19":"instock","20":"shipping-taxable","21":"purchasable","22":"product-type-simple"},"_links":{"self":[{"href":"https:\/\/shop24.lu\/fr\/wp-json\/wp\/v2\/product\/40857","targetHints":{"allow":["GET"]}}],"collection":[{"href":"https:\/\/shop24.lu\/fr\/wp-json\/wp\/v2\/product"}],"about":[{"href":"https:\/\/shop24.lu\/fr\/wp-json\/wp\/v2\/types\/product"}],"replies":[{"embeddable":true,"href":"https:\/\/shop24.lu\/fr\/wp-json\/wp\/v2\/comments?post=40857"}],"wp:featuredmedia":[{"embeddable":true,"href":"https:\/\/shop24.lu\/fr\/wp-json\/wp\/v2\/media\/40859"}],"wp:attachment":[{"href":"https:\/\/shop24.lu\/fr\/wp-json\/wp\/v2\/media?parent=40857"}],"wp:term":[{"taxonomy":"product_brand","embeddable":true,"href":"https:\/\/shop24.lu\/fr\/wp-json\/wp\/v2\/product_brand?post=40857"},{"taxonomy":"product_cat","embeddable":true,"href":"https:\/\/shop24.lu\/fr\/wp-json\/wp\/v2\/product_cat?post=40857"},{"taxonomy":"product_tag","embeddable":true,"href":"https:\/\/shop24.lu\/fr\/wp-json\/wp\/v2\/product_tag?post=40857"}],"curies":[{"name":"wp","href":"https:\/\/api.w.org\/{rel}","templated":true}]}}