{"id":42669,"date":"2022-01-03T23:19:50","date_gmt":"2022-01-03T21:19:50","guid":{"rendered":"https:\/\/shop24.lu\/?post_type=product&#038;p=42669"},"modified":"2022-01-04T00:26:58","modified_gmt":"2022-01-03T22:26:58","slug":"byebyecellulite-200ml","status":"publish","type":"product","link":"https:\/\/shop24.lu\/fr\/product\/byebyecellulite-200ml\/","title":{"rendered":"ByeByeCellulite 200ml"},"content":{"rendered":"<p>Combinaison d\u2019ingr\u00e9dients actifs qui peuvent am\u00e9liorer l\u2019aspect de la cellulite rapidement et de fa\u00e7on durable. Apr\u00e8s 1 semaine environ, rougeur initiale et sensation de chaleur s\u2019estompent, signe de l\u2019efficacit\u00e9 s\u2019instaure.<\/p>\n<p>Gr\u00e2ce \u00e0 l\u2019interaction de mati\u00e8res premi\u00e8res hautement concentr\u00e9es, les capitons peuvent \u00eatre visiblement \u00e9quilibr\u00e9s et harmonis\u00e9s. L\u2019aspect de la cellulite peut \u00eatre att\u00e9nu\u00e9.<\/p>\n<p><iframe title=\"InShape.lu - ByeByeCellulite LU (04.2017)\" width=\"1020\" height=\"574\" src=\"https:\/\/www.youtube.com\/embed\/wfxLfvL4hS4?feature=oembed\" frameborder=\"0\" allow=\"accelerometer; autoplay; clipboard-write; encrypted-media; gyroscope; picture-in-picture; web-share\" allowfullscreen><\/iframe><\/p>\n<p>ByeByeCellulite contient des mati\u00e8res premi\u00e8res v\u00e9g\u00e9tales uniques avec un concept actif sur 6 \u00e9tapes: Effets:<\/p>\n<p>Augmentation visible de la micro-circulation (rougeur de la peau).<br \/>\nRessentiment de chaleur.<br \/>\nAm\u00e9liorer l\u2019apport nutritif<br \/>\nLisser la peau<br \/>\nRaffermissant la structure de la peau<br \/>\nHarmonisation de l\u2019image de la peau<\/p>\n<p>Contenu: 200 ml \/ 6,76 fl.oz<\/p>\n","protected":false},"excerpt":{"rendered":"<p>Ce pack d&rsquo;\u00e9nergie ph\u00e9nom\u00e9nal contient des ingr\u00e9dients actifs tr\u00e8s efficaces dans une combinaison particuli\u00e8re et d\u00e9ploie son effet 3D dans un processus en 6 \u00e9tapes.<\/p>\n","protected":false},"featured_media":42677,"comment_status":"closed","ping_status":"closed","template":"","meta":{"_seopress_robots_primary_cat":"none","_seopress_titles_title":"","_seopress_titles_desc":"","_seopress_robots_index":""},"product_brand":[],"product_cat":[60,30855],"product_tag":[30849,30850,578,30854,30852,30853,30851],"class_list":{"0":"post-42669","1":"product","2":"type-product","3":"status-publish","4":"has-post-thumbnail","6":"product_cat-beaute","7":"product_cat-cosmetique","8":"product_tag-bye","9":"product_tag-byebye","10":"product_tag-cellulite","11":"product_tag-cosmetic","12":"product_tag-dr","13":"product_tag-effect","14":"product_tag-juchheim","16":"first","17":"instock","18":"featured","19":"shipping-taxable","20":"product-type-external"},"_links":{"self":[{"href":"https:\/\/shop24.lu\/fr\/wp-json\/wp\/v2\/product\/42669","targetHints":{"allow":["GET"]}}],"collection":[{"href":"https:\/\/shop24.lu\/fr\/wp-json\/wp\/v2\/product"}],"about":[{"href":"https:\/\/shop24.lu\/fr\/wp-json\/wp\/v2\/types\/product"}],"replies":[{"embeddable":true,"href":"https:\/\/shop24.lu\/fr\/wp-json\/wp\/v2\/comments?post=42669"}],"wp:featuredmedia":[{"embeddable":true,"href":"https:\/\/shop24.lu\/fr\/wp-json\/wp\/v2\/media\/42677"}],"wp:attachment":[{"href":"https:\/\/shop24.lu\/fr\/wp-json\/wp\/v2\/media?parent=42669"}],"wp:term":[{"taxonomy":"product_brand","embeddable":true,"href":"https:\/\/shop24.lu\/fr\/wp-json\/wp\/v2\/product_brand?post=42669"},{"taxonomy":"product_cat","embeddable":true,"href":"https:\/\/shop24.lu\/fr\/wp-json\/wp\/v2\/product_cat?post=42669"},{"taxonomy":"product_tag","embeddable":true,"href":"https:\/\/shop24.lu\/fr\/wp-json\/wp\/v2\/product_tag?post=42669"}],"curies":[{"name":"wp","href":"https:\/\/api.w.org\/{rel}","templated":true}]}}