{"id":42678,"date":"2022-01-03T23:34:23","date_gmt":"2022-01-03T21:34:23","guid":{"rendered":"https:\/\/shop24.lu\/?post_type=product&#038;p=42678"},"modified":"2022-01-03T23:37:18","modified_gmt":"2022-01-03T21:37:18","slug":"lipo-sculp","status":"publish","type":"product","link":"https:\/\/shop24.lu\/fr\/product\/lipo-sculp\/","title":{"rendered":"Lipo Sculp 200ml"},"content":{"rendered":"<div class=\"product-desc-content\">\n<p>L&rsquo;interaction de ces substances actives contribue \u00e0 la r\u00e9duction du volume et de la substance de la peau, les structures sont renforc\u00e9es et harmonis\u00e9es.<\/p>\n<p>L&rsquo;effet de la cr\u00e8me puissante peut \u00eatre comparable \u00e0 un lifting du corps.<\/p>\n<\/div>\n<p><iframe title=\"InShape.lu - Lipo Sculp LU (01.2018)\" width=\"1020\" height=\"574\" src=\"https:\/\/www.youtube.com\/embed\/WiKMhCzfRZQ?feature=oembed\" frameborder=\"0\" allow=\"accelerometer; autoplay; clipboard-write; encrypted-media; gyroscope; picture-in-picture; web-share\" allowfullscreen><\/iframe><\/p>\n<p>Usage:<\/p>\n<div class=\"product-desc-content\">\n<ul class=\"ProdAnwList\">\n<li>appliquer 1-2x par jour sur la peau affect\u00e9e.<\/li>\n<li>Commencer avec une petite quantit\u00e9 de Lipo Sculp.<\/li>\n<li>Selon la tol\u00e9rance, la quantit\u00e9 par application peut \u00eatre augment\u00e9e.<\/li>\n<li>Apr\u00e8s 1 semaine, les rougeurs initiales de la peau et la sensation de chaleur disparaissent g\u00e9n\u00e9ralement, ce que signifie que l&rsquo;effet bat son plein.<\/li>\n<li>Si la sensation initiale de chaleur et de rougeur est trop forte, appliquez moins de cr\u00e8me la prochaine fois.<\/li>\n<\/ul>\n<\/div>\n","protected":false},"excerpt":{"rendered":"<p>La cr\u00e8me minceur<\/p>\n","protected":false},"featured_media":42680,"comment_status":"closed","ping_status":"closed","template":"","meta":{"_seopress_robots_primary_cat":"none","_seopress_titles_title":"","_seopress_titles_desc":"","_seopress_robots_index":""},"product_brand":[],"product_cat":[60,30855],"product_tag":[30854,30858,30859,30860,333,30852,30851,30856,30861,30857],"class_list":{"0":"post-42678","1":"product","2":"type-product","3":"status-publish","4":"has-post-thumbnail","6":"product_cat-beaute","7":"product_cat-cosmetique","8":"product_tag-cosmetic","9":"product_tag-cosmetics","10":"product_tag-cosmetique","11":"product_tag-cream","12":"product_tag-creme","13":"product_tag-dr","14":"product_tag-juchheim","15":"product_tag-lipo","16":"product_tag-minceur","17":"product_tag-sculp","19":"first","20":"instock","21":"shipping-taxable","22":"product-type-external"},"_links":{"self":[{"href":"https:\/\/shop24.lu\/fr\/wp-json\/wp\/v2\/product\/42678","targetHints":{"allow":["GET"]}}],"collection":[{"href":"https:\/\/shop24.lu\/fr\/wp-json\/wp\/v2\/product"}],"about":[{"href":"https:\/\/shop24.lu\/fr\/wp-json\/wp\/v2\/types\/product"}],"replies":[{"embeddable":true,"href":"https:\/\/shop24.lu\/fr\/wp-json\/wp\/v2\/comments?post=42678"}],"wp:featuredmedia":[{"embeddable":true,"href":"https:\/\/shop24.lu\/fr\/wp-json\/wp\/v2\/media\/42680"}],"wp:attachment":[{"href":"https:\/\/shop24.lu\/fr\/wp-json\/wp\/v2\/media?parent=42678"}],"wp:term":[{"taxonomy":"product_brand","embeddable":true,"href":"https:\/\/shop24.lu\/fr\/wp-json\/wp\/v2\/product_brand?post=42678"},{"taxonomy":"product_cat","embeddable":true,"href":"https:\/\/shop24.lu\/fr\/wp-json\/wp\/v2\/product_cat?post=42678"},{"taxonomy":"product_tag","embeddable":true,"href":"https:\/\/shop24.lu\/fr\/wp-json\/wp\/v2\/product_tag?post=42678"}],"curies":[{"name":"wp","href":"https:\/\/api.w.org\/{rel}","templated":true}]}}