{"id":42699,"date":"2022-01-03T23:49:29","date_gmt":"2022-01-03T21:49:29","guid":{"rendered":"https:\/\/shop24.lu\/?post_type=product&#038;p=42699"},"modified":"2022-01-03T23:49:29","modified_gmt":"2022-01-03T21:49:29","slug":"beauty-pen","status":"publish","type":"product","link":"https:\/\/shop24.lu\/fr\/product\/beauty-pen\/","title":{"rendered":"Beauty Pen"},"content":{"rendered":"<p>Faites l&rsquo;exp\u00e9rience d&rsquo;un changement extraordinaire, \u00e9tonnant, m\u00eame pour les rides profondes. Le Beauty Pen vous aide \u00e0 vous sentir mieux et plus jeune. En plus des petites rides, il lisse \u00e9galement les rides profondes gr\u00e2ce \u00e0 sa formule active sp\u00e9ciale et fait dispara\u00eetre les rides longitudinales (rides du sommeil). Il suffit de brosser l&rsquo;applicateur sur les rides g\u00eanantes et de le laisser absorber bri\u00e8vement.<\/p>\n<p>Des extraits de l&rsquo;\u00e9corce de l&rsquo;arbre \u00e0 soie chinois, l&rsquo;edelweiss, la gentiane et des peptides sp\u00e9ciaux agissent comme facteurs de stimulation du collag\u00e8ne et aident \u00e0 am\u00e9liorer l&rsquo;\u00e9lasticit\u00e9 de la peau. Le collag\u00e8ne v\u00e9g\u00e9tal peut instantan\u00e9ment repulper les rides et donner \u00e0 la peau une apparence plus jeune. L&rsquo;effet imm\u00e9diat dure des heures et peut gagner en durabilit\u00e9 d&rsquo;une application \u00e0 l&rsquo;autre.<\/p>\n<p>Laissez-vous inspirer par une peau plus belle et plus jeune !<\/p>\n<p class=\"ProductInfoHighlight\"><strong>Avertissement:<\/strong> Ne pas mettre en contact avec les yeux. Appliquez sur le coin externe de l&rsquo;\u0153il, \u00e0 l&rsquo;\u00e9cart de l&rsquo;\u0153il. En cas de contact avec les yeux, rincez-les imm\u00e9diatement \u00e0 l&rsquo;eau courante pendant 15 minutes. Veuillez vous tenir \u00e0 distance de l&rsquo;\u0153il.<\/p>\n","protected":false},"excerpt":{"rendered":"<p>Instant Pen &#8211; instantan\u00e9ment beau<\/p>\n<p>Emballage: 6 ml<\/p>\n","protected":false},"featured_media":42701,"comment_status":"closed","ping_status":"closed","template":"","meta":{"_seopress_robots_primary_cat":"","_seopress_titles_title":"","_seopress_titles_desc":"","_seopress_robots_index":""},"product_brand":[],"product_cat":[60,30855],"product_tag":[329,30858,30852,30853,30851,867,30868,30867],"class_list":{"0":"post-42699","1":"product","2":"type-product","3":"status-publish","4":"has-post-thumbnail","6":"product_cat-beaute","7":"product_cat-cosmetique","8":"product_tag-beauty","9":"product_tag-cosmetics","10":"product_tag-dr","11":"product_tag-effect","12":"product_tag-juchheim","13":"product_tag-pen","14":"product_tag-store","15":"product_tag-vip","17":"first","18":"instock","19":"shipping-taxable","20":"product-type-external"},"_links":{"self":[{"href":"https:\/\/shop24.lu\/fr\/wp-json\/wp\/v2\/product\/42699","targetHints":{"allow":["GET"]}}],"collection":[{"href":"https:\/\/shop24.lu\/fr\/wp-json\/wp\/v2\/product"}],"about":[{"href":"https:\/\/shop24.lu\/fr\/wp-json\/wp\/v2\/types\/product"}],"replies":[{"embeddable":true,"href":"https:\/\/shop24.lu\/fr\/wp-json\/wp\/v2\/comments?post=42699"}],"wp:featuredmedia":[{"embeddable":true,"href":"https:\/\/shop24.lu\/fr\/wp-json\/wp\/v2\/media\/42701"}],"wp:attachment":[{"href":"https:\/\/shop24.lu\/fr\/wp-json\/wp\/v2\/media?parent=42699"}],"wp:term":[{"taxonomy":"product_brand","embeddable":true,"href":"https:\/\/shop24.lu\/fr\/wp-json\/wp\/v2\/product_brand?post=42699"},{"taxonomy":"product_cat","embeddable":true,"href":"https:\/\/shop24.lu\/fr\/wp-json\/wp\/v2\/product_cat?post=42699"},{"taxonomy":"product_tag","embeddable":true,"href":"https:\/\/shop24.lu\/fr\/wp-json\/wp\/v2\/product_tag?post=42699"}],"curies":[{"name":"wp","href":"https:\/\/api.w.org\/{rel}","templated":true}]}}